{"id":4378,"date":"2025-09-18T18:01:08","date_gmt":"2025-09-18T15:01:08","guid":{"rendered":"https:\/\/gursk.ro\/shop\/?post_type=product&#038;p=4378"},"modified":"2026-04-19T12:25:56","modified_gmt":"2026-04-19T09:25:56","slug":"q-bone-grafting-10567","status":"publish","type":"product","link":"https:\/\/gursk.ro\/shop\/produs\/q-bone-grafting-10567\/","title":{"rendered":"Q-BONE GRAFTING 10567"},"content":{"rendered":"<p><span style=\"color: #000000;\">Trus\u0103 de osteosintez\u0103 pentru augmentare osoas\u0103 &#8211; o metoda chirurgical\u0103 de fixare a fragmentelor unui os fracturat cu ajutorul unui material dur metalic (\u0219uruburi sau pl\u0103ci) sau cu material resorbabil (\u00een special pentru fixare fragmentelor mici).\u00a0<\/span><\/p>\n<p><span style=\"color: #000000;\">Un set complet cuprinde urm\u0103toarele componente:<\/span><\/p>\n<p><a href=\"https:\/\/www.gurskmedica.ro\/?attachment_id=9434\" rel=\"attachment wp-att-9434 noopener\" target=\"_blank\"><img fetchpriority=\"high\" decoding=\"async\" class=\"alignnone size-full wp-image-9434\" src=\"https:\/\/www.gurskmedica.ro\/wp-content\/uploads\/2021\/07\/componente-Trinon-set-10567.png\" alt=\"\" width=\"593\" height=\"499\" \/><\/a><\/p>\n","protected":false},"excerpt":{"rendered":"<p><span style=\"color: #000000;\">Set complet \u0219uruburi: cutie, instrumente \u0219i 70 \u0219uruburi. Potrivit pentru metodele de augmentare pre-implantologice.<\/span><\/p>\n","protected":false},"featured_media":4418,"comment_status":"open","ping_status":"closed","template":"","meta":{"_kad_blocks_custom_css":"","_kad_blocks_head_custom_js":"","_kad_blocks_body_custom_js":"","_kad_blocks_footer_custom_js":"","_kadence_starter_templates_imported_post":false,"_kad_post_transparent":"","_kad_post_title":"","_kad_post_layout":"","_kad_post_sidebar_id":"","_kad_post_content_style":"","_kad_post_vertical_padding":"","_kad_post_feature":"","_kad_post_feature_position":"","_kad_post_header":false,"_kad_post_footer":false,"_kad_post_classname":""},"product_brand":[429],"product_cat":[25],"product_tag":[],"product_partner":[],"class_list":{"0":"post-4378","1":"product","2":"type-product","3":"status-publish","4":"has-post-thumbnail","6":"product_brand-trinon","7":"product_cat-instrumentar-stomatologie","9":"first","10":"outofstock","11":"taxable","12":"shipping-taxable","13":"purchasable","14":"product-type-simple","15":"entry","16":"content-bg","17":"loop-entry"},"taxonomy_info":{"product_brand":[{"value":429,"label":"TRINON"}],"product_cat":[{"value":25,"label":"Instrumentar stomatologie"}]},"featured_image_src_large":["https:\/\/gursk.ro\/shop\/wp-content\/uploads\/2021\/07\/q-bonegraftingset_01.jpg",500,333,false],"author_info":[],"comment_info":0,"_links":{"self":[{"href":"https:\/\/gursk.ro\/shop\/wp-json\/wp\/v2\/product\/4378","targetHints":{"allow":["GET"]}}],"collection":[{"href":"https:\/\/gursk.ro\/shop\/wp-json\/wp\/v2\/product"}],"about":[{"href":"https:\/\/gursk.ro\/shop\/wp-json\/wp\/v2\/types\/product"}],"replies":[{"embeddable":true,"href":"https:\/\/gursk.ro\/shop\/wp-json\/wp\/v2\/comments?post=4378"}],"wp:featuredmedia":[{"embeddable":true,"href":"https:\/\/gursk.ro\/shop\/wp-json\/wp\/v2\/media\/4418"}],"wp:attachment":[{"href":"https:\/\/gursk.ro\/shop\/wp-json\/wp\/v2\/media?parent=4378"}],"wp:term":[{"taxonomy":"product_brand","embeddable":true,"href":"https:\/\/gursk.ro\/shop\/wp-json\/wp\/v2\/product_brand?post=4378"},{"taxonomy":"product_cat","embeddable":true,"href":"https:\/\/gursk.ro\/shop\/wp-json\/wp\/v2\/product_cat?post=4378"},{"taxonomy":"product_tag","embeddable":true,"href":"https:\/\/gursk.ro\/shop\/wp-json\/wp\/v2\/product_tag?post=4378"},{"taxonomy":"product_partner","embeddable":true,"href":"https:\/\/gursk.ro\/shop\/wp-json\/wp\/v2\/product_partner?post=4378"}],"curies":[{"name":"wp","href":"https:\/\/api.w.org\/{rel}","templated":true}]}}