{"id":4332,"date":"2025-09-18T18:00:44","date_gmt":"2025-09-18T15:00:44","guid":{"rendered":"https:\/\/gursk.ro\/shop\/?post_type=product&#038;p=4332"},"modified":"2026-04-09T21:24:42","modified_gmt":"2026-04-09T18:24:42","slug":"silicone-insert-off-centered-autoclavabil","status":"publish","type":"product","link":"https:\/\/gursk.ro\/shop\/produs\/silicone-insert-off-centered-autoclavabil\/","title":{"rendered":"SILICONE INSERT (OFF-CENTERED) &#8211; AUTOCLAVABIL"},"content":{"rendered":"<p><span style=\"color: #000000;\">Aceast\u0103 inser\u021bie din silicon permite fabricarea bonturilor de vindecare Cervico \u0219i a st\u00e2lpilor de amprent\u0103 care au o parte a corpului descentrat\u0103 \u00een raport cu axa bontului temporar sau a st\u00e2lpului de amprent\u0103. Acest lucru este deosebit de util pentru implanturile plasate lingual, \u00een protocoalele de extrac\u021bie \u0219i implantare imediat\u0103.<\/span><\/p>\n","protected":false},"excerpt":{"rendered":"<p>Aceast\u0103 inser\u021bie din silicon permite fabricarea bonturilor de vindecare Cervico \u0219i a st\u00e2lpilor de amprent\u0103 care au o parte a corpului descentrat\u0103 \u00een raport cu axa bontului temporar sau a st\u00e2lpului de amprent\u0103. Acest lucru este deosebit de util pentru implanturile plasate lingual, \u00een protocoalele de extrac\u021bie \u0219i implantare imediat\u0103.<\/p>\n","protected":false},"featured_media":4394,"comment_status":"open","ping_status":"closed","template":"","meta":{"_kad_blocks_custom_css":"","_kad_blocks_head_custom_js":"","_kad_blocks_body_custom_js":"","_kad_blocks_footer_custom_js":"","_kadence_starter_templates_imported_post":false,"_kad_post_transparent":"","_kad_post_title":"","_kad_post_layout":"","_kad_post_sidebar_id":"","_kad_post_content_style":"","_kad_post_vertical_padding":"","_kad_post_feature":"","_kad_post_feature_position":"","_kad_post_header":false,"_kad_post_footer":false,"_kad_post_classname":""},"product_brand":[428],"product_cat":[25],"product_tag":[],"product_partner":[],"class_list":{"0":"post-4332","1":"product","2":"type-product","3":"status-publish","4":"has-post-thumbnail","6":"product_brand-cervico","7":"product_cat-instrumentar-stomatologie","9":"first","10":"instock","11":"taxable","12":"shipping-taxable","13":"purchasable","14":"product-type-simple","15":"entry","16":"content-bg","17":"loop-entry"},"taxonomy_info":{"product_brand":[{"value":428,"label":"CERVICO"}],"product_cat":[{"value":25,"label":"Instrumentar stomatologie"}]},"featured_image_src_large":["https:\/\/gursk.ro\/shop\/wp-content\/uploads\/2021\/06\/5213006651410_VPIMoldoffsetsiliconeinsert-1.png",600,400,false],"author_info":[],"comment_info":0,"_links":{"self":[{"href":"https:\/\/gursk.ro\/shop\/wp-json\/wp\/v2\/product\/4332","targetHints":{"allow":["GET"]}}],"collection":[{"href":"https:\/\/gursk.ro\/shop\/wp-json\/wp\/v2\/product"}],"about":[{"href":"https:\/\/gursk.ro\/shop\/wp-json\/wp\/v2\/types\/product"}],"replies":[{"embeddable":true,"href":"https:\/\/gursk.ro\/shop\/wp-json\/wp\/v2\/comments?post=4332"}],"wp:featuredmedia":[{"embeddable":true,"href":"https:\/\/gursk.ro\/shop\/wp-json\/wp\/v2\/media\/4394"}],"wp:attachment":[{"href":"https:\/\/gursk.ro\/shop\/wp-json\/wp\/v2\/media?parent=4332"}],"wp:term":[{"taxonomy":"product_brand","embeddable":true,"href":"https:\/\/gursk.ro\/shop\/wp-json\/wp\/v2\/product_brand?post=4332"},{"taxonomy":"product_cat","embeddable":true,"href":"https:\/\/gursk.ro\/shop\/wp-json\/wp\/v2\/product_cat?post=4332"},{"taxonomy":"product_tag","embeddable":true,"href":"https:\/\/gursk.ro\/shop\/wp-json\/wp\/v2\/product_tag?post=4332"},{"taxonomy":"product_partner","embeddable":true,"href":"https:\/\/gursk.ro\/shop\/wp-json\/wp\/v2\/product_partner?post=4332"}],"curies":[{"name":"wp","href":"https:\/\/api.w.org\/{rel}","templated":true}]}}