{"id":4328,"date":"2025-09-18T18:00:43","date_gmt":"2025-09-18T15:00:43","guid":{"rendered":"https:\/\/gursk.ro\/shop\/?post_type=product&#038;p=4328"},"modified":"2026-04-20T00:55:20","modified_gmt":"2026-04-19T21:55:20","slug":"piesa-contraunghi-cu-fibra-optica-11","status":"publish","type":"product","link":"https:\/\/gursk.ro\/shop\/produs\/piesa-contraunghi-cu-fibra-optica-11\/","title":{"rendered":"PIESA CONTRAUNGHI CU FIBR\u0102 OPTICA 1:1"},"content":{"rendered":"<p><span style=\"color: #000000;\">Piesele de m\u00e2n\u0103 contraunghi din seria MC01 sunt ergonomice, func\u021bionale \u0219i construite cu materiale de \u00eenalt\u0103 calitate pentru a rezista \u00een timp.\u00a0<\/span><\/p>\n<p><span style=\"color: #000000;\"><strong>Caracteristici principale<\/strong><\/span><\/p>\n<ul>\n<li><span style=\"color: #000000;\">Lucreaz\u0103 rapid \u0219i precis datorit\u0103 capului mic, axului \u0219i rulmen\u021bilor cu bile ceramice.<\/span><\/li>\n<li><span style=\"color: #000000;\">Ofer\u0103 fiabilitate crescut\u0103 datorit\u0103 pulveriz\u0103rii interne cu aer \u0219i ap\u0103 prin 3 orificii \u0219i a filtrului de ap\u0103 \u00eenlocuibil.<\/span><\/li>\n<li><span style=\"color: #000000;\">Iluminare perfect\u0103<\/span><\/li>\n<\/ul>\n<p><span style=\"color: #000000;\"><strong>Detalii tehnice<\/strong><\/span><\/p>\n<ul>\n<li><span style=\"color: #000000;\">U\u0219oare<\/span><\/li>\n<li><span style=\"color: #000000;\">Cap mic din o\u021bel inoxidabil<\/span><\/li>\n<li><span style=\"color: #000000;\">Efect de retragere foarte sc\u0103zut<\/span><\/li>\n<li><span style=\"color: #000000;\">Suprafa\u021b\u0103 antiderapant\u0103 \u0219i extra-rezistent\u0103<\/span><\/li>\n<li><span style=\"color: #000000;\">Sterilizabil p\u00e2n\u0103 la 135 \u00b0 C (275 \u00b0 F)<\/span><\/li>\n<li><span style=\"color: #000000;\">Se poate sp\u0103la cu termo-dezinfectant<\/span><\/li>\n<li><span style=\"color: #000000;\">Garan\u021bie de 18 luni<\/span><\/li>\n<\/ul>\n","protected":false},"excerpt":{"rendered":"<p><span style=\"color: #000000;\">Fabricate conform celor mai \u00eenalte standarde de calitate, aceste piese asigur\u0103 o eficien\u021b\u0103 opera\u021bional\u0103 maxim\u0103, protej\u00e2nd investi\u021bia medicului stomatolog.<\/span><\/p>\n","protected":false},"featured_media":4362,"comment_status":"open","ping_status":"closed","template":"","meta":{"_kad_blocks_custom_css":"","_kad_blocks_head_custom_js":"","_kad_blocks_body_custom_js":"","_kad_blocks_footer_custom_js":"","_kadence_starter_templates_imported_post":false,"_kad_post_transparent":"","_kad_post_title":"","_kad_post_layout":"","_kad_post_sidebar_id":"","_kad_post_content_style":"","_kad_post_vertical_padding":"","_kad_post_feature":"","_kad_post_feature_position":"","_kad_post_header":false,"_kad_post_footer":false,"_kad_post_classname":""},"product_brand":[402],"product_cat":[25],"product_tag":[],"product_partner":[],"class_list":{"0":"post-4328","1":"product","2":"type-product","3":"status-publish","4":"has-post-thumbnail","6":"product_brand-faro","7":"product_cat-instrumentar-stomatologie","9":"first","10":"outofstock","11":"taxable","12":"shipping-taxable","13":"purchasable","14":"product-type-simple","15":"entry","16":"content-bg","17":"loop-entry"},"taxonomy_info":{"product_brand":[{"value":402,"label":"FARO"}],"product_cat":[{"value":25,"label":"Instrumentar stomatologie"}]},"featured_image_src_large":["https:\/\/gursk.ro\/shop\/wp-content\/uploads\/2021\/06\/MC01-B.png",512,512,false],"author_info":[],"comment_info":0,"_links":{"self":[{"href":"https:\/\/gursk.ro\/shop\/wp-json\/wp\/v2\/product\/4328","targetHints":{"allow":["GET"]}}],"collection":[{"href":"https:\/\/gursk.ro\/shop\/wp-json\/wp\/v2\/product"}],"about":[{"href":"https:\/\/gursk.ro\/shop\/wp-json\/wp\/v2\/types\/product"}],"replies":[{"embeddable":true,"href":"https:\/\/gursk.ro\/shop\/wp-json\/wp\/v2\/comments?post=4328"}],"wp:featuredmedia":[{"embeddable":true,"href":"https:\/\/gursk.ro\/shop\/wp-json\/wp\/v2\/media\/4362"}],"wp:attachment":[{"href":"https:\/\/gursk.ro\/shop\/wp-json\/wp\/v2\/media?parent=4328"}],"wp:term":[{"taxonomy":"product_brand","embeddable":true,"href":"https:\/\/gursk.ro\/shop\/wp-json\/wp\/v2\/product_brand?post=4328"},{"taxonomy":"product_cat","embeddable":true,"href":"https:\/\/gursk.ro\/shop\/wp-json\/wp\/v2\/product_cat?post=4328"},{"taxonomy":"product_tag","embeddable":true,"href":"https:\/\/gursk.ro\/shop\/wp-json\/wp\/v2\/product_tag?post=4328"},{"taxonomy":"product_partner","embeddable":true,"href":"https:\/\/gursk.ro\/shop\/wp-json\/wp\/v2\/product_partner?post=4328"}],"curies":[{"name":"wp","href":"https:\/\/api.w.org\/{rel}","templated":true}]}}