{"id":4325,"date":"2025-09-18T18:00:43","date_gmt":"2025-09-18T15:00:43","guid":{"rendered":"https:\/\/gursk.ro\/shop\/?post_type=product&#038;p=4325"},"modified":"2026-04-05T17:54:19","modified_gmt":"2026-04-05T14:54:19","slug":"distilator-droppy-s-faro-730100","status":"publish","type":"product","link":"https:\/\/gursk.ro\/shop\/produs\/distilator-droppy-s-faro-730100\/","title":{"rendered":"Distilator Droppy-S, Faro, 730100"},"content":{"rendered":"<p>Distilatorul Droppy-S de la FARO este proiectat pentru a asigura puritatea total\u0103 a apei necesare \u00een procesele de sterilizare. Acesta este capabil s\u0103 purifice 3 litri de ap\u0103 \u00een mai pu\u021bin de 5 ore, fiind ideal pentru utilizarea cu autoclave. Sistemul utilizeaz\u0103 filtre de carbon activ pentru a elimina p\u00e2n\u0103 la 99% din materialele dizolvate, asigur\u00e2nd astfel o ap\u0103 de \u00eenalt\u0103 calitate.<\/p>\n<p>&nbsp;<\/p>\n<p><strong>Caracteristici principale:<\/strong><\/p>\n<ul>\n<li><strong>Capacitate de purificare:<\/strong> 3 litri de ap\u0103 \u00een mai pu\u021bin de 5 ore.<\/li>\n<li><strong>Sistem de filtrare:<\/strong> 6 filtre de carbon activ pentru eliminarea impurit\u0103\u021bilor.<\/li>\n<li><strong>Func\u021bie de oprire automat\u0103:<\/strong> Distilatorul se opre\u0219te automat la finalul ciclului de purificare.<\/li>\n<li><strong>Accesorii incluse:<\/strong> Caraf\u0103 de 4 litri.<\/li>\n<li><strong>Dimensiuni:<\/strong> \u00d8 23 cm, \u00een\u0103l\u021bime 36 cm.<\/li>\n<li><strong>Greutate:<\/strong> 3,5 kg.<\/li>\n<li><strong>Perfect pentru a alimenta o autoclav\u0103<\/strong><\/li>\n<\/ul>\n<p>Droppy-S este echipat cu func\u021bii avansate care asigur\u0103 un proces de purificare eficient \u0219i f\u0103r\u0103 complica\u021bii, fiind un dispozitiv indispensabil pentru orice cabinet stomatologic care necesit\u0103 ap\u0103 purificat\u0103 de \u00eenalt\u0103 calitate pentru sterilizarea echipamentelor.<\/p>\n<p>La sf\u00e2r\u0219itul procesului de purificare distilatorul Droppy-S se opre\u0219te automat.<\/p>\n<p>&nbsp;<\/p>\n","protected":false},"excerpt":{"rendered":"<p>Distilatorul Droppy-S de la FARO este un sistem de purificare a apei rapid \u0219i eficient, ideal pentru alimentarea autoclavelor. Poate produce 3 litri de ap\u0103 purificat\u0103 \u00een mai pu\u021bin de 5 ore, elimin\u00e2nd p\u00e2n\u0103 la 99% din substan\u021bele dizolvate. Include 6 filtre de carbon \u0219i o caraf\u0103 de 4 litri, av\u00e2nd func\u021bie de oprire automat\u0103 la finalul ciclului de purificare.<\/p>\n","protected":false},"featured_media":4359,"comment_status":"open","ping_status":"closed","template":"","meta":{"_kad_blocks_custom_css":"","_kad_blocks_head_custom_js":"","_kad_blocks_body_custom_js":"","_kad_blocks_footer_custom_js":"","_kadence_starter_templates_imported_post":false,"_kad_post_transparent":"default","_kad_post_title":"","_kad_post_layout":"default","_kad_post_sidebar_id":"","_kad_post_content_style":"default","_kad_post_vertical_padding":"default","_kad_post_feature":"","_kad_post_feature_position":"","_kad_post_header":false,"_kad_post_footer":false,"_kad_post_classname":""},"product_brand":[402],"product_cat":[54,134],"product_tag":[469],"product_partner":[],"class_list":{"0":"post-4325","1":"product","2":"type-product","3":"status-publish","4":"has-post-thumbnail","6":"product_brand-faro","7":"product_cat-echipamente-stomatologice","8":"product_cat-sisteme-si-aparate-sterilizare","9":"product_tag-onlineorder","11":"first","12":"instock","13":"taxable","14":"shipping-taxable","15":"purchasable","16":"product-type-simple","17":"entry","18":"content-bg","19":"loop-entry"},"taxonomy_info":{"product_brand":[{"value":402,"label":"FARO"}],"product_cat":[{"value":54,"label":"Echipamente Stomatologice"},{"value":134,"label":"Sisteme sterilizare \/ Aparate sterilizare"}],"product_tag":[{"value":469,"label":"#onlineorder"}]},"featured_image_src_large":["https:\/\/gursk.ro\/shop\/wp-content\/uploads\/2021\/06\/730100-DISTILATOR-DROPPY-S.png",811,811,false],"author_info":[],"comment_info":0,"_links":{"self":[{"href":"https:\/\/gursk.ro\/shop\/wp-json\/wp\/v2\/product\/4325","targetHints":{"allow":["GET"]}}],"collection":[{"href":"https:\/\/gursk.ro\/shop\/wp-json\/wp\/v2\/product"}],"about":[{"href":"https:\/\/gursk.ro\/shop\/wp-json\/wp\/v2\/types\/product"}],"replies":[{"embeddable":true,"href":"https:\/\/gursk.ro\/shop\/wp-json\/wp\/v2\/comments?post=4325"}],"wp:featuredmedia":[{"embeddable":true,"href":"https:\/\/gursk.ro\/shop\/wp-json\/wp\/v2\/media\/4359"}],"wp:attachment":[{"href":"https:\/\/gursk.ro\/shop\/wp-json\/wp\/v2\/media?parent=4325"}],"wp:term":[{"taxonomy":"product_brand","embeddable":true,"href":"https:\/\/gursk.ro\/shop\/wp-json\/wp\/v2\/product_brand?post=4325"},{"taxonomy":"product_cat","embeddable":true,"href":"https:\/\/gursk.ro\/shop\/wp-json\/wp\/v2\/product_cat?post=4325"},{"taxonomy":"product_tag","embeddable":true,"href":"https:\/\/gursk.ro\/shop\/wp-json\/wp\/v2\/product_tag?post=4325"},{"taxonomy":"product_partner","embeddable":true,"href":"https:\/\/gursk.ro\/shop\/wp-json\/wp\/v2\/product_partner?post=4325"}],"curies":[{"name":"wp","href":"https:\/\/api.w.org\/{rel}","templated":true}]}}