{"id":4142,"date":"2025-09-18T17:59:11","date_gmt":"2025-09-18T14:59:11","guid":{"rendered":"https:\/\/gursk.ro\/shop\/?post_type=product&#038;p=4142"},"modified":"2026-04-30T10:24:25","modified_gmt":"2026-04-30T07:24:25","slug":"surub-pt-bontul-insurubabil-angulat-asasc2023","status":"publish","type":"product","link":"https:\/\/gursk.ro\/shop\/produs\/surub-pt-bontul-insurubabil-angulat-asasc2023\/","title":{"rendered":"SURUB PT. BONTUL INSURUBABIL ANGULAT, ASASC2023"},"content":{"rendered":"<p>\u0218urubul pentru bontul \u00een\u0219urubabil angulat ASASC2023 de la Dentium este special conceput pentru a oferi o solu\u021bie flexibil\u0103 \u0219i sigur\u0103 \u00een cadrul procedurilor de implantologie dentar\u0103. Acest \u0219urub este fabricat din materiale biocompatibile de \u00eenalt\u0103 calitate, asigur\u00e2nd durabilitate \u0219i compatibilitate maxim\u0103 cu \u021besuturile orale. Designul s\u0103u angulat permite o adaptare optim\u0103 \u00een zonele cu acces dificil, oferind o stabilitate excelent\u0103 \u0219i o integrare precis\u0103.<\/p>\n<p>Caracteristici principale:<\/p>\n<ul>\n<li>Design angulat pentru acces optim \u00een zonele dificile<\/li>\n<li>Realizat din materiale biocompatibile \u0219i durabile<\/li>\n<li>Potrivire precis\u0103 \u0219i conexiune sigur\u0103<\/li>\n<li>Instalare u\u0219oar\u0103 \u0219i rapid\u0103<\/li>\n<li>Compatibilitate perfect\u0103 cu sistemele de implanturi Dentium<\/li>\n<\/ul>\n<p>\u0218urubul pentru bontul \u00een\u0219urubabil angulat ASASC2023 este ideal pentru cazurile complexe unde adaptabilitatea \u0219i precizia sunt esen\u021biale. Aleg\u00e2nd acest produs, v\u0103 asigura\u021bi c\u0103 pacien\u021bii dvs. beneficiaz\u0103 de solu\u021bii sigure \u0219i eficiente, contribuind la succesul pe termen lung al procedurilor de implant.<\/p>\n","protected":false},"excerpt":{"rendered":"<div class=\"flex flex-grow flex-col max-w-full\">\n<div class=\"min-h-[20px] text-message flex flex-col items-start whitespace-pre-wrap break-words [.text-message+&amp;]:mt-5 juice:w-full juice:items-end overflow-x-auto gap-2\" dir=\"auto\" data-message-author-role=\"assistant\" data-message-id=\"e8031389-ef13-47a7-a533-61f0c0005460\">\n<div class=\"flex w-full flex-col gap-1 juice:empty:hidden juice:first:pt-[3px]\">\n<div class=\"markdown prose w-full break-words dark:prose-invert dark\">\n<p>\u0218urubul pentru bontul \u00een\u0219urubabil angulat ASASC2023 ofer\u0103 o solu\u021bie flexibil\u0103 \u0219i precis\u0103 pentru procedurile de implant dentar. Fabricat din materiale biocompatibile de \u00eenalt\u0103 calitate, asigur\u0103 o conexiune stabil\u0103 \u0219i durabil\u0103, fiind ideal pentru zonele cu acces dificil. Compatibil cu sistemele Dentium, acest \u0219urub faciliteaz\u0103 o instalare u\u0219oar\u0103 \u0219i rapid\u0103.<\/p>\n<\/div>\n<\/div>\n<\/div>\n<\/div>\n<div class=\"mt-1 flex gap-3 empty:hidden juice:-ml-3\">\n<div class=\"items-center justify-start rounded-xl p-1 flex\">\n<div class=\"flex items-center\"><button class=\"rounded-lg text-token-text-secondary hover:bg-token-main-surface-secondary\">\u00a0<\/button><\/div>\n<\/div>\n<\/div>\n","protected":false},"featured_media":4177,"comment_status":"closed","ping_status":"closed","template":"","meta":{"_kad_blocks_custom_css":"","_kad_blocks_head_custom_js":"","_kad_blocks_body_custom_js":"","_kad_blocks_footer_custom_js":"","_kadence_starter_templates_imported_post":false,"_kad_post_transparent":"","_kad_post_title":"","_kad_post_layout":"","_kad_post_sidebar_id":"","_kad_post_content_style":"","_kad_post_vertical_padding":"","_kad_post_feature":"","_kad_post_feature_position":"","_kad_post_header":false,"_kad_post_footer":false,"_kad_post_classname":""},"product_brand":[397],"product_cat":[15],"product_tag":[],"product_partner":[],"class_list":{"0":"post-4142","1":"product","2":"type-product","3":"status-publish","4":"has-post-thumbnail","6":"product_brand-dentium","7":"product_cat-uncategorized","9":"first","10":"instock","11":"taxable","12":"shipping-taxable","13":"purchasable","14":"product-type-simple","15":"entry","16":"content-bg","17":"loop-entry"},"taxonomy_info":{"product_brand":[{"value":397,"label":"DENTIUM"}],"product_cat":[{"value":15,"label":"Uncategorized"}]},"featured_image_src_large":["https:\/\/gursk.ro\/shop\/wp-content\/uploads\/2020\/07\/927507_big-1024x1024.jpg",1024,1024,true],"author_info":[],"comment_info":0,"_links":{"self":[{"href":"https:\/\/gursk.ro\/shop\/wp-json\/wp\/v2\/product\/4142","targetHints":{"allow":["GET"]}}],"collection":[{"href":"https:\/\/gursk.ro\/shop\/wp-json\/wp\/v2\/product"}],"about":[{"href":"https:\/\/gursk.ro\/shop\/wp-json\/wp\/v2\/types\/product"}],"replies":[{"embeddable":true,"href":"https:\/\/gursk.ro\/shop\/wp-json\/wp\/v2\/comments?post=4142"}],"version-history":[{"count":0,"href":"https:\/\/gursk.ro\/shop\/wp-json\/wp\/v2\/product\/4142\/revisions"}],"wp:featuredmedia":[{"embeddable":true,"href":"https:\/\/gursk.ro\/shop\/wp-json\/wp\/v2\/media\/4177"}],"wp:attachment":[{"href":"https:\/\/gursk.ro\/shop\/wp-json\/wp\/v2\/media?parent=4142"}],"wp:term":[{"taxonomy":"product_brand","embeddable":true,"href":"https:\/\/gursk.ro\/shop\/wp-json\/wp\/v2\/product_brand?post=4142"},{"taxonomy":"product_cat","embeddable":true,"href":"https:\/\/gursk.ro\/shop\/wp-json\/wp\/v2\/product_cat?post=4142"},{"taxonomy":"product_tag","embeddable":true,"href":"https:\/\/gursk.ro\/shop\/wp-json\/wp\/v2\/product_tag?post=4142"},{"taxonomy":"product_partner","embeddable":true,"href":"https:\/\/gursk.ro\/shop\/wp-json\/wp\/v2\/product_partner?post=4142"}],"curies":[{"name":"wp","href":"https:\/\/api.w.org\/{rel}","templated":true}]}}