{"id":3834,"date":"2025-09-18T17:56:25","date_gmt":"2025-09-18T14:56:25","guid":{"rendered":"https:\/\/gursk.ro\/shop\/?post_type=product&#038;p=3834"},"modified":"2026-04-30T10:24:30","modified_gmt":"2026-04-30T07:24:30","slug":"instrument-pt-inserarea-mat-compozit-metal-cscom1","status":"publish","type":"product","link":"https:\/\/gursk.ro\/shop\/produs\/instrument-pt-inserarea-mat-compozit-metal-cscom1\/","title":{"rendered":"INSTRUMENT PT. INSERAREA MAT. COMPOZIT  &#8211;  metal, CSCOM1"},"content":{"rendered":"<p>Instrumentul <strong>CSCOM1<\/strong> de la <strong>Osung<\/strong> este proiectat pentru o inserare rapid\u0103 \u0219i eficient\u0103 a materialului compozit, datorit\u0103 v\u00e2rfurilor non-stick, acoperite cu titan \u0219i finisate la un grad \u00eenalt de lustruire. Acesta ofer\u0103 precizie \u0219i durabilitate, facilit\u00e2nd restaur\u0103rile dentare de calitate.<\/p>\n<h3><strong>Specifica\u021bii actualizate:<\/strong><\/h3>\n<ul>\n<li><strong>Func\u021bie:<\/strong> Inserare \u0219i modelare eficient\u0103 a compozitului<\/li>\n<li><strong>V\u00e2rfuri:<\/strong> Acoperite cu titan, non-stick<\/li>\n<li><strong>L\u0103\u021bime v\u00e2rfuri:<\/strong> 2,0 mm \/ 2,0 mm<\/li>\n<li><strong>M\u00e2ner:<\/strong> Metalic, oferind o prindere sigur\u0103 \u0219i stabilitate<\/li>\n<li><strong>Caracteristici speciale:<\/strong> Strat de titan care reduce aderen\u021ba compozitului, permi\u021b\u00e2nd o aplicare rapid\u0103 \u0219i precis\u0103<\/li>\n<\/ul>\n<p>Instrumentul <strong>CSCOM1<\/strong> de la Osung este creat pentru a \u00eembun\u0103t\u0103\u021bi experien\u021ba clinic\u0103 \u0219i rezultatele, fiind un instrument de \u00eencredere \u0219i de \u00eenalt\u0103 performan\u021b\u0103 pentru profesioni\u0219tii \u00een stomatologie.<\/p>\n","protected":false},"excerpt":{"rendered":"<p>&nbsp;<\/p>\n","protected":false},"featured_media":3864,"comment_status":"closed","ping_status":"closed","template":"","meta":{"_kad_blocks_custom_css":"","_kad_blocks_head_custom_js":"","_kad_blocks_body_custom_js":"","_kad_blocks_footer_custom_js":"","_kadence_starter_templates_imported_post":false,"_kad_post_transparent":"","_kad_post_title":"","_kad_post_layout":"","_kad_post_sidebar_id":"","_kad_post_content_style":"","_kad_post_vertical_padding":"","_kad_post_feature":"","_kad_post_feature_position":"","_kad_post_header":false,"_kad_post_footer":false,"_kad_post_classname":""},"product_brand":[416],"product_cat":[27,25],"product_tag":[],"product_partner":[],"class_list":{"0":"post-3834","1":"product","2":"type-product","3":"status-publish","4":"has-post-thumbnail","6":"product_brand-osung","7":"product_cat-diverse-instrumente","8":"product_cat-instrumentar-stomatologie","10":"first","11":"outofstock","12":"taxable","13":"shipping-taxable","14":"purchasable","15":"product-type-simple","16":"entry","17":"content-bg","18":"loop-entry"},"taxonomy_info":{"product_brand":[{"value":416,"label":"OSUNG"}],"product_cat":[{"value":27,"label":"Diverse Instrumente"},{"value":25,"label":"Instrumentar stomatologie"}]},"featured_image_src_large":["https:\/\/gursk.ro\/shop\/wp-content\/uploads\/2020\/07\/Untitled-122g22l2h2_1024x1024@2x-1024x1024.webp",1024,1024,true],"author_info":[],"comment_info":0,"_links":{"self":[{"href":"https:\/\/gursk.ro\/shop\/wp-json\/wp\/v2\/product\/3834","targetHints":{"allow":["GET"]}}],"collection":[{"href":"https:\/\/gursk.ro\/shop\/wp-json\/wp\/v2\/product"}],"about":[{"href":"https:\/\/gursk.ro\/shop\/wp-json\/wp\/v2\/types\/product"}],"replies":[{"embeddable":true,"href":"https:\/\/gursk.ro\/shop\/wp-json\/wp\/v2\/comments?post=3834"}],"version-history":[{"count":0,"href":"https:\/\/gursk.ro\/shop\/wp-json\/wp\/v2\/product\/3834\/revisions"}],"wp:featuredmedia":[{"embeddable":true,"href":"https:\/\/gursk.ro\/shop\/wp-json\/wp\/v2\/media\/3864"}],"wp:attachment":[{"href":"https:\/\/gursk.ro\/shop\/wp-json\/wp\/v2\/media?parent=3834"}],"wp:term":[{"taxonomy":"product_brand","embeddable":true,"href":"https:\/\/gursk.ro\/shop\/wp-json\/wp\/v2\/product_brand?post=3834"},{"taxonomy":"product_cat","embeddable":true,"href":"https:\/\/gursk.ro\/shop\/wp-json\/wp\/v2\/product_cat?post=3834"},{"taxonomy":"product_tag","embeddable":true,"href":"https:\/\/gursk.ro\/shop\/wp-json\/wp\/v2\/product_tag?post=3834"},{"taxonomy":"product_partner","embeddable":true,"href":"https:\/\/gursk.ro\/shop\/wp-json\/wp\/v2\/product_partner?post=3834"}],"curies":[{"name":"wp","href":"https:\/\/api.w.org\/{rel}","templated":true}]}}