{"id":3663,"date":"2025-09-18T17:54:55","date_gmt":"2025-09-18T14:54:55","guid":{"rendered":"https:\/\/gursk.ro\/shop\/?post_type=product&#038;p=3663"},"modified":"2026-04-20T10:26:19","modified_gmt":"2026-04-20T07:26:19","slug":"kit-perii-prf-soft-brushing-box","status":"publish","type":"product","link":"https:\/\/gursk.ro\/shop\/produs\/kit-perii-prf-soft-brushing-box\/","title":{"rendered":"Kit perii PRF (ST-UP) &#8211; Soft Brushing Box"},"content":{"rendered":"<p><strong>Soft Brushing Box &#8211; Kit Perii PRF (ST-UP)<\/strong> este un set avansat de instrumente chirurgicale utilizat \u00een proceduri dentare pentru eliberarea atraumatic\u0103 a periostului, f\u0103r\u0103 incizii. Acest kit este special conceput pentru tehnica \u201esoft brushing\u201d, care implic\u0103 dislocarea fibrelor de colagen ale periostului, facilit\u00e2nd o extensie a lamboului f\u0103r\u0103 a compromite integritatea membranei. Kitul este esen\u021bial \u00een proceduri de chirurgie osoas\u0103, implantologie \u0219i aplicarea PRF (Platelet Rich Fibrin).<\/p>\n<p><strong>Con\u021binutul kitului:<\/strong><\/p>\n<ul>\n<li>5 perii chirurgicale din o\u021bel inoxidabil, care includ:\n<ul>\n<li><strong>Brush S (mic\u0103)<\/strong><\/li>\n<li><strong>Brush M (medie)<\/strong><\/li>\n<li><strong>Brush R (normal\u0103)<\/strong><\/li>\n<li><strong>Brush AD (angulat\u0103 dreapt\u0103)<\/strong><\/li>\n<li><strong>Brush AG (angulat\u0103 st\u00e2nga)<\/strong><\/li>\n<\/ul>\n<\/li>\n<li>Caset\u0103 metalic\u0103 sterilizabil\u0103 pentru p\u0103strarea \u0219i transportul instrumentelor.<\/li>\n<\/ul>\n<p>Acest kit este utilizat pentru a elibera periostul \u00eentr-un mod delicat \u0219i eficient, fiind ideal pentru chirurgii dentari care lucreaz\u0103 cu tehnici minim invazive, inclusiv grefe osoase \u0219i PRF.<\/p>\n","protected":false},"excerpt":{"rendered":"<p>Soft Brushing Box &#8211; Kit Perii PRF este un set de 5 perii din o\u021bel inoxidabil, utilizate pentru extinderea atraumatic\u0103 a lamboului \u00een proceduri dentare \u0219i PRF, f\u0103r\u0103 incizii.<\/p>\n","protected":false},"featured_media":32677,"comment_status":"closed","ping_status":"closed","template":"","meta":{"_kad_blocks_custom_css":"","_kad_blocks_head_custom_js":"","_kad_blocks_body_custom_js":"","_kad_blocks_footer_custom_js":"","_kadence_starter_templates_imported_post":false,"_kad_post_transparent":"default","_kad_post_title":"","_kad_post_layout":"default","_kad_post_sidebar_id":"","_kad_post_content_style":"default","_kad_post_vertical_padding":"default","_kad_post_feature":"","_kad_post_feature_position":"","_kad_post_header":false,"_kad_post_footer":false,"_kad_post_classname":""},"product_brand":[419],"product_cat":[448,18],"product_tag":[470],"product_partner":[],"class_list":{"0":"post-3663","1":"product","2":"type-product","3":"status-publish","4":"has-post-thumbnail","6":"product_brand-prf-process-choukroun","7":"product_cat-centrifuga-prf","8":"product_cat-echipamente-chirurgie-si-accesorii","9":"product_tag-preorder","11":"first","12":"instock","13":"taxable","14":"shipping-taxable","15":"purchasable","16":"product-type-simple","17":"entry","18":"content-bg","19":"loop-entry"},"taxonomy_info":{"product_brand":[{"value":419,"label":"PRF PROCESS CHOUKROUN"}],"product_cat":[{"value":448,"label":"Centrifug\u0103 PRF"},{"value":18,"label":"Echipamente de chirurgie dentar\u0103 \u0219i accesorii"}],"product_tag":[{"value":470,"label":"#preorder"}]},"featured_image_src_large":["https:\/\/gursk.ro\/shop\/wp-content\/uploads\/2025\/09\/Kit-perii-PRF-ST-UP-\u2013-Soft-Brushing-Box.png",720,720,false],"author_info":[],"comment_info":0,"_links":{"self":[{"href":"https:\/\/gursk.ro\/shop\/wp-json\/wp\/v2\/product\/3663","targetHints":{"allow":["GET"]}}],"collection":[{"href":"https:\/\/gursk.ro\/shop\/wp-json\/wp\/v2\/product"}],"about":[{"href":"https:\/\/gursk.ro\/shop\/wp-json\/wp\/v2\/types\/product"}],"replies":[{"embeddable":true,"href":"https:\/\/gursk.ro\/shop\/wp-json\/wp\/v2\/comments?post=3663"}],"wp:featuredmedia":[{"embeddable":true,"href":"https:\/\/gursk.ro\/shop\/wp-json\/wp\/v2\/media\/32677"}],"wp:attachment":[{"href":"https:\/\/gursk.ro\/shop\/wp-json\/wp\/v2\/media?parent=3663"}],"wp:term":[{"taxonomy":"product_brand","embeddable":true,"href":"https:\/\/gursk.ro\/shop\/wp-json\/wp\/v2\/product_brand?post=3663"},{"taxonomy":"product_cat","embeddable":true,"href":"https:\/\/gursk.ro\/shop\/wp-json\/wp\/v2\/product_cat?post=3663"},{"taxonomy":"product_tag","embeddable":true,"href":"https:\/\/gursk.ro\/shop\/wp-json\/wp\/v2\/product_tag?post=3663"},{"taxonomy":"product_partner","embeddable":true,"href":"https:\/\/gursk.ro\/shop\/wp-json\/wp\/v2\/product_partner?post=3663"}],"curies":[{"name":"wp","href":"https:\/\/api.w.org\/{rel}","templated":true}]}}