{"id":3550,"date":"2025-09-18T17:53:40","date_gmt":"2025-09-18T14:53:40","guid":{"rendered":"https:\/\/gursk.ro\/shop\/?post_type=product&#038;p=3550"},"modified":"2026-04-30T10:24:27","modified_gmt":"2026-04-30T07:24:27","slug":"colector-os-cortical-bsf","status":"publish","type":"product","link":"https:\/\/gursk.ro\/shop\/produs\/colector-os-cortical-bsf\/","title":{"rendered":"COLECTOR OS CORTICAL, BSF"},"content":{"rendered":"<p><span style=\"color: #000000;\">Acesta este un colector de os (<em>bone scraper<\/em>) de unic\u0103 folosin\u021b\u0103 utilizat pentru prelevare de os autolog.<\/span><br \/>\n<span style=\"color: #000000;\">Este realizat dintr-un plastic dur, iar m\u00e2nerul instrumentului are o fereastr\u0103 care face vizibil\u0103 cantitatea de os colectat\u0103.<\/span><\/p>\n<p><strong><span style=\"color: #000000;\">Caracteristici \u0219i beneficii \u00een utilizare<\/span><\/strong><br \/>\n<span style=\"color: #000000;\">Unic\u0103 folosin\u021b\u0103 \u2013 fiecare pies\u0103 este \u00eempachetat\u0103 individual \u00een ambalaj steril<\/span><br \/>\n<span style=\"color: #000000;\">Ideal pentru gref\u0103 osoas\u0103 unde dimensiunea osului este \u00eentre 1 \u0219i 1,5 mm.<\/span><br \/>\n<span style=\"color: #000000;\">Capacitatea de colectare este de 2 cc<\/span><br \/>\n<span style=\"color: #000000;\">Lama este rotunda &#8211; se poate roti astfel \u00eenc\u00e2t s\u0103 fie utilizat\u0103 de p\u00e2n\u0103 la 4 ori<\/span><br \/>\n<span style=\"color: #000000;\">Lama se poate \u00eenlocui cu una nou\u0103 pentru a colecta o cantitate suplimentar\u0103 de os.<\/span><br \/>\n<span style=\"color: #000000;\">Lama poate fi rotit\u0103 folosind <em>hex driver<\/em> de 1,2mm.<\/span><\/p>\n<p><a href=\"https:\/\/www.gurskmedica.ro\/?attachment_id=9103\" rel=\"attachment wp-att-9103 noopener\" target=\"_blank\"><img fetchpriority=\"high\" decoding=\"async\" class=\"size-full wp-image-9103 aligncenter\" src=\"https:\/\/www.gurskmedica.ro\/wp-content\/uploads\/2020\/07\/product_content007_eng.jpg\" alt=\"\" width=\"762\" height=\"462\" \/><\/a><\/p>\n","protected":false},"excerpt":{"rendered":"<p>Acesta este un colector de os (bone scraper) de unic\u0103 folosin\u021b\u0103 utilizat pentru prelevare de os autolog. Este realizat dintr-un plastic dur, iar m\u00e2nerul instrumentului are o fereastr\u0103 care face vizibil\u0103 cantitatea de os colectat\u0103. Caracteristici \u0219i beneficii \u00een utilizare Unic\u0103 folosin\u021b\u0103 \u2013 fiecare pies\u0103 este \u00eempachetat\u0103 individual \u00een ambalaj steril Ideal pentru gref\u0103 osoas\u0103&#8230;<\/p>\n","protected":false},"featured_media":3599,"comment_status":"closed","ping_status":"closed","template":"","meta":{"_kad_blocks_custom_css":"","_kad_blocks_head_custom_js":"","_kad_blocks_body_custom_js":"","_kad_blocks_footer_custom_js":"","_kadence_starter_templates_imported_post":false,"_kad_post_transparent":"","_kad_post_title":"","_kad_post_layout":"","_kad_post_sidebar_id":"","_kad_post_content_style":"","_kad_post_vertical_padding":"","_kad_post_feature":"","_kad_post_feature_position":"","_kad_post_header":false,"_kad_post_footer":false,"_kad_post_classname":""},"product_brand":[416],"product_cat":[27,25],"product_tag":[],"product_partner":[],"class_list":{"0":"post-3550","1":"product","2":"type-product","3":"status-publish","4":"has-post-thumbnail","6":"product_brand-osung","7":"product_cat-diverse-instrumente","8":"product_cat-instrumentar-stomatologie","10":"first","11":"outofstock","12":"taxable","13":"shipping-taxable","14":"purchasable","15":"product-type-simple","16":"entry","17":"content-bg","18":"loop-entry"},"taxonomy_info":{"product_brand":[{"value":416,"label":"OSUNG"}],"product_cat":[{"value":27,"label":"Diverse Instrumente"},{"value":25,"label":"Instrumentar stomatologie"}]},"featured_image_src_large":["https:\/\/gursk.ro\/shop\/wp-content\/uploads\/2020\/07\/927575_big-1024x1024.jpg",1024,1024,true],"author_info":[],"comment_info":0,"_links":{"self":[{"href":"https:\/\/gursk.ro\/shop\/wp-json\/wp\/v2\/product\/3550","targetHints":{"allow":["GET"]}}],"collection":[{"href":"https:\/\/gursk.ro\/shop\/wp-json\/wp\/v2\/product"}],"about":[{"href":"https:\/\/gursk.ro\/shop\/wp-json\/wp\/v2\/types\/product"}],"replies":[{"embeddable":true,"href":"https:\/\/gursk.ro\/shop\/wp-json\/wp\/v2\/comments?post=3550"}],"version-history":[{"count":0,"href":"https:\/\/gursk.ro\/shop\/wp-json\/wp\/v2\/product\/3550\/revisions"}],"wp:featuredmedia":[{"embeddable":true,"href":"https:\/\/gursk.ro\/shop\/wp-json\/wp\/v2\/media\/3599"}],"wp:attachment":[{"href":"https:\/\/gursk.ro\/shop\/wp-json\/wp\/v2\/media?parent=3550"}],"wp:term":[{"taxonomy":"product_brand","embeddable":true,"href":"https:\/\/gursk.ro\/shop\/wp-json\/wp\/v2\/product_brand?post=3550"},{"taxonomy":"product_cat","embeddable":true,"href":"https:\/\/gursk.ro\/shop\/wp-json\/wp\/v2\/product_cat?post=3550"},{"taxonomy":"product_tag","embeddable":true,"href":"https:\/\/gursk.ro\/shop\/wp-json\/wp\/v2\/product_tag?post=3550"},{"taxonomy":"product_partner","embeddable":true,"href":"https:\/\/gursk.ro\/shop\/wp-json\/wp\/v2\/product_partner?post=3550"}],"curies":[{"name":"wp","href":"https:\/\/api.w.org\/{rel}","templated":true}]}}