{"id":3548,"date":"2025-09-18T17:53:40","date_gmt":"2025-09-18T14:53:40","guid":{"rendered":"https:\/\/gursk.ro\/shop\/?post_type=product&#038;p=3548"},"modified":"2026-04-30T10:24:52","modified_gmt":"2026-04-30T07:24:52","slug":"instrument-pt-suruburi-gst85","status":"publish","type":"product","link":"https:\/\/gursk.ro\/shop\/produs\/instrument-pt-suruburi-gst85\/","title":{"rendered":"INSTRUMENT PT SURUBURI, GST85"},"content":{"rendered":"<p>Instrumentul pentru \u0218uruburi GST85 de la Dentium este proiectat pentru a asigura o instalare precis\u0103 \u0219i eficient\u0103 a \u0219uruburilor dentare, fiind indispensabil pentru profesioni\u0219tii din domeniul stomatologic. Construit din materiale de \u00eenalt\u0103 calitate, GST85 ofer\u0103 durabilitate \u0219i performan\u021b\u0103 fiabil\u0103, suport\u00e2nd utilizarea frecvent\u0103 \u0219i riguroas\u0103. Designul s\u0103u ergonomic faciliteaz\u0103 o prindere confortabil\u0103 \u0219i un control excelent, minimiz\u00e2nd riscul de alunecare \u0219i erori \u00een timpul procedurilor. Compatibil cu o varietate de sisteme de implanturi Dentium, acest instrument asigur\u0103 un proces de implantare neted \u0219i sigur.<\/p>\n<p>Caracteristici principale:<\/p>\n<ul>\n<li>Fabricat din materiale durabile pentru o performan\u021b\u0103 pe termen lung<\/li>\n<li>Design ergonomic pentru prindere confortabil\u0103 \u0219i control superior<\/li>\n<li>Asigur\u0103 instalarea precis\u0103 \u0219i sigur\u0103 a \u0219uruburilor dentare<\/li>\n<li>Compatibil cu diverse sisteme de implanturi Dentium<\/li>\n<li>Ideal pentru utilizare \u00een toate procedurile de implantologie dentar\u0103<\/li>\n<\/ul>\n<p>&#8211; Scar\u0103 1: 0,5 \/ mm<\/p>\n<p>Alege\u021bi Instrumentul pentru \u0218uruburi GST85 de la Dentium pentru a garanta eficien\u021ba \u0219i precizia procedurilor de implant dentar, oferind pacien\u021bilor dumneavoastr\u0103 rezultate optime \u0219i sigure.<\/p>\n<p>&nbsp;<\/p>\n","protected":false},"excerpt":{"rendered":"<div class=\"flex flex-grow flex-col max-w-full\">\n<div class=\"min-h-[20px] text-message flex flex-col items-start whitespace-pre-wrap break-words [.text-message+&amp;]:mt-5 juice:w-full juice:items-end overflow-x-auto gap-2\" dir=\"auto\" data-message-author-role=\"assistant\" data-message-id=\"2e90625d-0871-4f37-ae88-ad1a0e91da07\">\n<div class=\"flex w-full flex-col gap-1 juice:empty:hidden juice:first:pt-[3px]\">\n<div class=\"markdown prose w-full break-words dark:prose-invert dark\">\n<p>Instrumentul pentru \u0218uruburi GST85 de la Dentium asigur\u0103 instalarea precis\u0103 \u0219i sigur\u0103 a \u0219uruburilor dentare. Fabricat din materiale durabile \u0219i proiectat ergonomic, ofer\u0103 o prindere confortabil\u0103 \u0219i performan\u021b\u0103 fiabil\u0103, fiind compatibil cu diverse sisteme de implanturi Dentium.<\/p>\n<\/div>\n<\/div>\n<\/div>\n<\/div>\n<div class=\"mt-1 flex gap-3 empty:hidden juice:-ml-3\">\n<div class=\"items-center justify-start rounded-xl p-1 flex\">\n<div class=\"flex items-center\"><button class=\"rounded-lg text-token-text-secondary hover:bg-token-main-surface-secondary\">\u00a0<\/button><\/div>\n<\/div>\n<\/div>\n<p>&nbsp;<\/p>\n","protected":false},"featured_media":3597,"comment_status":"closed","ping_status":"closed","template":"","meta":{"_kad_blocks_custom_css":"","_kad_blocks_head_custom_js":"","_kad_blocks_body_custom_js":"","_kad_blocks_footer_custom_js":"","_kadence_starter_templates_imported_post":false,"_kad_post_transparent":"","_kad_post_title":"","_kad_post_layout":"","_kad_post_sidebar_id":"","_kad_post_content_style":"","_kad_post_vertical_padding":"","_kad_post_feature":"","_kad_post_feature_position":"","_kad_post_header":false,"_kad_post_footer":false,"_kad_post_classname":""},"product_brand":[397],"product_cat":[25,49],"product_tag":[],"product_partner":[],"class_list":{"0":"post-3548","1":"product","2":"type-product","3":"status-publish","4":"has-post-thumbnail","6":"product_brand-dentium","7":"product_cat-instrumentar-stomatologie","8":"product_cat-instrumente-dentium","10":"first","11":"instock","12":"taxable","13":"shipping-taxable","14":"purchasable","15":"product-type-simple","16":"entry","17":"content-bg","18":"loop-entry"},"taxonomy_info":{"product_brand":[{"value":397,"label":"DENTIUM"}],"product_cat":[{"value":25,"label":"Instrumentar stomatologie"},{"value":49,"label":"Instrumente"}]},"featured_image_src_large":["https:\/\/gursk.ro\/shop\/wp-content\/uploads\/2020\/07\/926554_big-1024x1024.jpg",1024,1024,true],"author_info":[],"comment_info":0,"_links":{"self":[{"href":"https:\/\/gursk.ro\/shop\/wp-json\/wp\/v2\/product\/3548","targetHints":{"allow":["GET"]}}],"collection":[{"href":"https:\/\/gursk.ro\/shop\/wp-json\/wp\/v2\/product"}],"about":[{"href":"https:\/\/gursk.ro\/shop\/wp-json\/wp\/v2\/types\/product"}],"replies":[{"embeddable":true,"href":"https:\/\/gursk.ro\/shop\/wp-json\/wp\/v2\/comments?post=3548"}],"version-history":[{"count":0,"href":"https:\/\/gursk.ro\/shop\/wp-json\/wp\/v2\/product\/3548\/revisions"}],"wp:featuredmedia":[{"embeddable":true,"href":"https:\/\/gursk.ro\/shop\/wp-json\/wp\/v2\/media\/3597"}],"wp:attachment":[{"href":"https:\/\/gursk.ro\/shop\/wp-json\/wp\/v2\/media?parent=3548"}],"wp:term":[{"taxonomy":"product_brand","embeddable":true,"href":"https:\/\/gursk.ro\/shop\/wp-json\/wp\/v2\/product_brand?post=3548"},{"taxonomy":"product_cat","embeddable":true,"href":"https:\/\/gursk.ro\/shop\/wp-json\/wp\/v2\/product_cat?post=3548"},{"taxonomy":"product_tag","embeddable":true,"href":"https:\/\/gursk.ro\/shop\/wp-json\/wp\/v2\/product_tag?post=3548"},{"taxonomy":"product_partner","embeddable":true,"href":"https:\/\/gursk.ro\/shop\/wp-json\/wp\/v2\/product_partner?post=3548"}],"curies":[{"name":"wp","href":"https:\/\/api.w.org\/{rel}","templated":true}]}}