{"id":35020,"date":"2026-05-13T16:42:21","date_gmt":"2026-05-13T13:42:21","guid":{"rendered":"https:\/\/gursk.ro\/shop\/?post_type=product&#038;p=35020"},"modified":"2026-05-13T17:30:48","modified_gmt":"2026-05-13T14:30:48","slug":"from-hard-to-soft-tissue-management","status":"publish","type":"product","link":"https:\/\/gursk.ro\/shop\/produs\/from-hard-to-soft-tissue-management\/","title":{"rendered":"FROM HARD TO SOFT TISSUE MANAGEMENT"},"content":{"rendered":"<p>Workshop-ul abordeaz\u0103 GBR (Guided Bone Regeneration) pentru augmentare orizontal\u0103 \u0219i vertical\u0103 \u2014 de la principiile biologice p\u00e2n\u0103 la execu\u021bia chirurgical\u0103. Continu\u0103 cu managementul \u021besuturilor moi \u00een timpul \u0219i dup\u0103 regenerare, pentru a asigura outcome func\u021bional \u0219i estetic predictibil.<\/p>\n","protected":false},"excerpt":{"rendered":"<p>Succesul pe termen lung al unei reabilit\u0103ri implanto-protetice depinde de un volum osos peri-implantar suficient, acoperit cu \u021besuturi moi de calitate. \u00cen situa\u021biile clinice cu absen\u021b\u0103 par\u021bial\u0103 sau complet\u0103 a osului alveolar, inser\u021bia implanturilor endoosoase devine condi\u021bionat\u0103 de proceduri regenerative.<\/p>\n<p>Dr. Fabrizio Colombo este chirurg oral cu practic\u0103 privat\u0103 \u00een Italia, cu specializare \u00een GBR \u0219i managementul \u021besuturilor moi peri-implantare. Este recunoscut pentru contribu\u021bia sa la rafinarea protocoalelor GBR \u0219i pentru integrarea managementului \u021besutului moale \u00een tratamentele regenerative.<\/p>\n<p>&nbsp;<\/p>\n<p><strong>Joi, 18 septembrie, 2026 | 09:00 \u2013 17:30<\/strong><\/p>\n","protected":false},"featured_media":34979,"comment_status":"open","ping_status":"closed","template":"","meta":{"_kad_blocks_custom_css":"","_kad_blocks_head_custom_js":"","_kad_blocks_body_custom_js":"","_kad_blocks_footer_custom_js":"","_kadence_starter_templates_imported_post":false,"_kad_post_transparent":"default","_kad_post_title":"","_kad_post_layout":"default","_kad_post_sidebar_id":"","_kad_post_content_style":"default","_kad_post_vertical_padding":"default","_kad_post_feature":"","_kad_post_feature_position":"","_kad_post_header":false,"_kad_post_footer":false,"_kad_post_classname":""},"product_brand":[420],"product_cat":[377],"product_tag":[468],"product_partner":[473],"class_list":{"0":"post-35020","1":"product","2":"type-product","3":"status-publish","4":"has-post-thumbnail","6":"product_brand-purgo","7":"product_cat-cursuri-stomatologie","8":"product_tag-gurskevents","9":"product_partner-purgo","11":"first","12":"instock","13":"sale","14":"virtual","15":"taxable","16":"purchasable","17":"product-type-simple","18":"entry","19":"content-bg","20":"loop-entry"},"taxonomy_info":{"product_brand":[{"value":420,"label":"PURGO"}],"product_cat":[{"value":377,"label":"Cursuri stomatologie"}],"product_tag":[{"value":468,"label":"#gurskevents"}],"product_partner":[{"value":473,"label":"Purgo"}]},"featured_image_src_large":["https:\/\/gursk.ro\/shop\/wp-content\/uploads\/2026\/05\/workshop-pic.webp",720,900,false],"author_info":[],"comment_info":0,"_links":{"self":[{"href":"https:\/\/gursk.ro\/shop\/wp-json\/wp\/v2\/product\/35020","targetHints":{"allow":["GET"]}}],"collection":[{"href":"https:\/\/gursk.ro\/shop\/wp-json\/wp\/v2\/product"}],"about":[{"href":"https:\/\/gursk.ro\/shop\/wp-json\/wp\/v2\/types\/product"}],"replies":[{"embeddable":true,"href":"https:\/\/gursk.ro\/shop\/wp-json\/wp\/v2\/comments?post=35020"}],"version-history":[{"count":5,"href":"https:\/\/gursk.ro\/shop\/wp-json\/wp\/v2\/product\/35020\/revisions"}],"predecessor-version":[{"id":35039,"href":"https:\/\/gursk.ro\/shop\/wp-json\/wp\/v2\/product\/35020\/revisions\/35039"}],"wp:featuredmedia":[{"embeddable":true,"href":"https:\/\/gursk.ro\/shop\/wp-json\/wp\/v2\/media\/34979"}],"wp:attachment":[{"href":"https:\/\/gursk.ro\/shop\/wp-json\/wp\/v2\/media?parent=35020"}],"wp:term":[{"taxonomy":"product_brand","embeddable":true,"href":"https:\/\/gursk.ro\/shop\/wp-json\/wp\/v2\/product_brand?post=35020"},{"taxonomy":"product_cat","embeddable":true,"href":"https:\/\/gursk.ro\/shop\/wp-json\/wp\/v2\/product_cat?post=35020"},{"taxonomy":"product_tag","embeddable":true,"href":"https:\/\/gursk.ro\/shop\/wp-json\/wp\/v2\/product_tag?post=35020"},{"taxonomy":"product_partner","embeddable":true,"href":"https:\/\/gursk.ro\/shop\/wp-json\/wp\/v2\/product_partner?post=35020"}],"curies":[{"name":"wp","href":"https:\/\/api.w.org\/{rel}","templated":true}]}}