{"id":35005,"date":"2026-05-13T15:58:19","date_gmt":"2026-05-13T12:58:19","guid":{"rendered":"https:\/\/gursk.ro\/shop\/?post_type=product&#038;p=35005"},"modified":"2026-05-13T17:29:55","modified_gmt":"2026-05-13T14:29:55","slug":"mastering-soft-tissues-and-prosthetic-challenges","status":"publish","type":"product","link":"https:\/\/gursk.ro\/shop\/produs\/mastering-soft-tissues-and-prosthetic-challenges\/","title":{"rendered":"MASTERING SOFT TISSUES AND PROSTHETIC CHALLENGES"},"content":{"rendered":"<p>\u00cen situa\u021bii favorabile, cu volum osos adecvat \u0219i \u021besut moale prezent, rezultatele tind s\u0103 fie predictibile. \u00cens\u0103 \u00een cazurile complexe \u2014 adesea asociate cu deficien\u021be \u00een \u021besuturile dure sau moi \u2014 integrarea tehnicilor mucogingivale devine esen\u021bial\u0103 pentru optimizarea volumului tisular, conturului gingival \u0219i stabilit\u0103\u021bii estetice pe termen lung.<\/p>\n<p>O \u00een\u021belegere clar\u0103 a interac\u021biunii dintre pozi\u021bionarea implantului, biologia \u021besutului peri-implantar \u0219i strategiile avansate de management mucogingival este esen\u021bial\u0103 pentru rezultate predictibile \u00een reabilit\u0103rile FP1.<\/p>\n<p>Workshop-ul ofer\u0103 focus pe managementul \u021besuturilor moi \u0219i provoc\u0103rile protetice implicate \u00een reabilitarea implantar\u0103.<\/p>\n","protected":false},"excerpt":{"rendered":"<p>Succesul reabilit\u0103rilor FP1 depinde, \u00een primul r\u00e2nd, de pozi\u021bionarea tridimensional\u0103 a implantului \u0219i de stabilitatea \u021besuturilor peri-implantare \u2014 factori cheie pentru un profil de emergen\u021b\u0103 natural \u0219i rezultate estetice predictibile.<\/p>\n<p>Dr. Helder Moura este chirurg oral cu specializare \u00een reabilit\u0103ri full-arch FP1 \u0219i managementul integrat al cazurilor cu deficien\u021be ale \u021besutului dur \u0219i moale. Activitatea sa clinic\u0103 \u0219i didactic\u0103 se construie\u0219te \u00een jurul integr\u0103rii chirurgie\u2013protetic\u0103\u2013\u021besut moale.<\/p>\n<p>&nbsp;<\/p>\n<p><strong><span class=\"ql-token hljs-string\">Joi,<\/span> <span class=\"ql-token hljs-number\">18<\/span> <span class=\"ql-token hljs-string\">septembrie, 2026<\/span> <span class=\"ql-token hljs-string\">|<\/span> 09<span class=\"ql-token hljs-number\">:00<\/span> <span class=\"ql-token hljs-string\">\u2013<\/span> <span class=\"ql-token hljs-number\">17:30<\/span><\/strong><\/p>\n","protected":false},"featured_media":34979,"comment_status":"open","ping_status":"closed","template":"","meta":{"_kad_blocks_custom_css":"","_kad_blocks_head_custom_js":"","_kad_blocks_body_custom_js":"","_kad_blocks_footer_custom_js":"","_kadence_starter_templates_imported_post":false,"_kad_post_transparent":"default","_kad_post_title":"","_kad_post_layout":"default","_kad_post_sidebar_id":"","_kad_post_content_style":"default","_kad_post_vertical_padding":"default","_kad_post_feature":"","_kad_post_feature_position":"","_kad_post_header":false,"_kad_post_footer":false,"_kad_post_classname":""},"product_brand":[420],"product_cat":[377],"product_tag":[468],"product_partner":[473],"class_list":{"0":"post-35005","1":"product","2":"type-product","3":"status-publish","4":"has-post-thumbnail","6":"product_brand-purgo","7":"product_cat-cursuri-stomatologie","8":"product_tag-gurskevents","9":"product_partner-purgo","11":"first","12":"instock","13":"sale","14":"virtual","15":"taxable","16":"purchasable","17":"product-type-simple","18":"entry","19":"content-bg","20":"loop-entry"},"taxonomy_info":{"product_brand":[{"value":420,"label":"PURGO"}],"product_cat":[{"value":377,"label":"Cursuri stomatologie"}],"product_tag":[{"value":468,"label":"#gurskevents"}],"product_partner":[{"value":473,"label":"Purgo"}]},"featured_image_src_large":["https:\/\/gursk.ro\/shop\/wp-content\/uploads\/2026\/05\/workshop-pic.webp",720,900,false],"author_info":[],"comment_info":0,"_links":{"self":[{"href":"https:\/\/gursk.ro\/shop\/wp-json\/wp\/v2\/product\/35005","targetHints":{"allow":["GET"]}}],"collection":[{"href":"https:\/\/gursk.ro\/shop\/wp-json\/wp\/v2\/product"}],"about":[{"href":"https:\/\/gursk.ro\/shop\/wp-json\/wp\/v2\/types\/product"}],"replies":[{"embeddable":true,"href":"https:\/\/gursk.ro\/shop\/wp-json\/wp\/v2\/comments?post=35005"}],"version-history":[{"count":5,"href":"https:\/\/gursk.ro\/shop\/wp-json\/wp\/v2\/product\/35005\/revisions"}],"predecessor-version":[{"id":35041,"href":"https:\/\/gursk.ro\/shop\/wp-json\/wp\/v2\/product\/35005\/revisions\/35041"}],"wp:featuredmedia":[{"embeddable":true,"href":"https:\/\/gursk.ro\/shop\/wp-json\/wp\/v2\/media\/34979"}],"wp:attachment":[{"href":"https:\/\/gursk.ro\/shop\/wp-json\/wp\/v2\/media?parent=35005"}],"wp:term":[{"taxonomy":"product_brand","embeddable":true,"href":"https:\/\/gursk.ro\/shop\/wp-json\/wp\/v2\/product_brand?post=35005"},{"taxonomy":"product_cat","embeddable":true,"href":"https:\/\/gursk.ro\/shop\/wp-json\/wp\/v2\/product_cat?post=35005"},{"taxonomy":"product_tag","embeddable":true,"href":"https:\/\/gursk.ro\/shop\/wp-json\/wp\/v2\/product_tag?post=35005"},{"taxonomy":"product_partner","embeddable":true,"href":"https:\/\/gursk.ro\/shop\/wp-json\/wp\/v2\/product_partner?post=35005"}],"curies":[{"name":"wp","href":"https:\/\/api.w.org\/{rel}","templated":true}]}}