{"id":34976,"date":"2026-05-13T15:10:31","date_gmt":"2026-05-13T12:10:31","guid":{"rendered":"https:\/\/gursk.ro\/shop\/?post_type=product&#038;p=34976"},"modified":"2026-05-13T17:28:03","modified_gmt":"2026-05-13T14:28:03","slug":"full-arch-rehabilitation-using-sp1-and-pterygoid-implants","status":"publish","type":"product","link":"https:\/\/gursk.ro\/shop\/produs\/full-arch-rehabilitation-using-sp1-and-pterygoid-implants\/","title":{"rendered":"Full-arch rehabilitation using SP1 and pterygoid implants"},"content":{"rendered":"<h3>DESPRE WORKSHOP<\/h3>\n<p>Implanturile pterigoidiene ofer\u0103 o solu\u021bie predictibil\u0103 pentru ancorarea posterioar\u0103 \u00een reabilit\u0103rile full-arch, \u00een special \u00een atrofiile maxilare severe. Workshop-ul este construit pentru a oferi clinicienilor experien\u021b\u0103 practic\u0103 \u00een plasarea implanturilor pterigoidiene, at\u00e2t prin tehnic\u0103 ghidat\u0103 c\u00e2t \u0219i freehand.<br \/>\nParticipan\u021bii parcurg \u00eentregul workflow chirurgical \u2014 orientare anatomic\u0103, protocol de forare, controlul angula\u021biei, strategii de plasare. Accentul cade pe ob\u021binerea stabilit\u0103\u021bii primare ridicate \u0219i pe pozi\u021bionarea prosthetically-driven. Pe parcurs, sunt \u00eemp\u0103rt\u0103\u0219ite tips, common pitfalls \u0219i clinical pearls construite din experien\u021ba clinic\u0103 direct\u0103.<\/p>\n","protected":false},"excerpt":{"rendered":"<p>Reabilitarea full-arch continu\u0103 s\u0103 evolueze prin design-uri de implanturi \u0219i protocoale chirurgicale care permit clinicienilor s\u0103 trateze cazuri edentate complexe f\u0103r\u0103 a recurge la implanturi zigomatice. Lecture-ul exploreaz\u0103 utilizarea sistemului SP1 \u00een combina\u021bie cu implanturile pterigoidiene pentru a ob\u021bine rezultate predictibile \u00een full-arch.<\/p>\n<p>Sesiunea se concentreaz\u0103 pe planificarea tratamentului, considera\u021biile anatomice, strategiile de pozi\u021bionare a implanturilor \u0219i workflow-urile protetice. Accentul cade pe ob\u021binerea stabilit\u0103\u021bii primare, optimizarea distribu\u021biei implanturilor \u0219i aplicarea protocoalelor de \u00eenc\u0103rcare imediat\u0103.<\/p>\n<p>Prin cazuri clinice reale, este demonstrat cum ancorarea posterioar\u0103 cu implanturi pterigoidiene poate elimina nevoia de cantilevere distale \u0219i poate \u00eembun\u0103t\u0103\u021bi rezultatele pe termen lung.<\/p>\n<p>&nbsp;<\/p>\n<p><strong><span class=\"ql-token hljs-string\">Joi,<\/span> <span class=\"ql-token hljs-number\">18<\/span> <span class=\"ql-token hljs-string\">septembrie<\/span> <span class=\"ql-token hljs-string\">|<\/span> 09:00 &#8211; <span class=\"ql-token hljs-number\">17:30<\/span><\/strong><\/p>\n","protected":false},"featured_media":34979,"comment_status":"open","ping_status":"closed","template":"","meta":{"_kad_blocks_custom_css":"","_kad_blocks_head_custom_js":"","_kad_blocks_body_custom_js":"","_kad_blocks_footer_custom_js":"","_kadence_starter_templates_imported_post":false,"_kad_post_transparent":"default","_kad_post_title":"","_kad_post_layout":"default","_kad_post_sidebar_id":"","_kad_post_content_style":"default","_kad_post_vertical_padding":"default","_kad_post_feature":"","_kad_post_feature_position":"","_kad_post_header":false,"_kad_post_footer":false,"_kad_post_classname":""},"product_brand":[],"product_cat":[377],"product_tag":[468],"product_partner":[473],"class_list":{"0":"post-34976","1":"product","2":"type-product","3":"status-publish","4":"has-post-thumbnail","6":"product_cat-cursuri-stomatologie","7":"product_tag-gurskevents","8":"product_partner-purgo","10":"first","11":"instock","12":"sale","13":"virtual","14":"taxable","15":"purchasable","16":"product-type-simple","17":"entry","18":"content-bg","19":"loop-entry"},"taxonomy_info":{"product_cat":[{"value":377,"label":"Cursuri stomatologie"}],"product_tag":[{"value":468,"label":"#gurskevents"}],"product_partner":[{"value":473,"label":"Purgo"}]},"featured_image_src_large":["https:\/\/gursk.ro\/shop\/wp-content\/uploads\/2026\/05\/workshop-pic.webp",720,900,false],"author_info":[],"comment_info":0,"_links":{"self":[{"href":"https:\/\/gursk.ro\/shop\/wp-json\/wp\/v2\/product\/34976","targetHints":{"allow":["GET"]}}],"collection":[{"href":"https:\/\/gursk.ro\/shop\/wp-json\/wp\/v2\/product"}],"about":[{"href":"https:\/\/gursk.ro\/shop\/wp-json\/wp\/v2\/types\/product"}],"replies":[{"embeddable":true,"href":"https:\/\/gursk.ro\/shop\/wp-json\/wp\/v2\/comments?post=34976"}],"version-history":[{"count":4,"href":"https:\/\/gursk.ro\/shop\/wp-json\/wp\/v2\/product\/34976\/revisions"}],"predecessor-version":[{"id":35044,"href":"https:\/\/gursk.ro\/shop\/wp-json\/wp\/v2\/product\/34976\/revisions\/35044"}],"wp:featuredmedia":[{"embeddable":true,"href":"https:\/\/gursk.ro\/shop\/wp-json\/wp\/v2\/media\/34979"}],"wp:attachment":[{"href":"https:\/\/gursk.ro\/shop\/wp-json\/wp\/v2\/media?parent=34976"}],"wp:term":[{"taxonomy":"product_brand","embeddable":true,"href":"https:\/\/gursk.ro\/shop\/wp-json\/wp\/v2\/product_brand?post=34976"},{"taxonomy":"product_cat","embeddable":true,"href":"https:\/\/gursk.ro\/shop\/wp-json\/wp\/v2\/product_cat?post=34976"},{"taxonomy":"product_tag","embeddable":true,"href":"https:\/\/gursk.ro\/shop\/wp-json\/wp\/v2\/product_tag?post=34976"},{"taxonomy":"product_partner","embeddable":true,"href":"https:\/\/gursk.ro\/shop\/wp-json\/wp\/v2\/product_partner?post=34976"}],"curies":[{"name":"wp","href":"https:\/\/api.w.org\/{rel}","templated":true}]}}