{"id":3406,"date":"2025-09-18T17:52:29","date_gmt":"2025-09-18T14:52:29","guid":{"rendered":"https:\/\/gursk.ro\/shop\/?post_type=product&#038;p=3406"},"modified":"2026-04-30T10:25:01","modified_gmt":"2026-04-30T07:25:01","slug":"spatula-dalta-de-periost-osung-mxsp-6","status":"publish","type":"product","link":"https:\/\/gursk.ro\/shop\/produs\/spatula-dalta-de-periost-osung-mxsp-6\/","title":{"rendered":"Spatul\u0103 \u2013 dalt\u0103 de periost Osung, MXSP-6"},"content":{"rendered":"<p>Spatula \u2013 dalt\u0103 de periost <strong>MXSP-6<\/strong> este un instrument chirurgical utilizat \u00een <strong>chirurgia oral\u0103, parodontal\u0103 \u0219i implantologic\u0103<\/strong>, destinat <strong>decol\u0103rii periostului \u0219i manipul\u0103rii \u021besuturilor moi<\/strong> \u00een c\u00e2mpul operator. Instrumentele de acest tip sunt utilizate pentru ob\u021binerea unui acces controlat la osul alveolar \u0219i pentru managementul atraumatic al \u021besuturilor.<\/p>\n<p>Modelul MXSP-6 este prev\u0103zut cu <strong>marcaje milimetrice gravate la 5, 10, 15, 20, 25 \u0219i 30 mm<\/strong>, care permit <strong>evaluarea direct\u0103 a ad\u00e2ncimii \u0219i extensiei de lucru \u00een timpul interven\u021biei<\/strong>. Lama are o <strong>l\u0103\u021bime de 6 mm<\/strong>, dimensiune adecvat\u0103 pentru manevre precise \u00een zone cu acces limitat, men\u021bin\u00e2nd controlul \u0219i stabilitatea instrumentului.<\/p>\n<p>&nbsp;<\/p>\n","protected":false},"excerpt":{"rendered":"<p>Spatula \u2013 dalt\u0103 de periost MXSP-6 este un instrument chirurgical cu lam\u0103 de 6 mm \u0219i marcaje milimetrice p\u00e2n\u0103 la 30 mm, utilizat pentru decolarea periostului \u0219i controlul precis al ad\u00e2ncimii \u00een interven\u021bii orale \u0219i implantologice.<\/p>\n","protected":false},"featured_media":3436,"comment_status":"closed","ping_status":"closed","template":"","meta":{"_kad_blocks_custom_css":"","_kad_blocks_head_custom_js":"","_kad_blocks_body_custom_js":"","_kad_blocks_footer_custom_js":"","_kadence_starter_templates_imported_post":false,"_kad_post_transparent":"default","_kad_post_title":"","_kad_post_layout":"default","_kad_post_sidebar_id":"","_kad_post_content_style":"default","_kad_post_vertical_padding":"default","_kad_post_feature":"","_kad_post_feature_position":"","_kad_post_header":false,"_kad_post_footer":false,"_kad_post_classname":""},"product_brand":[416],"product_cat":[453,25],"product_tag":[469],"product_partner":[],"class_list":{"0":"post-3406","1":"product","2":"type-product","3":"status-publish","4":"has-post-thumbnail","6":"product_brand-osung","7":"product_cat-dalti-de-os","8":"product_cat-instrumentar-stomatologie","9":"product_tag-onlineorder","11":"first","12":"instock","13":"taxable","14":"shipping-taxable","15":"purchasable","16":"product-type-simple","17":"entry","18":"content-bg","19":"loop-entry"},"taxonomy_info":{"product_brand":[{"value":416,"label":"OSUNG"}],"product_cat":[{"value":453,"label":"D\u0103l\u021bi de os"},{"value":25,"label":"Instrumentar stomatologie"}],"product_tag":[{"value":469,"label":"#onlineorder"}]},"featured_image_src_large":["https:\/\/gursk.ro\/shop\/wp-content\/uploads\/2020\/07\/928623_big-1024x1024.jpg",1024,1024,true],"author_info":[],"comment_info":0,"_links":{"self":[{"href":"https:\/\/gursk.ro\/shop\/wp-json\/wp\/v2\/product\/3406","targetHints":{"allow":["GET"]}}],"collection":[{"href":"https:\/\/gursk.ro\/shop\/wp-json\/wp\/v2\/product"}],"about":[{"href":"https:\/\/gursk.ro\/shop\/wp-json\/wp\/v2\/types\/product"}],"replies":[{"embeddable":true,"href":"https:\/\/gursk.ro\/shop\/wp-json\/wp\/v2\/comments?post=3406"}],"version-history":[{"count":1,"href":"https:\/\/gursk.ro\/shop\/wp-json\/wp\/v2\/product\/3406\/revisions"}],"predecessor-version":[{"id":11595,"href":"https:\/\/gursk.ro\/shop\/wp-json\/wp\/v2\/product\/3406\/revisions\/11595"}],"wp:featuredmedia":[{"embeddable":true,"href":"https:\/\/gursk.ro\/shop\/wp-json\/wp\/v2\/media\/3436"}],"wp:attachment":[{"href":"https:\/\/gursk.ro\/shop\/wp-json\/wp\/v2\/media?parent=3406"}],"wp:term":[{"taxonomy":"product_brand","embeddable":true,"href":"https:\/\/gursk.ro\/shop\/wp-json\/wp\/v2\/product_brand?post=3406"},{"taxonomy":"product_cat","embeddable":true,"href":"https:\/\/gursk.ro\/shop\/wp-json\/wp\/v2\/product_cat?post=3406"},{"taxonomy":"product_tag","embeddable":true,"href":"https:\/\/gursk.ro\/shop\/wp-json\/wp\/v2\/product_tag?post=3406"},{"taxonomy":"product_partner","embeddable":true,"href":"https:\/\/gursk.ro\/shop\/wp-json\/wp\/v2\/product_partner?post=3406"}],"curies":[{"name":"wp","href":"https:\/\/api.w.org\/{rel}","templated":true}]}}