{"id":337,"date":"2025-09-18T17:23:59","date_gmt":"2025-09-18T14:23:59","guid":{"rendered":"https:\/\/gursk.ro\/shop\/?post_type=product&#038;p=337"},"modified":"2026-04-08T10:24:26","modified_gmt":"2026-04-08T07:24:26","slug":"varf-fotona-preciso-300-20-cylindrical-quartz-83890","status":"publish","type":"product","link":"https:\/\/gursk.ro\/shop\/produs\/varf-fotona-preciso-300-20-cylindrical-quartz-83890\/","title":{"rendered":"V\u00e2rf Fotona RECISO 300\/20: Cylindrical, quartz 83890"},"content":{"rendered":"<p>Acest tip de v\u00e2rf este utilizat pentru proceduri de perio &#8211; chiuretaj \u00eenchis, \u00eendep\u0103rtarea resturilor subgingivale \u0219i \u021besutul granular, convenabil \u00een zone greu accesibile.<\/p>\n<p>&nbsp;<\/p>\n","protected":false},"excerpt":{"rendered":"<p>Acest tip de v\u00e2rf este utilizat pentru proceduri de perio &#8211; chiuretaj \u00eenchis, \u00eendep\u0103rtarea resturilor subgingivale \u0219i \u021besutul granular, convenabil \u00een zone greu accesibile.<\/p>\n","protected":false},"featured_media":364,"comment_status":"closed","ping_status":"closed","template":"","meta":{"_kad_blocks_custom_css":"","_kad_blocks_head_custom_js":"","_kad_blocks_body_custom_js":"","_kad_blocks_footer_custom_js":"","_kadence_starter_templates_imported_post":false,"_kad_post_transparent":"default","_kad_post_title":"","_kad_post_layout":"default","_kad_post_sidebar_id":"","_kad_post_content_style":"default","_kad_post_vertical_padding":"default","_kad_post_feature":"","_kad_post_feature_position":"","_kad_post_header":false,"_kad_post_footer":false,"_kad_post_classname":""},"product_brand":[404],"product_cat":[54,55],"product_tag":[470],"product_partner":[],"class_list":{"0":"post-337","1":"product","2":"type-product","3":"status-publish","4":"has-post-thumbnail","6":"product_brand-fotona","7":"product_cat-echipamente-stomatologice","8":"product_cat-lasere-dentare","9":"product_tag-preorder","11":"first","12":"instock","13":"taxable","14":"shipping-taxable","15":"purchasable","16":"product-type-simple","17":"entry","18":"content-bg","19":"loop-entry"},"taxonomy_info":{"product_brand":[{"value":404,"label":"FOTONA"}],"product_cat":[{"value":54,"label":"Echipamente Stomatologice"},{"value":55,"label":"Lasere dentare"}],"product_tag":[{"value":470,"label":"#preorder"}]},"featured_image_src_large":["https:\/\/gursk.ro\/shop\/wp-content\/uploads\/2020\/07\/1376249_big-1024x1024.jpg",1024,1024,true],"author_info":[],"comment_info":0,"_links":{"self":[{"href":"https:\/\/gursk.ro\/shop\/wp-json\/wp\/v2\/product\/337","targetHints":{"allow":["GET"]}}],"collection":[{"href":"https:\/\/gursk.ro\/shop\/wp-json\/wp\/v2\/product"}],"about":[{"href":"https:\/\/gursk.ro\/shop\/wp-json\/wp\/v2\/types\/product"}],"replies":[{"embeddable":true,"href":"https:\/\/gursk.ro\/shop\/wp-json\/wp\/v2\/comments?post=337"}],"wp:featuredmedia":[{"embeddable":true,"href":"https:\/\/gursk.ro\/shop\/wp-json\/wp\/v2\/media\/364"}],"wp:attachment":[{"href":"https:\/\/gursk.ro\/shop\/wp-json\/wp\/v2\/media?parent=337"}],"wp:term":[{"taxonomy":"product_brand","embeddable":true,"href":"https:\/\/gursk.ro\/shop\/wp-json\/wp\/v2\/product_brand?post=337"},{"taxonomy":"product_cat","embeddable":true,"href":"https:\/\/gursk.ro\/shop\/wp-json\/wp\/v2\/product_cat?post=337"},{"taxonomy":"product_tag","embeddable":true,"href":"https:\/\/gursk.ro\/shop\/wp-json\/wp\/v2\/product_tag?post=337"},{"taxonomy":"product_partner","embeddable":true,"href":"https:\/\/gursk.ro\/shop\/wp-json\/wp\/v2\/product_partner?post=337"}],"curies":[{"name":"wp","href":"https:\/\/api.w.org\/{rel}","templated":true}]}}