{"id":33579,"date":"2026-04-01T12:45:32","date_gmt":"2026-04-01T09:45:32","guid":{"rendered":"https:\/\/gursk.ro\/shop\/?post_type=product&#038;p=33579"},"modified":"2026-04-03T13:51:58","modified_gmt":"2026-04-03T10:51:58","slug":"regenerare-osoasa-ghidata-galati","status":"publish","type":"product","link":"https:\/\/gursk.ro\/shop\/produs\/regenerare-osoasa-ghidata-galati\/","title":{"rendered":"Regenerare osoas\u0103 ghidat\u0103"},"content":{"rendered":"<p>Programul acoper\u0103 \u00een detaliu <strong>design-ul \u0219i tipurile de lambouri, tehnicile de recoltare a osului autogen, compara\u021bia dintre GBR \u0219i bone block, precum \u0219i utilizarea sistemelor de fixare<\/strong> (pini de titan \u0219i micro\u0219uruburi de osteosintez\u0103) \u0219i a membranelor resorbabile sau neresorbabile.<br \/>\nO aten\u021bie special\u0103 este acordat\u0103 <strong>managementului \u021besutului moale \u00een func\u021bie de zona de lucru (estetic\u0103 sau posterioar\u0103, maxilar sau mandibul\u0103)<\/strong>, tehnicilor de eliberare a lambourilor \u0219i realiz\u0103rii suturilor f\u0103r\u0103 tensiune, cu prezentarea tipurilor de suturi \u0219i a indica\u021biilor acestora. Se vor aborda de asemenea alegerea \u0219i manipularea xenogrefei osoase, precum \u0219i tipurile de grefe de \u021besut moale utilizate \u00eenainte \u0219i dupa augmentarea osoas\u0103. Cursul se \u00eencheie cu <strong>module dedicate prevenirii \u0219i gestion\u0103rii accidentelor intraoperatorii \u0219i complica\u021biilor postoperatorii,<\/strong> oferind participan\u021bilor o baz\u0103 solid\u0103 pentru ob\u021binerea de rezultate predictibile \u0219i reproductibile \u00een practica clinic\u0103.<\/p>\n<h3><strong>Ce vei \u00eenv\u0103\u021ba?<\/strong><\/h3>\n<p><strong>Cuno\u0219tin\u021be teoretice<\/strong><br \/>\nExplicarea principiilor biologice \u0219i clinice ale augment\u0103rii osoase \u0219i GBR.<br \/>\nIdentificarea indica\u021biilor, contraindica\u021biilor \u0219i factorilor de risc.<br \/>\nEvaluarea \u0219i interpretarea corect\u0103 a cazurilor clinice pentru alegerea strategiei terapeutice optime.<\/p>\n<p><strong>Luarea deciziilor clinice<\/strong><br \/>\nAlegerea individualizat\u0103 a celei mai bune op\u021biuni de tratament.<br \/>\nDeterminarea \u201etiming-ului\u201d optim al augment\u0103rilor osoase \u00een raport cu plasarea implanturilor \u0219i planul protetic final.<\/p>\n<p><strong>Abilit\u0103\u021bi practice (manualitate)<\/strong><br \/>\nManipularea corect\u0103 a materialelor \u0219i instrumentarului specific.<br \/>\nAplicarea pas cu pas a secven\u021bei operatorii pentru GBR.<br \/>\nExersarea tehnicilor chirurgicale pentru rezultate predictibile \u0219i reproductibile.<\/p>\n<p><strong>Integrarea \u00een practica clinic\u0103<\/strong><br \/>\nDezvoltarea clarit\u0103\u021bii \u0219i siguran\u021bei \u00een aplicarea tehnicilor.<br \/>\nStrategii de prevenire \u0219i gestionare a complica\u021biilor postoperatorii.<br \/>\nMonitorizarea \u0219i evaluarea rezultatelor pe termen scurt \u0219i lung.<\/p>\n<h3><strong>Program partea teoretic\u0103:<\/strong><\/h3>\n<p><strong>Obiectiv: \u00een\u021belegerea principiilor, clasific\u0103rilor \u0219i deciziilor terapeutice \u00een GBR<\/strong><\/p>\n<ul>\n<li>Clasificarea defectelor osoase \u0219i necesitatea augmentarilor<\/li>\n<li>Clasificarea defectelor (horizontale, verticale, combinate);<\/li>\n<li>Indica\u021bii pentru augment\u0103ri laterale \u0219i verticale;<\/li>\n<li>\u201cDecision Tree\u201d \u00een GBR \u0219i zona estetic\u0103;<\/li>\n<li>Algoritmul decizional pas-cu-pas;<\/li>\n<li>Particularit\u0103\u021bi \u00een zona estetic\u0103 versus zone posterioare<\/li>\n<\/ul>\n<p><strong>10:15 \u2013 10:30 \u2013 Pauz\u0103 de cafea<\/strong><\/p>\n<p><strong>Design de lambou \u0219i recoltare os autogen<\/strong><br \/>\n\u2022 Tipuri de lambouri \u00een func\u021bie de localizare;<br \/>\n\u2022 Tehnici de recoltare os autogen.<br \/>\n<strong>GBR vs Bone Block<\/strong><br \/>\n\u2022 Indica\u021bii \u0219i limit\u0103ri;<br \/>\n\u2022 Criterii de alegere.<br \/>\n<strong>Materiale \u0219i instrumentar \u00een GBR<\/strong><br \/>\n\u2022 Sisteme de fixare: pini titan, microsuruburi;<br \/>\n\u2022 Membrane resorbabile \u0219i neresorbabile;<br \/>\n\u2022 Alegerea \u0219i manipularea xenogrefei osoase.<br \/>\n<strong>Managementul \u021besutului moale \u0219i tipuri de suturi<\/strong><br \/>\n\u2022 Lambouri f\u0103r\u0103 tensiune, tehnici de eliberare;<br \/>\n\u2022 Tipuri de suturi \u0219i indica\u021bii;<br \/>\n\u2022 Grefe de \u021besut moale pre- \u0219i post-augmentare.<br \/>\n<strong>Accidente \u0219i complica\u021bii \u00een GBR<\/strong><br \/>\n\u2022 Management intraoperator \u0219i postoperator;<br \/>\n\u2022 Preven\u021bie \u0219i tratament<\/p>\n<p><strong>13:00 \u2013 14:00 \u2013 Pauz\u0103 de pr\u00e2nz<\/strong><\/p>\n<h3>Program HANDS-ON. Partea practic\u0103<\/h3>\n<p><strong>Obiectiv: dob\u00e2ndirea abilit\u0103\u021bilor manuale \u00een secven\u021ba operatorie de GBR<\/strong><\/p>\n<p><strong>Design \u0219i incizie lambou pe model\/mandibul\u0103 porcin\u0103<\/strong><br \/>\n\u2022 Incizie crestal\u0103, desc\u0103rc\u0103toare;<br \/>\n\u2022 Tehnici de disec\u021bie \u0219i expunere a osului<br \/>\n<strong>Fixarea membranei \u0219i a grefei osoase<\/strong><br \/>\n\u2022 Modelare \u0219i adaptare membran\u0103;<br \/>\n\u2022 Utilizarea pinilor\/micro\u0219uruburilor;<br \/>\n\u2022 Adaptarea xenogrefei \u0219i fixarea ei.<\/p>\n<p><strong>15:30 \u2013 16:00 \u2013 Pauz\u0103 de cafea<\/strong><\/p>\n<p><strong>Tehnici de eliberare a lambourilor \u0219i sutur\u0103 f\u0103r\u0103 tensiune<\/strong><br \/>\n\u2022 Periostotomii verticale;<br \/>\n\u2022 Suturi simple, mattress, combinat;<br \/>\n<strong>Exerci\u021bii practice<\/strong><br \/>\n\u2022 Simulare management complica\u021bii intraoperatorii;<br \/>\n\u2022 Rupere de membran\u0103;<br \/>\n\u2022 S\u00e2nger\u0103ri;<br \/>\n\u2022 Adaptare \u00een caz de defecte mari.<\/p>\n<h3>Pentru cine este acest curs?<\/h3>\n<p>Cursul este dedicat medicilor care doresc s\u0103 \u00een\u021beleag\u0103 \u00een profunzime principiile \u0219i logica regener\u0103rii osoase, medicilor care doresc s\u0103 dob\u00e2ndeasc\u0103 siguran\u021b\u0103 \u00een aplicarea tehnicilor de augmentare osoas\u0103 \u0219i vor s\u0103 \u00een\u021beleag\u0103 nu doar \u201ecum\u201d, ci mai ales \u201ec\u00e2nd\u201d \u0219i \u201ede ce\u201d aleg o anumit\u0103 strategie terapeutic\u0103<\/p>\n<h3>De ce s\u0103 participi?<\/h3>\n<ul>\n<li>Acces la un algoritm decizional clar (Decision Tree) aplicabil imediat<\/li>\n<li>Integrarea teoriei cu cazuri clinice reale<\/li>\n<li>Claritate \u00een alegerea tehnicii \u0219i a timing-ului tratamentului<\/li>\n<li>Exersarea tehnicilor \u00eentr-un mediu controlat<\/li>\n<li>Dezvoltarea unei abord\u0103ri predictibile \u0219i reproductibile<\/li>\n<li>\u00cembun\u0103t\u0103\u021birea managementului complica\u021biilor \u0219i a rezultatelor pe termen lung<\/li>\n<\/ul>\n<h3>Tarife \u0219i \u00eenscrieri<\/h3>\n<p><strong>430 EUR + TVA \u2013 EarlyDays (primele 10 locuri)<\/strong><br \/>\n<strong>470 EUR + TVA \u2013 SmartDays<\/strong><\/p>\n<p>Locuri disponibile: 25 participan\u021bi<\/p>\n<p>Hands-on: pe mandibule \u0219i maxilare de porc<\/p>\n<p>Materialele \u0219i echipamentele sunt asigurate de organizator<\/p>\n<h3>Pentru informa\u021bii \u0219i \u00eenregistrare<\/h3>\n<p>Email: <a href=\"mailto:events@gurskmedica.ro\">events@gurskmedica.ro<\/a><br \/>\nTelefon: Adriana Steriopol \u2013 0730 532 463<\/p>\n","protected":false},"excerpt":{"rendered":"<p data-start=\"288\" data-end=\"641\">Acest curs intensiv \u00ee\u0219i propune s\u0103 ofere o <strong>\u00een\u021belegere complet\u0103 a principiilor, indica\u021biilor \u0219i tehnicilor implicate \u00een regenerarea osoas\u0103 ghidat\u0103 (GBR) \u0219i augment\u0103rile osoase laterale \u0219i verticale.<\/strong> Participan\u021bii vor \u00eenv\u0103\u021ba s\u0103 clasifice corect defectele osoase \u0219i s\u0103 utilizeze un <strong>\u201edecision tree\u201d<\/strong> practic pentru selectarea celei mai potrivite abord\u0103ri, inclusiv particularit\u0103\u021bile tratamentului \u00een zona estetic\u0103 comparativ cu regiunile posterioare.<\/p>\n<p data-start=\"288\" data-end=\"641\"><strong>Gala\u021bi, 14 noiembrie 2026<\/strong><br \/>\n<strong>Tarif preferen\u021bial EarlyDays \u2013 valabil pentru primele 10 locuri<\/strong><br \/>\n<a href=\"https:\/\/gursk.ro\/shop\/wp-content\/uploads\/2026\/04\/Regenerare-osoasa-ghidata.Galati.pdf\"><strong>Descarc\u0103 bro\u0219ura curs<\/strong><\/a><\/p>\n","protected":false},"featured_media":33580,"comment_status":"open","ping_status":"closed","template":"","meta":{"_kad_blocks_custom_css":"","_kad_blocks_head_custom_js":"","_kad_blocks_body_custom_js":"","_kad_blocks_footer_custom_js":"","_kadence_starter_templates_imported_post":false,"_kad_post_transparent":"default","_kad_post_title":"","_kad_post_layout":"default","_kad_post_sidebar_id":"","_kad_post_content_style":"default","_kad_post_vertical_padding":"default","_kad_post_feature":"","_kad_post_feature_position":"","_kad_post_header":false,"_kad_post_footer":false,"_kad_post_classname":""},"product_brand":[420],"product_cat":[377],"product_tag":[468,538],"product_partner":[473],"class_list":{"0":"post-33579","1":"product","2":"type-product","3":"status-publish","4":"has-post-thumbnail","6":"product_brand-purgo","7":"product_cat-cursuri-stomatologie","8":"product_tag-gurskevents","9":"product_tag-curs-regenerare-osoasa","10":"product_partner-purgo","12":"first","13":"instock","14":"sale","15":"virtual","16":"taxable","17":"purchasable","18":"product-type-simple","19":"entry","20":"content-bg","21":"loop-entry"},"taxonomy_info":{"product_brand":[{"value":420,"label":"PURGO"}],"product_cat":[{"value":377,"label":"Cursuri stomatologie"}],"product_tag":[{"value":468,"label":"#gurskevents"},{"value":538,"label":"curs regenerare osoas\u0103"}],"product_partner":[{"value":473,"label":"Purgo"}]},"featured_image_src_large":["https:\/\/gursk.ro\/shop\/wp-content\/uploads\/2026\/04\/Regenerare-osoasa-ghidata-1024x1024.jpg",1024,1024,true],"author_info":[],"comment_info":0,"_links":{"self":[{"href":"https:\/\/gursk.ro\/shop\/wp-json\/wp\/v2\/product\/33579","targetHints":{"allow":["GET"]}}],"collection":[{"href":"https:\/\/gursk.ro\/shop\/wp-json\/wp\/v2\/product"}],"about":[{"href":"https:\/\/gursk.ro\/shop\/wp-json\/wp\/v2\/types\/product"}],"replies":[{"embeddable":true,"href":"https:\/\/gursk.ro\/shop\/wp-json\/wp\/v2\/comments?post=33579"}],"wp:featuredmedia":[{"embeddable":true,"href":"https:\/\/gursk.ro\/shop\/wp-json\/wp\/v2\/media\/33580"}],"wp:attachment":[{"href":"https:\/\/gursk.ro\/shop\/wp-json\/wp\/v2\/media?parent=33579"}],"wp:term":[{"taxonomy":"product_brand","embeddable":true,"href":"https:\/\/gursk.ro\/shop\/wp-json\/wp\/v2\/product_brand?post=33579"},{"taxonomy":"product_cat","embeddable":true,"href":"https:\/\/gursk.ro\/shop\/wp-json\/wp\/v2\/product_cat?post=33579"},{"taxonomy":"product_tag","embeddable":true,"href":"https:\/\/gursk.ro\/shop\/wp-json\/wp\/v2\/product_tag?post=33579"},{"taxonomy":"product_partner","embeddable":true,"href":"https:\/\/gursk.ro\/shop\/wp-json\/wp\/v2\/product_partner?post=33579"}],"curies":[{"name":"wp","href":"https:\/\/api.w.org\/{rel}","templated":true}]}}