{"id":33004,"date":"2026-02-16T08:49:19","date_gmt":"2026-02-16T05:49:19","guid":{"rendered":"https:\/\/gursk.ro\/shop\/?post_type=product&#038;p=33004"},"modified":"2026-04-17T13:22:49","modified_gmt":"2026-04-17T10:22:49","slug":"curs-inserare-si-incarcare-imediata","status":"publish","type":"product","link":"https:\/\/gursk.ro\/shop\/produs\/curs-inserare-si-incarcare-imediata\/","title":{"rendered":"Inserarea imediat postextrac\u021bional\u0103 \u0219i \u00eenc\u0103rcarea imediat\u0103 \u00een zona estetic\u0103"},"content":{"rendered":"<p>Acest curs propune o <strong>abordare sistematic\u0103<\/strong>, fundamentat\u0103 biologic \u0219i orientat\u0103 clinic, a inser\u0103rii imediate \u00een zona estetic\u0103, cu accent pe corelarea planific\u0103rii protetice cu execu\u021bia chirurgical\u0103. <span data-contrast=\"auto\">Componenta\u00a0practic\u0103\u00a0este\u00a0orientat\u0103\u00a0c\u0103tre\u00a0reproducerea\u00a0fidel\u0103\u00a0a\u00a0etapelor\u00a0clinice:\u00a0<strong>prepararea\u00a0alveolei\u00a0postextrac\u021bionale,\u00a0ob\u021binerea\u00a0stabilit\u0103\u021bii\u00a0primare\u00a0adecvate\u00a0pentru\u00a0\u00eenc\u0103rcare\u00a0imediat\u0103\u00a0\u0219i\u00a0realizarea\u00a0restaur\u0103rii\u00a0provizorii\u00a0cu\u00a0profil\u00a0de\u00a0emergen\u021b\u0103\u00a0controlat.<\/strong><\/span><span data-ccp-props=\"{&quot;134233117&quot;:false,&quot;134233118&quot;:false,&quot;335551550&quot;:0,&quot;335551620&quot;:0,&quot;335559738&quot;:240,&quot;335559739&quot;:240}\">\u00a0<\/span><span data-contrast=\"auto\">La final,\u00a0participan\u021bii\u00a0vor\u00a0avea\u00a0o\u00a0\u00een\u021belegere\u00a0clar\u0103\u00a0a\u00a0condi\u021biilor\u00a0\u00een\u00a0care\u00a0protocolul\u00a0poate\u00a0fi\u00a0aplicat\u00a0\u00een\u00a0siguran\u021b\u0103\u00a0\u0219i\u00a0predictibilitate, precum\u00a0\u0219i\u00a0a\u00a0situa\u021biilor\u00a0\u00een\u00a0care\u00a0este\u00a0contraindicat.<\/span><span data-ccp-props=\"{&quot;134233117&quot;:false,&quot;134233118&quot;:false,&quot;335551550&quot;:0,&quot;335551620&quot;:0,&quot;335559738&quot;:240,&quot;335559739&quot;:240}\">\u00a0<\/span><\/p>\n<h3><span data-contrast=\"auto\">Vor fi\u00a0analizate:<\/span><span data-ccp-props=\"{&quot;134233117&quot;:false,&quot;134233118&quot;:false,&quot;335551550&quot;:0,&quot;335551620&quot;:0,&quot;335559738&quot;:240,&quot;335559739&quot;:240}\">\u00a0<\/span><\/h3>\n<ul>\n<li><span data-contrast=\"auto\">criteriile\u00a0de\u00a0selec\u021bie\u00a0a\u00a0cazurilor\u00a0\u00een\u00a0zona\u00a0estetic\u0103<\/span><span data-ccp-props=\"{&quot;134233117&quot;:false,&quot;134233118&quot;:false,&quot;335551550&quot;:0,&quot;335551620&quot;:0,&quot;335559738&quot;:240,&quot;335559739&quot;:240}\">\u00a0<\/span><\/li>\n<li><span data-contrast=\"auto\">evaluarea\u00a0preoperatorie\u00a0prin\u00a0CBCT\u00a0\u0219i\u00a0planificare\u00a0protetic\u00a0ghidat\u0103<\/span><span data-ccp-props=\"{&quot;134233117&quot;:false,&quot;134233118&quot;:false,&quot;335551550&quot;:0,&quot;335551620&quot;:0,&quot;335559738&quot;:240,&quot;335559739&quot;:240}\">\u00a0<\/span><\/li>\n<li><span data-contrast=\"auto\">extrac\u021bia\u00a0atraumatic\u0103\u00a0cu\u00a0prezervarea\u00a0pere\u021bilor\u00a0alveolari<\/span><span data-ccp-props=\"{&quot;134233117&quot;:false,&quot;134233118&quot;:false,&quot;335551550&quot;:0,&quot;335551620&quot;:0,&quot;335559738&quot;:240,&quot;335559739&quot;:240}\">\u00a0<\/span><\/li>\n<li><span data-contrast=\"auto\">pozi\u021bionarea\u00a0tridimensional\u0103\u00a0corect\u0103\u00a0a\u00a0implantului\u00a0(apico-coronar,\u00a0vestibulo-oral\u00a0\u0219i\u00a0mezio-distal)<\/span><span data-ccp-props=\"{&quot;134233117&quot;:false,&quot;134233118&quot;:false,&quot;335551550&quot;:0,&quot;335551620&quot;:0,&quot;335559738&quot;:240,&quot;335559739&quot;:240}\">\u00a0<\/span><\/li>\n<li><span data-contrast=\"auto\">managementul\u00a0spa\u021biului\u00a0dintre\u00a0implant\u00a0\u0219i\u00a0corticala\u00a0vestibular\u0103\u00a0(\u201ejumping gap\u201d)<\/span><span data-ccp-props=\"{&quot;134233117&quot;:false,&quot;134233118&quot;:false,&quot;335551550&quot;:0,&quot;335551620&quot;:0,&quot;335559738&quot;:240,&quot;335559739&quot;:240}\">\u00a0<\/span><\/li>\n<li><span data-contrast=\"auto\">utilizarea\u00a0substituen\u021bilor\u00a0oso\u0219i\u00a0\u00een\u00a0zona\u00a0vestibular\u0103\u00a0pentru\u00a0men\u021binerea\u00a0volumului<\/span><span data-ccp-props=\"{&quot;134233117&quot;:false,&quot;134233118&quot;:false,&quot;335551550&quot;:0,&quot;335551620&quot;:0,&quot;335559738&quot;:240,&quot;335559739&quot;:240}\">\u00a0<\/span><\/li>\n<\/ul>\n<h3 aria-level=\"3\"><strong>Cui se adreseaz\u0103 cursul\u00a0<\/strong><\/h3>\n<p><span data-contrast=\"auto\"><strong>Cursul\u00a0se\u00a0adreseaz\u0103\u00a0medicilor\u00a0care\u00a0practic\u0103\u00a0deja\u00a0implantologia<\/strong> \u0219i doresc s\u0103 introduc\u0103 sau s\u0103 rafineze protocolul de inserare imediat\u0103 postextrac\u021bional\u0103 \u00een zona estetic\u0103. Este potrivit pentru clinicienii care urm\u0103resc un control mai riguros al pozi\u021bion\u0103rii tridimensionale a implantului, al stabilit\u0103\u021bii primare \u0219i al managementului \u021besuturilor moi peri-implantare.<\/span><span data-ccp-props=\"{&quot;134233117&quot;:false,&quot;134233118&quot;:false,&quot;335551550&quot;:0,&quot;335551620&quot;:0,&quot;335559738&quot;:240,&quot;335559739&quot;:240}\"> \u00a0<\/span><span data-contrast=\"auto\">De asemenea, se adreseaz\u0103 <strong>medicilor\u00a0interesa\u021bi\u00a0de\u00a0optimizarea\u00a0restaur\u0103rii\u00a0provizorii\u00a0imediate<\/strong>\u00a0<strong>\u0219i\u00a0de\u00a0controlul\u00a0profilului\u00a0de\u00a0emergen\u021b\u0103<\/strong>\u00a0\u00een\u00a0vederea\u00a0ob\u021binerii\u00a0unei\u00a0stabilit\u0103\u021bi\u00a0estetice\u00a0pe termen lung.<\/span><span data-ccp-props=\"{&quot;134233117&quot;:false,&quot;134233118&quot;:false,&quot;335551550&quot;:0,&quot;335551620&quot;:0,&quot;335559738&quot;:240,&quot;335559739&quot;:240}\">\u00a0<\/span><\/p>\n<h3 aria-level=\"2\"><\/h3>\n<h3 aria-level=\"2\"><b><span data-contrast=\"auto\">Structura cursului<\/span><\/b><\/h3>\n<h3 aria-level=\"3\"><b><span data-contrast=\"auto\">PARTEA I \u2013\u00a0Con\u021binut\u00a0teoretic\u00a0\u0219i\u00a0cazuri\u00a0clinice<\/span><\/b><span data-ccp-props=\"{&quot;134233117&quot;:false,&quot;134233118&quot;:false,&quot;134245418&quot;:true,&quot;134245529&quot;:true,&quot;335551550&quot;:0,&quot;335551620&quot;:0,&quot;335559738&quot;:281,&quot;335559739&quot;:281}\">\u00a0<\/span><\/h3>\n<p><b><span data-contrast=\"auto\">Fundamentele\u00a0inser\u0103rii\u00a0\u0219i\u00a0\u00eenc\u0103rc\u0103rii\u00a0imediate<\/span><\/b><span data-ccp-props=\"{&quot;134233117&quot;:false,&quot;134233118&quot;:false,&quot;335551550&quot;:0,&quot;335551620&quot;:0,&quot;335559738&quot;:240,&quot;335559739&quot;:240}\">\u00a0<\/span><\/p>\n<ul>\n<li><span data-contrast=\"auto\">Indica\u021bii\u00a0\u0219i\u00a0contraindica\u021bii\u00a0\u00een\u00a0zona\u00a0estetic\u0103<\/span><span data-ccp-props=\"{&quot;134233117&quot;:false,&quot;134233118&quot;:false,&quot;335551550&quot;:0,&quot;335551620&quot;:0,&quot;335559738&quot;:240,&quot;335559739&quot;:240}\">\u00a0<\/span><\/li>\n<li><span data-contrast=\"auto\">Factori\u00a0biologici\u00a0care\u00a0influen\u021beaz\u0103\u00a0stabilitatea\u00a0marginal\u0103<\/span><span data-ccp-props=\"{&quot;134233117&quot;:false,&quot;134233118&quot;:false,&quot;335551550&quot;:0,&quot;335551620&quot;:0,&quot;335559738&quot;:240,&quot;335559739&quot;:240}\">\u00a0<\/span><\/li>\n<li><span data-contrast=\"auto\">Rolul\u00a0planific\u0103rii\u00a0digitale\u00a0\u0219i\u00a0al wax-up-ului\u00a0diagnostic<\/span><span data-ccp-props=\"{&quot;134233117&quot;:false,&quot;134233118&quot;:false,&quot;335551550&quot;:0,&quot;335551620&quot;:0,&quot;335559738&quot;:240,&quot;335559739&quot;:240}\">\u00a0<\/span><\/li>\n<li><span data-contrast=\"auto\">Analiza\u00a0grosimii\u00a0corticalei\u00a0vestibulare\u00a0\u0219i\u00a0a\u00a0biotipului\u00a0gingival<\/span><span data-ccp-props=\"{&quot;134233117&quot;:false,&quot;134233118&quot;:false,&quot;335551550&quot;:0,&quot;335551620&quot;:0,&quot;335559738&quot;:240,&quot;335559739&quot;:240}\">\u00a0<\/span><\/li>\n<li><span data-contrast=\"auto\">Evaluarea\u00a0riscului\u00a0de\u00a0recesiune<\/span><span data-ccp-props=\"{&quot;134233117&quot;:false,&quot;134233118&quot;:false,&quot;335551550&quot;:0,&quot;335551620&quot;:0,&quot;335559738&quot;:240,&quot;335559739&quot;:240}\">\u00a0<\/span><\/li>\n<\/ul>\n<p><b><span data-contrast=\"auto\">Managementul\u00a0\u021besuturilor\u00a0dure\u00a0\u0219i\u00a0moi<\/span><\/b><span data-ccp-props=\"{&quot;134233117&quot;:false,&quot;134233118&quot;:false,&quot;335551550&quot;:0,&quot;335551620&quot;:0,&quot;335559738&quot;:240,&quot;335559739&quot;:240}\">\u00a0<\/span><\/p>\n<ul>\n<li><span data-contrast=\"auto\">Tehnici\u00a0de\u00a0extrac\u021bie\u00a0atraumatic\u0103<\/span><span data-ccp-props=\"{&quot;134233117&quot;:false,&quot;134233118&quot;:false,&quot;335551550&quot;:0,&quot;335551620&quot;:0,&quot;335559738&quot;:240,&quot;335559739&quot;:240}\">\u00a0<\/span><\/li>\n<li><span data-contrast=\"auto\">Controlul\u00a0peretelui\u00a0vestibular<\/span><span data-ccp-props=\"{&quot;134233117&quot;:false,&quot;134233118&quot;:false,&quot;335551550&quot;:0,&quot;335551620&quot;:0,&quot;335559738&quot;:240,&quot;335559739&quot;:240}\">\u00a0<\/span><\/li>\n<li><span data-contrast=\"auto\">Pozi\u021bionarea\u00a0implantului\u00a0raportat\u00a0la\u00a0linia\u00a0amelo-cementar\u0103\u00a0\u0219i\u00a0la\u00a0restaurarea\u00a0final\u0103<\/span><span data-ccp-props=\"{&quot;134233117&quot;:false,&quot;134233118&quot;:false,&quot;335551550&quot;:0,&quot;335551620&quot;:0,&quot;335559738&quot;:240,&quot;335559739&quot;:240}\">\u00a0<\/span><\/li>\n<li><span data-contrast=\"auto\">Managementul\u00a0jumping gap-ului\u00a0\u0219i\u00a0indica\u021biile\u00a0pentru\u00a0grefare<\/span><span data-ccp-props=\"{&quot;134233117&quot;:false,&quot;134233118&quot;:false,&quot;335551550&quot;:0,&quot;335551620&quot;:0,&quot;335559738&quot;:240,&quot;335559739&quot;:240}\">\u00a0<\/span><\/li>\n<li><span data-contrast=\"auto\">Stabilitatea\u00a0\u021besuturilor\u00a0moi\u00a0\u0219i\u00a0importan\u021ba\u00a0profilului\u00a0de\u00a0emergen\u021b\u0103<\/span><span data-ccp-props=\"{&quot;134233117&quot;:false,&quot;134233118&quot;:false,&quot;335551550&quot;:0,&quot;335551620&quot;:0,&quot;335559738&quot;:240,&quot;335559739&quot;:240}\">\u00a0<\/span><\/li>\n<li><span data-contrast=\"auto\">Analiz\u0103\u00a0de\u00a0cazuri\u00a0clinice\u00a0documentate, cu\u00a0urm\u0103rire\u00a0\u00een\u00a0timp<\/span><span data-ccp-props=\"{&quot;134233117&quot;:false,&quot;134233118&quot;:false,&quot;335551550&quot;:0,&quot;335551620&quot;:0,&quot;335559738&quot;:240,&quot;335559739&quot;:240}\">\u00a0<\/span><\/li>\n<\/ul>\n<h3 aria-level=\"3\"><b><span data-contrast=\"auto\">PARTEA II \u2013 Hands-on Workshop<\/span><\/b><span data-ccp-props=\"{&quot;134233117&quot;:false,&quot;134233118&quot;:false,&quot;134245418&quot;:true,&quot;134245529&quot;:true,&quot;335551550&quot;:0,&quot;335551620&quot;:0,&quot;335559738&quot;:281,&quot;335559739&quot;:281}\">\u00a0<\/span><\/h3>\n<p><b><span data-contrast=\"auto\">Inserarea\u00a0imediat\u0103\u00a0postextrac\u021bional\u0103<\/span><\/b><span data-ccp-props=\"{&quot;134233117&quot;:false,&quot;134233118&quot;:false,&quot;335551550&quot;:0,&quot;335551620&quot;:0,&quot;335559738&quot;:240,&quot;335559739&quot;:240}\">\u00a0<\/span><\/p>\n<ul>\n<li><span data-contrast=\"auto\">Evaluarea\u00a0alveolei\u00a0postextrac\u021bionale<\/span><span data-ccp-props=\"{&quot;134233117&quot;:false,&quot;134233118&quot;:false,&quot;335551550&quot;:0,&quot;335551620&quot;:0,&quot;335559738&quot;:240,&quot;335559739&quot;:240}\">\u00a0<\/span><\/li>\n<li><span data-contrast=\"auto\">Secven\u021ba\u00a0de\u00a0foraj\u00a0adaptat\u0103\u00a0situa\u021biei\u00a0clinice<\/span><span data-ccp-props=\"{&quot;134233117&quot;:false,&quot;134233118&quot;:false,&quot;335551550&quot;:0,&quot;335551620&quot;:0,&quot;335559738&quot;:240,&quot;335559739&quot;:240}\">\u00a0<\/span><\/li>\n<li><span data-contrast=\"auto\">Ob\u021binerea\u00a0stabilit\u0103\u021bii\u00a0primare\u00a0(criterii\u00a0clinice\u00a0\u0219i\u00a0valori\u00a0orientative)<\/span><span data-ccp-props=\"{&quot;134233117&quot;:false,&quot;134233118&quot;:false,&quot;335551550&quot;:0,&quot;335551620&quot;:0,&quot;335559738&quot;:240,&quot;335559739&quot;:240}\">\u00a0<\/span><\/li>\n<li><span data-contrast=\"auto\">Inserarea\u00a0implantului\u00a0\u00een\u00a0pozi\u021bie\u00a0protetic\u00a0planificat\u0103<\/span><span data-ccp-props=\"{&quot;134233117&quot;:false,&quot;134233118&quot;:false,&quot;335551550&quot;:0,&quot;335551620&quot;:0,&quot;335559738&quot;:240,&quot;335559739&quot;:240}\">\u00a0<\/span><\/li>\n<li><span data-contrast=\"auto\">Augmentarea\u00a0spa\u021biului\u00a0periimplantar<\/span><span data-ccp-props=\"{&quot;134233117&quot;:false,&quot;134233118&quot;:false,&quot;335551550&quot;:0,&quot;335551620&quot;:0,&quot;335559738&quot;:240,&quot;335559739&quot;:240}\">\u00a0<\/span><\/li>\n<\/ul>\n<p><b><span data-contrast=\"auto\">\u00cenc\u0103rcarea\u00a0imediat\u0103\u00a0\u0219i\u00a0restaurarea\u00a0provizorie<\/span><\/b><span data-ccp-props=\"{&quot;134233117&quot;:false,&quot;134233118&quot;:false,&quot;335551550&quot;:0,&quot;335551620&quot;:0,&quot;335559738&quot;:240,&quot;335559739&quot;:240}\">\u00a0<\/span><\/p>\n<ul>\n<li><span data-contrast=\"auto\">Criterii\u00a0clinice\u00a0pentru\u00a0\u00eenc\u0103rcarea\u00a0imediat\u0103<\/span><span data-ccp-props=\"{&quot;134233117&quot;:false,&quot;134233118&quot;:false,&quot;335551550&quot;:0,&quot;335551620&quot;:0,&quot;335559738&quot;:240,&quot;335559739&quot;:240}\">\u00a0<\/span><\/li>\n<li><span data-contrast=\"auto\">Adaptarea\u00a0bontului\u00a0\u0219i\u00a0realizarea\u00a0provizoriului<\/span><span data-ccp-props=\"{&quot;134233117&quot;:false,&quot;134233118&quot;:false,&quot;335551550&quot;:0,&quot;335551620&quot;:0,&quot;335559738&quot;:240,&quot;335559739&quot;:240}\">\u00a0<\/span><\/li>\n<li><span data-contrast=\"auto\">Modelarea\u00a0profilului\u00a0de\u00a0emergen\u021b\u0103<\/span><span data-ccp-props=\"{&quot;134233117&quot;:false,&quot;134233118&quot;:false,&quot;335551550&quot;:0,&quot;335551620&quot;:0,&quot;335559738&quot;:240,&quot;335559739&quot;:240}\">\u00a0<\/span><\/li>\n<li><span data-contrast=\"auto\">Controlul\u00a0presiunii\u00a0asupra\u00a0\u021besuturilor\u00a0moi<\/span><span data-ccp-props=\"{&quot;134233117&quot;:false,&quot;134233118&quot;:false,&quot;335551550&quot;:0,&quot;335551620&quot;:0,&quot;335559738&quot;:240,&quot;335559739&quot;:240}\">\u00a0<\/span><\/li>\n<li><span data-contrast=\"auto\">Erori\u00a0frecvente\u00a0\u00een\u00a0zona\u00a0estetic\u0103\u00a0\u0219i\u00a0modalit\u0103\u021bi\u00a0de\u00a0prevenire<\/span><span data-ccp-props=\"{&quot;134233117&quot;:false,&quot;134233118&quot;:false,&quot;335551550&quot;:0,&quot;335551620&quot;:0,&quot;335559738&quot;:240,&quot;335559739&quot;:240}\">\u00a0<\/span><\/li>\n<\/ul>\n<h3><strong>Program detaliat:<\/strong><\/h3>\n<p><strong>09:15 \u2013 09:30:<\/strong>\u00a0\u00cenregistrarea participan\u021bilor.<\/p>\n<p><strong>09:30 \u2013 12:30:<\/strong>\u00a0Partea teoretic\u0103 (cu pauz\u0103 de cafea).<\/p>\n<p><strong>12:30 \u2013 13:30:<\/strong>\u00a0Pauza de pr\u00e2nz.<\/p>\n<p><strong>13:30 \u2013 16:00:<\/strong>\u00a0Partea practic\u0103 intens\u0103.<\/p>\n<p><strong>16:00:<\/strong>\u00a0Q&amp;A<\/p>\n<h3><\/h3>\n<h3><strong>TARIFE (one-full-day):<\/strong><\/h3>\n<p><strong>EarlyDays:<\/strong> 490 EUR + TVA (primele 10 locuri).<\/p>\n<p><strong>SmartDays:<\/strong> 590 EUR + TVA<\/p>\n<p>Cursul are un caracter aplicat, cu num\u0103r limitat de participan\u021bi (20 locuri), pentru a permite lucru individual \u0219i interac\u021biune direct\u0103 \u00een cadrul workshop-ului.<\/p>\n<h3><strong>Pentru informa\u021bii \u0219i \u00eenregistrare:<\/strong><\/h3>\n<p><strong>Email:<\/strong>\u00a0<a href=\"mailto:events@gurskmedica.ro\" rel=\"noopener\">events@gurskmedica.ro<\/a><\/p>\n<p><strong>Telefon:<\/strong>\u00a0Adriana Steriopol \u2013 0730 532 463<\/p>\n","protected":false},"excerpt":{"rendered":"<p>Zona frontal\u0103 maxilar\u0103 reprezint\u0103 una dintre cele mai exigente situa\u021bii clinice din implantologia contemporan\u0103. \u00cen acest context, succesul terapeutic nu este definit exclusiv de osteointegrare, ci de men\u021binerea volumului osos vestibular, stabilitatea \u021besuturilor moi peri-implantare \u0219i integrarea armonioas\u0103 a restaur\u0103rii provizorii \u0219i definitive \u00een ansamblul estetic. Cursul propune o abordare structurat\u0103 a protocolului de inserare imediat\u0103 postextrac\u021bional\u0103 \u0219i \u00eenc\u0103rcare imediat\u0103, cu accent pe indica\u021bii corecte, limit\u0103ri biologice \u0219i controlul factorilor de risc.<\/p>\n<p><strong>Bucure\u0219ti, 22 mai 2026<\/strong><br \/>\n<strong>Tarif preferen\u021bial EarlyDays \u2013 valabil pentru primele 10 locuri.<\/strong><br \/>\n<a href=\"https:\/\/gursk.ro\/shop\/wp-content\/uploads\/2026\/02\/Inserarea-imediat-postextractionala-si-incarcarea-imediata-in-zona-estetica.pdf\"><strong>Descarc\u0103 bro\u0219ura cursului<\/strong><\/a><\/p>\n","protected":false},"featured_media":34273,"comment_status":"open","ping_status":"closed","template":"","meta":{"_kad_blocks_custom_css":"","_kad_blocks_head_custom_js":"","_kad_blocks_body_custom_js":"","_kad_blocks_footer_custom_js":"","_kadence_starter_templates_imported_post":false,"_kad_post_transparent":"default","_kad_post_title":"","_kad_post_layout":"default","_kad_post_sidebar_id":"","_kad_post_content_style":"default","_kad_post_vertical_padding":"default","_kad_post_feature":"","_kad_post_feature_position":"","_kad_post_header":false,"_kad_post_footer":false,"_kad_post_classname":""},"product_brand":[397],"product_cat":[377],"product_tag":[468],"product_partner":[726],"class_list":{"0":"post-33004","1":"product","2":"type-product","3":"status-publish","4":"has-post-thumbnail","6":"product_brand-dentium","7":"product_cat-cursuri-stomatologie","8":"product_tag-gurskevents","9":"product_partner-dentium","11":"first","12":"instock","13":"sale","14":"virtual","15":"taxable","16":"purchasable","17":"product-type-simple","18":"entry","19":"content-bg","20":"loop-entry"},"taxonomy_info":{"product_brand":[{"value":397,"label":"DENTIUM"}],"product_cat":[{"value":377,"label":"Cursuri stomatologie"}],"product_tag":[{"value":468,"label":"#gurskevents"}],"product_partner":[{"value":726,"label":"Dentium"}]},"featured_image_src_large":["https:\/\/gursk.ro\/shop\/wp-content\/uploads\/2026\/02\/image-ad-1x1-1-1024x1024.png",1024,1024,true],"author_info":[],"comment_info":0,"_links":{"self":[{"href":"https:\/\/gursk.ro\/shop\/wp-json\/wp\/v2\/product\/33004","targetHints":{"allow":["GET"]}}],"collection":[{"href":"https:\/\/gursk.ro\/shop\/wp-json\/wp\/v2\/product"}],"about":[{"href":"https:\/\/gursk.ro\/shop\/wp-json\/wp\/v2\/types\/product"}],"replies":[{"embeddable":true,"href":"https:\/\/gursk.ro\/shop\/wp-json\/wp\/v2\/comments?post=33004"}],"wp:featuredmedia":[{"embeddable":true,"href":"https:\/\/gursk.ro\/shop\/wp-json\/wp\/v2\/media\/34273"}],"wp:attachment":[{"href":"https:\/\/gursk.ro\/shop\/wp-json\/wp\/v2\/media?parent=33004"}],"wp:term":[{"taxonomy":"product_brand","embeddable":true,"href":"https:\/\/gursk.ro\/shop\/wp-json\/wp\/v2\/product_brand?post=33004"},{"taxonomy":"product_cat","embeddable":true,"href":"https:\/\/gursk.ro\/shop\/wp-json\/wp\/v2\/product_cat?post=33004"},{"taxonomy":"product_tag","embeddable":true,"href":"https:\/\/gursk.ro\/shop\/wp-json\/wp\/v2\/product_tag?post=33004"},{"taxonomy":"product_partner","embeddable":true,"href":"https:\/\/gursk.ro\/shop\/wp-json\/wp\/v2\/product_partner?post=33004"}],"curies":[{"name":"wp","href":"https:\/\/api.w.org\/{rel}","templated":true}]}}