{"id":32731,"date":"2026-02-11T12:59:21","date_gmt":"2026-02-11T09:59:21","guid":{"rendered":"https:\/\/gursk.ro\/shop\/?post_type=product&#038;p=32731"},"modified":"2026-04-02T16:25:16","modified_gmt":"2026-04-02T13:25:16","slug":"cutie-fire-sutura-resorbabile-monosyn-g2023204","status":"publish","type":"product","link":"https:\/\/gursk.ro\/shop\/produs\/cutie-fire-sutura-resorbabile-monosyn-g2023204\/","title":{"rendered":"Cutie cu 12 fire de sutur\u0103 resorbabile Monosyn\u00ae Quick 4\/0, 45 cm, ac DS19, G2023204"},"content":{"rendered":"<p>Firul de sutur\u0103 <strong>Monosyn\u00ae Quick<\/strong> face parte din gama de suturi resorbabile monofilament B. Braun, utilizate pentru aproximarea \u021besuturilor moi \u0219i a mucoaselor atunci c\u00e2nd este necesar suportul suturii pe termen scurt. Structura monofilament reduce frecarea la trecerea prin \u021besut \u0219i limiteaz\u0103 reten\u021bia bacterian\u0103 comparativ cu firele multifilament.<\/p>\n<p>Firul p\u0103streaz\u0103 aproximativ <strong>50% din rezisten\u021ba ini\u021bial\u0103 dup\u0103 aproximativ 7 zile<\/strong>, iar degradarea complet\u0103 a materialului are loc prin hidroliz\u0103 \u00een aproximativ <strong>56 de zile<\/strong>. Acul <strong>DS19 (3\/8 cerc, reverse cutting)<\/strong> este proiectat pentru sutura pielii \u0219i ofer\u0103 o penetrare eficient\u0103 \u0219i control optim \u00een timpul suturii, reduc\u00e2nd riscul de traumatizare a \u021besutului.<\/p>\n<h3><strong>Beneficii pentru medici:<\/strong><\/h3>\n<ul>\n<li>Monofilament sintetic care reduce frecarea \u0219i faciliteaz\u0103 trecerea prin \u021besut<\/li>\n<li>Profil predictibil de resorb\u021bie prin hidroliz\u0103<\/li>\n<li>Rezisten\u021b\u0103 adecvat\u0103 pentru perioada critic\u0103 de vindecare a pielii<\/li>\n<li>Ac reverse cutting pentru penetrare precis\u0103 \u00een \u021besutul cutanat<\/li>\n<li>Stabilitate bun\u0103 a nodului \u0219i manipulare u\u0219oar\u0103 a firului<\/li>\n<\/ul>\n<h3><strong>Beneficii pentru pacien\u021bi:<\/strong><\/h3>\n<ul>\n<li>Traum\u0103 tisular\u0103 redus\u0103 datorit\u0103 structurii monofilament<\/li>\n<li>Risc redus de reac\u021bii tisulare comparativ cu firele multifilament<\/li>\n<li>Elimin\u0103 necesitatea \u00eendep\u0103rt\u0103rii suturii \u00een multe situa\u021bii clinice<\/li>\n<li>Vindecare optim\u0103 a \u021besuturilor cu absorb\u021bie gradual\u0103 a materialului<\/li>\n<\/ul>\n<h3><strong>Indica\u021bii clinice:<\/strong><\/h3>\n<ul>\n<li>Suturi dermice \u0219i cutanate<\/li>\n<li>Proceduri de chirurgie pediatric\u0103<\/li>\n<\/ul>\n<h3><strong>Profil de resorb\u021bie \u0219i reten\u021bia rezisten\u021bei firului \u2013 Monosyn\u00ae<\/strong><\/h3>\n<p><strong>Firul de sutur\u0103 Monosyn\u00ae\u00a0(gliconat monofilament)<\/strong> ofer\u0103 o reten\u021bie predictibil\u0103 a rezisten\u021bei \u00een perioada critic\u0103 de vindecare a \u021besuturilor, urmat\u0103 de degradare gradual\u0103 prin hidroliz\u0103.<\/p>\n<p><strong>Reten\u021bia rezisten\u021bei la trac\u021biune<\/strong><\/p>\n<ul>\n<li><strong>7 zile:<\/strong> aproximativ <strong>60\u201370%<\/strong> din rezisten\u021ba ini\u021bial\u0103<\/li>\n<li><strong>14 zile:<\/strong> aproximativ <strong>40\u201350%<\/strong> din rezisten\u021ba ini\u021bial\u0103<\/li>\n<li><strong>21 zile:<\/strong> aproximativ <strong>20\u201330%<\/strong> din rezisten\u021ba ini\u021bial\u0103<\/li>\n<\/ul>\n<p><strong>Profil de resorb\u021bie<\/strong><\/p>\n<ul>\n<li><strong>Mecanism de degradare:<\/strong> hidroliz\u0103 a polimerului sintetic<\/li>\n<li><strong>Pierderea complet\u0103 a rezisten\u021bei:<\/strong> aproximativ <strong>4\u20135 s\u0103pt\u0103m\u00e2ni<\/strong><\/li>\n<li><strong>Resorb\u021bie complet\u0103 \u00een organism:<\/strong> aproximativ <strong>90\u2013120 zile<\/strong><\/li>\n<\/ul>\n<p><strong>Implica\u021bii clinice<\/strong><\/p>\n<ul>\n<li>ofer\u0103 <strong>sus\u021binere adecvat\u0103 a \u021besuturilor \u00een primele s\u0103pt\u0103m\u00e2ni de vindecare<\/strong><\/li>\n<li>potrivit pentru <strong>suturi ale \u021besuturilor moi cu vindecare relativ rapid\u0103<\/strong><\/li>\n<li>elimin\u0103 necesitatea <strong>\u00eendep\u0103rt\u0103rii firului de sutur\u0103<\/strong>, deoarece materialul este resorbit complet<\/li>\n<\/ul>\n<p>&nbsp;<\/p>\n<p>&nbsp;<\/p>\n","protected":false},"excerpt":{"rendered":"<p>Monosyn\u00ae Quick este un fir de sutur\u0103 chirurgical resorbabil, sintetic, monofilament, realizat din gliconat, conceput pentru sutura \u021besuturilor cu vindecare rapid\u0103. Varianta cu ac <strong>DS19 reverse cutting<\/strong> este destinat\u0103 \u00een special <strong>suturilor cutanate<\/strong>, oferind penetrare precis\u0103 \u0219i traum\u0103 tisular\u0103 redus\u0103. Firul \u00ee\u0219i men\u021bine rezisten\u021ba ini\u021bial\u0103 pentru perioada critic\u0103 de vindecare \u0219i se resoarbe ulterior prin hidroliz\u0103.<\/p>\n","protected":false},"featured_media":33211,"comment_status":"closed","ping_status":"closed","template":"","meta":{"_kad_blocks_custom_css":"","_kad_blocks_head_custom_js":"","_kad_blocks_body_custom_js":"","_kad_blocks_footer_custom_js":"","_kadence_starter_templates_imported_post":false,"_kad_post_transparent":"default","_kad_post_title":"","_kad_post_layout":"default","_kad_post_sidebar_id":"","_kad_post_content_style":"default","_kad_post_vertical_padding":"default","_kad_post_feature":"","_kad_post_feature_position":"","_kad_post_header":false,"_kad_post_footer":false,"_kad_post_classname":""},"product_brand":[394],"product_cat":[50,88],"product_tag":[469],"product_partner":[],"class_list":{"0":"post-32731","1":"product","2":"type-product","3":"status-publish","4":"has-post-thumbnail","6":"product_brand-b-braun","7":"product_cat-biomateriale-si-materiale-de-sutura","8":"product_cat-fire-sutura","9":"product_tag-onlineorder","11":"first","12":"instock","13":"taxable","14":"shipping-taxable","15":"purchasable","16":"product-type-simple","17":"entry","18":"content-bg","19":"loop-entry"},"taxonomy_info":{"product_brand":[{"value":394,"label":"B Braun"}],"product_cat":[{"value":50,"label":"Biomateriale \u0219i materiale de sutur\u0103"},{"value":88,"label":"Fire sutur\u0103"}],"product_tag":[{"value":469,"label":"#onlineorder"}]},"featured_image_src_large":["https:\/\/gursk.ro\/shop\/wp-content\/uploads\/2026\/02\/Cutie-fire-de-sutura-resorbabile-Monosyn\u00ae-Quick.png",720,720,false],"author_info":[],"comment_info":0,"_links":{"self":[{"href":"https:\/\/gursk.ro\/shop\/wp-json\/wp\/v2\/product\/32731","targetHints":{"allow":["GET"]}}],"collection":[{"href":"https:\/\/gursk.ro\/shop\/wp-json\/wp\/v2\/product"}],"about":[{"href":"https:\/\/gursk.ro\/shop\/wp-json\/wp\/v2\/types\/product"}],"replies":[{"embeddable":true,"href":"https:\/\/gursk.ro\/shop\/wp-json\/wp\/v2\/comments?post=32731"}],"wp:featuredmedia":[{"embeddable":true,"href":"https:\/\/gursk.ro\/shop\/wp-json\/wp\/v2\/media\/33211"}],"wp:attachment":[{"href":"https:\/\/gursk.ro\/shop\/wp-json\/wp\/v2\/media?parent=32731"}],"wp:term":[{"taxonomy":"product_brand","embeddable":true,"href":"https:\/\/gursk.ro\/shop\/wp-json\/wp\/v2\/product_brand?post=32731"},{"taxonomy":"product_cat","embeddable":true,"href":"https:\/\/gursk.ro\/shop\/wp-json\/wp\/v2\/product_cat?post=32731"},{"taxonomy":"product_tag","embeddable":true,"href":"https:\/\/gursk.ro\/shop\/wp-json\/wp\/v2\/product_tag?post=32731"},{"taxonomy":"product_partner","embeddable":true,"href":"https:\/\/gursk.ro\/shop\/wp-json\/wp\/v2\/product_partner?post=32731"}],"curies":[{"name":"wp","href":"https:\/\/api.w.org\/{rel}","templated":true}]}}