{"id":3059,"date":"2025-09-18T17:49:21","date_gmt":"2025-09-18T14:49:21","guid":{"rendered":"https:\/\/gursk.ro\/shop\/?post_type=product&#038;p=3059"},"modified":"2026-04-30T10:24:29","modified_gmt":"2026-04-30T07:24:29","slug":"dalta-chirurgicala-osung-chco1","status":"publish","type":"product","link":"https:\/\/gursk.ro\/shop\/produs\/dalta-chirurgicala-osung-chco1\/","title":{"rendered":"Dalta chirurgical\u0103 Osung, CHCO1"},"content":{"rendered":"<p>Dalta chirurgical\u0103 <strong>CHCO1<\/strong> este un instrument utilizat \u00een <strong>chirurgia oral\u0103, parodontal\u0103 \u0219i implantologic\u0103<\/strong>, destinat <strong>remodel\u0103rii formei osului<\/strong> \u0219i \u00eendep\u0103rt\u0103rii controlate a \u021besuturilor \u00een c\u00e2mpul operator. Instrumentele de tip dalt\u0103 din portofoliul Osung sunt concepute pentru a permite <strong>modelarea precis\u0103 a osului alveolar<\/strong>, precum \u0219i <strong>excizia selectiv\u0103 a \u021besuturilor moi \u0219i a \u021besuturilor dure<\/strong>, \u00een func\u021bie de indica\u021bia clinic\u0103.<\/p>\n<p>CHCO1 este indicat\u0103 \u00een proceduri care necesit\u0103 ajustarea conturului osos, regularizarea suprafe\u021belor sau \u00eendep\u0103rtarea \u021besuturilor patologice, contribuind la preg\u0103tirea optim\u0103 a c\u00e2mpului chirurgical pentru etapele ulterioare ale tratamentului. Designul func\u021bional al instrumentului permite transmiterea controlat\u0103 a for\u021bei \u0219i direc\u021bionarea precis\u0103 a manevrelor chirurgicale.<\/p>\n<p>&nbsp;<\/p>\n","protected":false},"excerpt":{"rendered":"<p>Dalta CHCO1 este un instrument chirurgical utilizat pentru remodelarea osului \u0219i \u00eendep\u0103rtarea controlat\u0103 a \u021besuturilor moi \u0219i dure \u00een interven\u021bii de chirurgie oral\u0103 \u0219i implantologic\u0103.<\/p>\n","protected":false},"featured_media":3089,"comment_status":"closed","ping_status":"closed","template":"","meta":{"_kad_blocks_custom_css":"","_kad_blocks_head_custom_js":"","_kad_blocks_body_custom_js":"","_kad_blocks_footer_custom_js":"","_kadence_starter_templates_imported_post":false,"_kad_post_transparent":"default","_kad_post_title":"","_kad_post_layout":"default","_kad_post_sidebar_id":"","_kad_post_content_style":"default","_kad_post_vertical_padding":"default","_kad_post_feature":"","_kad_post_feature_position":"","_kad_post_header":false,"_kad_post_footer":false,"_kad_post_classname":""},"product_brand":[416],"product_cat":[453,25],"product_tag":[469],"product_partner":[],"class_list":{"0":"post-3059","1":"product","2":"type-product","3":"status-publish","4":"has-post-thumbnail","6":"product_brand-osung","7":"product_cat-dalti-de-os","8":"product_cat-instrumentar-stomatologie","9":"product_tag-onlineorder","11":"first","12":"instock","13":"taxable","14":"shipping-taxable","15":"purchasable","16":"product-type-simple","17":"entry","18":"content-bg","19":"loop-entry"},"taxonomy_info":{"product_brand":[{"value":416,"label":"OSUNG"}],"product_cat":[{"value":453,"label":"D\u0103l\u021bi de os"},{"value":25,"label":"Instrumentar stomatologie"}],"product_tag":[{"value":469,"label":"#onlineorder"}]},"featured_image_src_large":["https:\/\/gursk.ro\/shop\/wp-content\/uploads\/2020\/07\/927617_big-1024x1024.jpg",1024,1024,true],"author_info":[],"comment_info":0,"_links":{"self":[{"href":"https:\/\/gursk.ro\/shop\/wp-json\/wp\/v2\/product\/3059","targetHints":{"allow":["GET"]}}],"collection":[{"href":"https:\/\/gursk.ro\/shop\/wp-json\/wp\/v2\/product"}],"about":[{"href":"https:\/\/gursk.ro\/shop\/wp-json\/wp\/v2\/types\/product"}],"replies":[{"embeddable":true,"href":"https:\/\/gursk.ro\/shop\/wp-json\/wp\/v2\/comments?post=3059"}],"version-history":[{"count":1,"href":"https:\/\/gursk.ro\/shop\/wp-json\/wp\/v2\/product\/3059\/revisions"}],"predecessor-version":[{"id":11597,"href":"https:\/\/gursk.ro\/shop\/wp-json\/wp\/v2\/product\/3059\/revisions\/11597"}],"wp:featuredmedia":[{"embeddable":true,"href":"https:\/\/gursk.ro\/shop\/wp-json\/wp\/v2\/media\/3089"}],"wp:attachment":[{"href":"https:\/\/gursk.ro\/shop\/wp-json\/wp\/v2\/media?parent=3059"}],"wp:term":[{"taxonomy":"product_brand","embeddable":true,"href":"https:\/\/gursk.ro\/shop\/wp-json\/wp\/v2\/product_brand?post=3059"},{"taxonomy":"product_cat","embeddable":true,"href":"https:\/\/gursk.ro\/shop\/wp-json\/wp\/v2\/product_cat?post=3059"},{"taxonomy":"product_tag","embeddable":true,"href":"https:\/\/gursk.ro\/shop\/wp-json\/wp\/v2\/product_tag?post=3059"},{"taxonomy":"product_partner","embeddable":true,"href":"https:\/\/gursk.ro\/shop\/wp-json\/wp\/v2\/product_partner?post=3059"}],"curies":[{"name":"wp","href":"https:\/\/api.w.org\/{rel}","templated":true}]}}