{"id":2847,"date":"2025-09-18T17:47:25","date_gmt":"2025-09-18T14:47:25","guid":{"rendered":"https:\/\/gursk.ro\/shop\/?post_type=product&#038;p=2847"},"modified":"2026-04-30T10:24:56","modified_gmt":"2026-04-30T07:24:56","slug":"instrument-sinus-lift-issc2","status":"publish","type":"product","link":"https:\/\/gursk.ro\/shop\/produs\/instrument-sinus-lift-issc2\/","title":{"rendered":"INSTRUMENT SINUS LIFT, ISSC2"},"content":{"rendered":"<p>&#8211; Permite ca garnitura sinusal\u0103 s\u0103 fie deta\u0219at\u0103 mai departe de \u021bint\u0103 f\u0103r\u0103 uzur\u0103 sau rupere<\/br>&#8211; \u00cen func\u021bie de unghi, pute\u021bi s\u0103 v\u0103 apropia\u021bi \u00een sus \/ \u00een jos, \u00een st\u00e2nga \/ \u00een dreapta<\/br>&#8211; Mecanismul de separare a membranei sinusale \u2013 \u00een aceea\u0219i form\u0103 ca ISSC1, lamele sunt mai lungi \u0219i mai accesibile mai ad\u00e2nc \u00een interior<\/p>\n","protected":false},"excerpt":{"rendered":"<p> &nbsp; &nbsp;&nbsp;<\/p>\n","protected":false},"featured_media":2875,"comment_status":"closed","ping_status":"closed","template":"","meta":{"_kad_blocks_custom_css":"","_kad_blocks_head_custom_js":"","_kad_blocks_body_custom_js":"","_kad_blocks_footer_custom_js":"","_kadence_starter_templates_imported_post":false,"_kad_post_transparent":"","_kad_post_title":"","_kad_post_layout":"","_kad_post_sidebar_id":"","_kad_post_content_style":"","_kad_post_vertical_padding":"","_kad_post_feature":"","_kad_post_feature_position":"","_kad_post_header":false,"_kad_post_footer":false,"_kad_post_classname":""},"product_brand":[416],"product_cat":[27,25],"product_tag":[],"product_partner":[],"class_list":{"0":"post-2847","1":"product","2":"type-product","3":"status-publish","4":"has-post-thumbnail","6":"product_brand-osung","7":"product_cat-diverse-instrumente","8":"product_cat-instrumentar-stomatologie","10":"first","11":"outofstock","12":"taxable","13":"shipping-taxable","14":"purchasable","15":"product-type-simple","16":"entry","17":"content-bg","18":"loop-entry"},"taxonomy_info":{"product_brand":[{"value":416,"label":"OSUNG"}],"product_cat":[{"value":27,"label":"Diverse Instrumente"},{"value":25,"label":"Instrumentar stomatologie"}]},"featured_image_src_large":["https:\/\/gursk.ro\/shop\/wp-content\/uploads\/2020\/07\/928479_big-1024x1024.jpg",1024,1024,true],"author_info":[],"comment_info":0,"_links":{"self":[{"href":"https:\/\/gursk.ro\/shop\/wp-json\/wp\/v2\/product\/2847","targetHints":{"allow":["GET"]}}],"collection":[{"href":"https:\/\/gursk.ro\/shop\/wp-json\/wp\/v2\/product"}],"about":[{"href":"https:\/\/gursk.ro\/shop\/wp-json\/wp\/v2\/types\/product"}],"replies":[{"embeddable":true,"href":"https:\/\/gursk.ro\/shop\/wp-json\/wp\/v2\/comments?post=2847"}],"version-history":[{"count":0,"href":"https:\/\/gursk.ro\/shop\/wp-json\/wp\/v2\/product\/2847\/revisions"}],"wp:featuredmedia":[{"embeddable":true,"href":"https:\/\/gursk.ro\/shop\/wp-json\/wp\/v2\/media\/2875"}],"wp:attachment":[{"href":"https:\/\/gursk.ro\/shop\/wp-json\/wp\/v2\/media?parent=2847"}],"wp:term":[{"taxonomy":"product_brand","embeddable":true,"href":"https:\/\/gursk.ro\/shop\/wp-json\/wp\/v2\/product_brand?post=2847"},{"taxonomy":"product_cat","embeddable":true,"href":"https:\/\/gursk.ro\/shop\/wp-json\/wp\/v2\/product_cat?post=2847"},{"taxonomy":"product_tag","embeddable":true,"href":"https:\/\/gursk.ro\/shop\/wp-json\/wp\/v2\/product_tag?post=2847"},{"taxonomy":"product_partner","embeddable":true,"href":"https:\/\/gursk.ro\/shop\/wp-json\/wp\/v2\/product_partner?post=2847"}],"curies":[{"name":"wp","href":"https:\/\/api.w.org\/{rel}","templated":true}]}}