{"id":2612,"date":"2025-09-18T17:45:24","date_gmt":"2025-09-18T14:45:24","guid":{"rendered":"https:\/\/gursk.ro\/shop\/?post_type=product&#038;p=2612"},"modified":"2026-04-30T10:24:27","modified_gmt":"2026-04-30T07:24:27","slug":"osteotom-convex-bovx50f","status":"publish","type":"product","link":"https:\/\/gursk.ro\/shop\/produs\/osteotom-convex-bovx50f\/","title":{"rendered":"Osteotom convex Osung, BOVX50F"},"content":{"rendered":"<p style=\"font-weight: 400;\">Osteotomul convex\u00a0<strong data-start=\"150\" data-end=\"176\">Osung BOVX50F (5.0 mm)<\/strong>\u00a0este un instrument chirurgical de \u00eenalt\u0103 precizie, destinat medicilor stomatologi specializa\u021bi \u00een proceduri implantologice \u0219i de augmentare osoas\u0103.<\/p>\n<p>&nbsp;<\/p>\n<p style=\"font-weight: 400;\">\u00cen loc s\u0103 elimine osul, osteotomul convex Osung\u00a0<strong data-start=\"790\" data-end=\"801\">BOVX50F<\/strong>\u00a0\u00eel\u00a0<strong data-start=\"805\" data-end=\"828\">condenseaz\u0103 lateral<\/strong>, ceea ce permite:<\/p>\n<ul>\n<li data-start=\"850\" data-end=\"919\"><strong data-start=\"850\" data-end=\"883\">optimizarea densit\u0103\u021bii osoase<\/strong>\u00een zona receptorului implantului;<\/li>\n<li data-start=\"922\" data-end=\"1008\"><strong data-start=\"922\" data-end=\"967\">crearea unui pat implantologic mai stabil<\/strong>, f\u0103r\u0103 pierderi semnificative de \u021besut;<\/li>\n<li data-start=\"1011\" data-end=\"1121\">controlul precis al for\u021bei aplicate cu ajutorul unui mallet chirurgical.<\/li>\n<\/ul>\n<p style=\"font-weight: 400;\" data-start=\"1123\" data-end=\"1329\">Instrumentul este dotat cu un\u00a0<strong data-start=\"1153\" data-end=\"1176\">stopper de ad\u00e2ncime<\/strong>, care faciliteaz\u0103 o procedur\u0103 repetabil\u0103 \u0219i sigur\u0103, reduc\u00e2nd riscul de impact excesiv sau intruziune necontrolat\u0103.<\/p>\n<p style=\"font-weight: 400;\">\n","protected":false},"excerpt":{"rendered":"<p>&nbsp;<\/p>\n<div>\n<p>Osteotomul convex<span class=\"apple-converted-space\">\u00a0<\/span><strong data-start=\"3505\" data-end=\"3531\">Osung 5.0 mm \u2013 BOVX50F<\/strong><span class=\"apple-converted-space\">\u00a0<\/span>este alegerea ideal\u0103 pentru medicii stomatologi care \u00ee\u0219i doresc un instrument de \u00eencredere pentru manipulare osoas\u0103 precis\u0103 \u0219i consolidare optim\u0103 a osului \u00eenainte de implantare.<\/p>\n<\/div>\n","protected":false},"featured_media":2642,"comment_status":"closed","ping_status":"closed","template":"","meta":{"_kad_blocks_custom_css":"","_kad_blocks_head_custom_js":"","_kad_blocks_body_custom_js":"","_kad_blocks_footer_custom_js":"","_kadence_starter_templates_imported_post":false,"_kad_post_transparent":"default","_kad_post_title":"","_kad_post_layout":"default","_kad_post_sidebar_id":"","_kad_post_content_style":"default","_kad_post_vertical_padding":"default","_kad_post_feature":"","_kad_post_feature_position":"","_kad_post_header":false,"_kad_post_footer":false,"_kad_post_classname":""},"product_brand":[416],"product_cat":[25,460],"product_tag":[469],"product_partner":[],"class_list":{"0":"post-2612","1":"product","2":"type-product","3":"status-publish","4":"has-post-thumbnail","6":"product_brand-osung","7":"product_cat-instrumentar-stomatologie","8":"product_cat-osteotoame","9":"product_tag-onlineorder","11":"first","12":"instock","13":"taxable","14":"shipping-taxable","15":"purchasable","16":"product-type-simple","17":"entry","18":"content-bg","19":"loop-entry"},"taxonomy_info":{"product_brand":[{"value":416,"label":"OSUNG"}],"product_cat":[{"value":25,"label":"Instrumentar stomatologie"},{"value":460,"label":"Osteotoame"}],"product_tag":[{"value":469,"label":"#onlineorder"}]},"featured_image_src_large":["https:\/\/gursk.ro\/shop\/wp-content\/uploads\/2020\/07\/927560_big-1024x1024.jpg",1024,1024,true],"author_info":[],"comment_info":0,"_links":{"self":[{"href":"https:\/\/gursk.ro\/shop\/wp-json\/wp\/v2\/product\/2612","targetHints":{"allow":["GET"]}}],"collection":[{"href":"https:\/\/gursk.ro\/shop\/wp-json\/wp\/v2\/product"}],"about":[{"href":"https:\/\/gursk.ro\/shop\/wp-json\/wp\/v2\/types\/product"}],"replies":[{"embeddable":true,"href":"https:\/\/gursk.ro\/shop\/wp-json\/wp\/v2\/comments?post=2612"}],"version-history":[{"count":1,"href":"https:\/\/gursk.ro\/shop\/wp-json\/wp\/v2\/product\/2612\/revisions"}],"predecessor-version":[{"id":11660,"href":"https:\/\/gursk.ro\/shop\/wp-json\/wp\/v2\/product\/2612\/revisions\/11660"}],"wp:featuredmedia":[{"embeddable":true,"href":"https:\/\/gursk.ro\/shop\/wp-json\/wp\/v2\/media\/2642"}],"wp:attachment":[{"href":"https:\/\/gursk.ro\/shop\/wp-json\/wp\/v2\/media?parent=2612"}],"wp:term":[{"taxonomy":"product_brand","embeddable":true,"href":"https:\/\/gursk.ro\/shop\/wp-json\/wp\/v2\/product_brand?post=2612"},{"taxonomy":"product_cat","embeddable":true,"href":"https:\/\/gursk.ro\/shop\/wp-json\/wp\/v2\/product_cat?post=2612"},{"taxonomy":"product_tag","embeddable":true,"href":"https:\/\/gursk.ro\/shop\/wp-json\/wp\/v2\/product_tag?post=2612"},{"taxonomy":"product_partner","embeddable":true,"href":"https:\/\/gursk.ro\/shop\/wp-json\/wp\/v2\/product_partner?post=2612"}],"curies":[{"name":"wp","href":"https:\/\/api.w.org\/{rel}","templated":true}]}}