{"id":2561,"date":"2025-09-18T17:44:58","date_gmt":"2025-09-18T14:44:58","guid":{"rendered":"https:\/\/gursk.ro\/shop\/?post_type=product&#038;p=2561"},"modified":"2026-04-30T10:25:22","modified_gmt":"2026-04-30T07:25:22","slug":"accesorii-polymer-guide-standard-set-xsg3435s","status":"publish","type":"product","link":"https:\/\/gursk.ro\/shop\/produs\/accesorii-polymer-guide-standard-set-xsg3435s\/","title":{"rendered":"ACCESORII POLYMER GUIDE  &#8211;  Standard Set, XSG3435S"},"content":{"rendered":"<p>Setul standard de accesorii Polymer Guide XSG3435S de la Dentium este conceput pentru a oferi o precizie \u0219i eficien\u021b\u0103 maxim\u0103 \u00een procedurile de implantologie dentar\u0103. Acest set cuprinde toate instrumentele necesare pentru ghidarea precis\u0103 a implanturilor, asigur\u00e2nd o aliniere corect\u0103 \u0219i un rezultat optim. Fabricate din materiale de \u00eenalt\u0103 calitate, accesoriile sunt durabile \u0219i u\u0219or de utilizat, contribuind la \u00eembun\u0103t\u0103\u021birea experien\u021bei at\u00e2t pentru profesionistul din domeniul stomatologic, c\u00e2t \u0219i pentru pacient.<\/p>\n<p>Caracteristici principale:<\/p>\n<ul>\n<li>Set complet de accesorii pentru ghidarea implanturilor<\/li>\n<li>Materiale de \u00eenalt\u0103 calitate pentru durabilitate \u0219i performan\u021b\u0103<\/li>\n<li>Design ergonomic pentru manipulare facil\u0103<\/li>\n<li>Asigur\u0103 o aliniere precis\u0103 \u0219i corect\u0103 a implanturilor<\/li>\n<li>Compatibilitate excelent\u0103 cu sistemele de implanturi Dentium<\/li>\n<\/ul>\n<p>Accesoriile Polymer Guide \u2013 Standard Set XSG3435S sunt esen\u021biale pentru orice practic\u0103 stomatologic\u0103 modern\u0103, oferind instrumentele necesare pentru realizarea unor proceduri de implant de \u00eenalt\u0103 precizie \u0219i succes garantat.<\/p>\n","protected":false},"excerpt":{"rendered":"<p>Setul standard de accesorii Polymer Guide XSG3435S de la Dentium asigur\u0103 ghidarea precis\u0103 a implanturilor dentare. Include instrumente din materiale durabile, concepute pentru o aliniere corect\u0103 \u0219i o manipulare facil\u0103. Compatibil cu sistemele de implanturi Dentium, acest set este ideal pentru proceduri de \u00eenalt\u0103 precizie.<\/p>\n","protected":false},"featured_media":2590,"comment_status":"closed","ping_status":"closed","template":"","meta":{"_kad_blocks_custom_css":"","_kad_blocks_head_custom_js":"","_kad_blocks_body_custom_js":"","_kad_blocks_footer_custom_js":"","_kadence_starter_templates_imported_post":false,"_kad_post_transparent":"","_kad_post_title":"","_kad_post_layout":"","_kad_post_sidebar_id":"","_kad_post_content_style":"","_kad_post_vertical_padding":"","_kad_post_feature":"","_kad_post_feature_position":"","_kad_post_header":false,"_kad_post_footer":false,"_kad_post_classname":""},"product_brand":[397],"product_cat":[25,49],"product_tag":[],"product_partner":[],"class_list":{"0":"post-2561","1":"product","2":"type-product","3":"status-publish","4":"has-post-thumbnail","6":"product_brand-dentium","7":"product_cat-instrumentar-stomatologie","8":"product_cat-instrumente-dentium","10":"first","11":"instock","12":"taxable","13":"shipping-taxable","14":"purchasable","15":"product-type-simple","16":"entry","17":"content-bg","18":"loop-entry"},"taxonomy_info":{"product_brand":[{"value":397,"label":"DENTIUM"}],"product_cat":[{"value":25,"label":"Instrumentar stomatologie"},{"value":49,"label":"Instrumente"}]},"featured_image_src_large":["https:\/\/gursk.ro\/shop\/wp-content\/uploads\/2020\/07\/929271_big-1024x1024.jpg",1024,1024,true],"author_info":[],"comment_info":0,"_links":{"self":[{"href":"https:\/\/gursk.ro\/shop\/wp-json\/wp\/v2\/product\/2561","targetHints":{"allow":["GET"]}}],"collection":[{"href":"https:\/\/gursk.ro\/shop\/wp-json\/wp\/v2\/product"}],"about":[{"href":"https:\/\/gursk.ro\/shop\/wp-json\/wp\/v2\/types\/product"}],"replies":[{"embeddable":true,"href":"https:\/\/gursk.ro\/shop\/wp-json\/wp\/v2\/comments?post=2561"}],"version-history":[{"count":0,"href":"https:\/\/gursk.ro\/shop\/wp-json\/wp\/v2\/product\/2561\/revisions"}],"wp:featuredmedia":[{"embeddable":true,"href":"https:\/\/gursk.ro\/shop\/wp-json\/wp\/v2\/media\/2590"}],"wp:attachment":[{"href":"https:\/\/gursk.ro\/shop\/wp-json\/wp\/v2\/media?parent=2561"}],"wp:term":[{"taxonomy":"product_brand","embeddable":true,"href":"https:\/\/gursk.ro\/shop\/wp-json\/wp\/v2\/product_brand?post=2561"},{"taxonomy":"product_cat","embeddable":true,"href":"https:\/\/gursk.ro\/shop\/wp-json\/wp\/v2\/product_cat?post=2561"},{"taxonomy":"product_tag","embeddable":true,"href":"https:\/\/gursk.ro\/shop\/wp-json\/wp\/v2\/product_tag?post=2561"},{"taxonomy":"product_partner","embeddable":true,"href":"https:\/\/gursk.ro\/shop\/wp-json\/wp\/v2\/product_partner?post=2561"}],"curies":[{"name":"wp","href":"https:\/\/api.w.org\/{rel}","templated":true}]}}