{"id":2400,"date":"2025-09-18T17:43:23","date_gmt":"2025-09-18T14:43:23","guid":{"rendered":"https:\/\/gursk.ro\/shop\/?post_type=product&#038;p=2400"},"modified":"2026-04-30T10:25:07","modified_gmt":"2026-04-30T07:25:07","slug":"departator-anestezie-osung-rtnp","status":"publish","type":"product","link":"https:\/\/gursk.ro\/shop\/produs\/departator-anestezie-osung-rtnp\/","title":{"rendered":"Dep\u0103rt\u0103tor pentru anestezie f\u0103r\u0103 durere Osung, RTNP"},"content":{"rendered":"<p>Dep\u0103rt\u0103torul <strong>RTNP<\/strong> este un instrument stomatologic conceput pentru <strong>facilitarea administr\u0103rii anesteziei locale cu disconfort minim pentru pacient<\/strong>. Instrumentul permite <strong>retragerea controlat\u0103 a \u021besuturilor moi<\/strong>, asigur\u00e2nd acces optim \u0219i stabilitate \u00een zona de injectare, contribuind la o <strong>experien\u021b\u0103 clinic\u0103 mai confortabil\u0103 \u0219i mai sigur\u0103<\/strong>.<\/p>\n<p>Prin pozi\u021bionarea corect\u0103 a \u021besuturilor \u0219i reducerea tensiunii locale, dep\u0103rt\u0103torul RTNP sprijin\u0103 tehnicile de <strong>anestezie atraumatic\u0103<\/strong>, favoriz\u00e2nd o penetrare mai controlat\u0103 a acului \u0219i o manevrare precis\u0103 \u00een timpul inject\u0103rii. Este utilizat \u00een mod curent \u00een proceduri de <strong>odontologie general\u0103, restauratoare \u0219i chirurgie oral\u0103<\/strong>, unde confortul pacientului \u0219i controlul operator sunt prioritare.<\/p>\n<p>&nbsp;<\/p>\n","protected":false},"excerpt":{"rendered":"<p>Dep\u0103rt\u0103torul RTNP este un instrument stomatologic utilizat pentru retragerea controlat\u0103 a \u021besuturilor moi \u00een timpul administr\u0103rii anesteziei locale, contribuind la reducerea disconfortului pacientului.<\/p>\n","protected":false},"featured_media":2450,"comment_status":"closed","ping_status":"closed","template":"","meta":{"_kad_blocks_custom_css":"","_kad_blocks_head_custom_js":"","_kad_blocks_body_custom_js":"","_kad_blocks_footer_custom_js":"","_kadence_starter_templates_imported_post":false,"_kad_post_transparent":"default","_kad_post_title":"","_kad_post_layout":"default","_kad_post_sidebar_id":"","_kad_post_content_style":"default","_kad_post_vertical_padding":"default","_kad_post_feature":"","_kad_post_feature_position":"","_kad_post_header":false,"_kad_post_footer":false,"_kad_post_classname":""},"product_brand":[416],"product_cat":[456,25],"product_tag":[469],"product_partner":[],"class_list":{"0":"post-2400","1":"product","2":"type-product","3":"status-publish","4":"has-post-thumbnail","6":"product_brand-osung","7":"product_cat-departatoare-si-extractoare","8":"product_cat-instrumentar-stomatologie","9":"product_tag-onlineorder","11":"first","12":"instock","13":"taxable","14":"shipping-taxable","15":"purchasable","16":"product-type-simple","17":"entry","18":"content-bg","19":"loop-entry"},"taxonomy_info":{"product_brand":[{"value":416,"label":"OSUNG"}],"product_cat":[{"value":456,"label":"Dep\u0103rt\u0103toare \u0219i retractoare"},{"value":25,"label":"Instrumentar stomatologie"}],"product_tag":[{"value":469,"label":"#onlineorder"}]},"featured_image_src_large":["https:\/\/gursk.ro\/shop\/wp-content\/uploads\/2020\/07\/928799_big-1024x1024.jpg",1024,1024,true],"author_info":[],"comment_info":0,"_links":{"self":[{"href":"https:\/\/gursk.ro\/shop\/wp-json\/wp\/v2\/product\/2400","targetHints":{"allow":["GET"]}}],"collection":[{"href":"https:\/\/gursk.ro\/shop\/wp-json\/wp\/v2\/product"}],"about":[{"href":"https:\/\/gursk.ro\/shop\/wp-json\/wp\/v2\/types\/product"}],"replies":[{"embeddable":true,"href":"https:\/\/gursk.ro\/shop\/wp-json\/wp\/v2\/comments?post=2400"}],"version-history":[{"count":1,"href":"https:\/\/gursk.ro\/shop\/wp-json\/wp\/v2\/product\/2400\/revisions"}],"predecessor-version":[{"id":11620,"href":"https:\/\/gursk.ro\/shop\/wp-json\/wp\/v2\/product\/2400\/revisions\/11620"}],"wp:featuredmedia":[{"embeddable":true,"href":"https:\/\/gursk.ro\/shop\/wp-json\/wp\/v2\/media\/2450"}],"wp:attachment":[{"href":"https:\/\/gursk.ro\/shop\/wp-json\/wp\/v2\/media?parent=2400"}],"wp:term":[{"taxonomy":"product_brand","embeddable":true,"href":"https:\/\/gursk.ro\/shop\/wp-json\/wp\/v2\/product_brand?post=2400"},{"taxonomy":"product_cat","embeddable":true,"href":"https:\/\/gursk.ro\/shop\/wp-json\/wp\/v2\/product_cat?post=2400"},{"taxonomy":"product_tag","embeddable":true,"href":"https:\/\/gursk.ro\/shop\/wp-json\/wp\/v2\/product_tag?post=2400"},{"taxonomy":"product_partner","embeddable":true,"href":"https:\/\/gursk.ro\/shop\/wp-json\/wp\/v2\/product_partner?post=2400"}],"curies":[{"name":"wp","href":"https:\/\/api.w.org\/{rel}","templated":true}]}}