{"id":2397,"date":"2025-09-18T17:43:23","date_gmt":"2025-09-18T14:43:23","guid":{"rendered":"https:\/\/gursk.ro\/shop\/?post_type=product&#038;p=2397"},"modified":"2026-04-30T10:24:58","modified_gmt":"2026-04-30T07:24:58","slug":"departator-varfuri-prindere-osung-m-rp-01","status":"publish","type":"product","link":"https:\/\/gursk.ro\/shop\/produs\/departator-varfuri-prindere-osung-m-rp-01\/","title":{"rendered":"Dep\u0103rt\u0103tor cu v\u00e2rfuri de prindere Osung, M-RP-01"},"content":{"rendered":"<p>Dep\u0103rt\u0103torul cu <strong>v\u00e2rfuri de prindere Osung M-RP-01<\/strong> este un instrument stomatologic utilizat \u00een <strong>chirurgia facial\u0103 \u0219i chirurgia oral\u0103<\/strong> pentru <strong>retragerea \u0219i men\u021binerea controlat\u0103 a \u021besuturilor moi<\/strong> pe durata interven\u021biilor chirurgicale. Configura\u021bia cu v\u00e2rfuri de prindere permite fixarea sigur\u0103 a \u021besuturilor, asigur\u00e2nd <strong>expunerea optim\u0103 a c\u00e2mpului operator<\/strong> \u0219i acces precis la structurile anatomice vizate.<\/p>\n<p>Instrumentul este conceput pentru <strong>stabilitate \u0219i control operator<\/strong>, facilit\u00e2nd manevrele chirurgicale cu risc minim de alunecare \u0219i contribuind la eficien\u021ba procedurii. Este indicat \u00een situa\u021biile \u00een care men\u021binerea constant\u0103 a retrac\u021biei \u021besuturilor este esen\u021bial\u0103 pentru vizibilitate, precizie \u0219i siguran\u021b\u0103 intraoperatorie.<\/p>\n<p>&nbsp;<\/p>\n","protected":false},"excerpt":{"rendered":"<p>Dep\u0103rt\u0103torul cu v\u00e2rfuri de prindere Osung M-RP-01 este utilizat \u00een chirurgia facial\u0103 pentru retrac\u021bia sigur\u0103 a \u021besuturilor moi \u0219i expunerea eficient\u0103 a c\u00e2mpului operator.<\/p>\n","protected":false},"featured_media":2447,"comment_status":"closed","ping_status":"closed","template":"","meta":{"_kad_blocks_custom_css":"","_kad_blocks_head_custom_js":"","_kad_blocks_body_custom_js":"","_kad_blocks_footer_custom_js":"","_kadence_starter_templates_imported_post":false,"_kad_post_transparent":"default","_kad_post_title":"","_kad_post_layout":"default","_kad_post_sidebar_id":"","_kad_post_content_style":"default","_kad_post_vertical_padding":"default","_kad_post_feature":"","_kad_post_feature_position":"","_kad_post_header":false,"_kad_post_footer":false,"_kad_post_classname":""},"product_brand":[416],"product_cat":[456,25],"product_tag":[469],"product_partner":[],"class_list":{"0":"post-2397","1":"product","2":"type-product","3":"status-publish","4":"has-post-thumbnail","6":"product_brand-osung","7":"product_cat-departatoare-si-extractoare","8":"product_cat-instrumentar-stomatologie","9":"product_tag-onlineorder","11":"first","12":"instock","13":"taxable","14":"shipping-taxable","15":"purchasable","16":"product-type-simple","17":"entry","18":"content-bg","19":"loop-entry"},"taxonomy_info":{"product_brand":[{"value":416,"label":"OSUNG"}],"product_cat":[{"value":456,"label":"Dep\u0103rt\u0103toare \u0219i retractoare"},{"value":25,"label":"Instrumentar stomatologie"}],"product_tag":[{"value":469,"label":"#onlineorder"}]},"featured_image_src_large":["https:\/\/gursk.ro\/shop\/wp-content\/uploads\/2020\/07\/928604_big-1024x1024.jpg",1024,1024,true],"author_info":[],"comment_info":0,"_links":{"self":[{"href":"https:\/\/gursk.ro\/shop\/wp-json\/wp\/v2\/product\/2397","targetHints":{"allow":["GET"]}}],"collection":[{"href":"https:\/\/gursk.ro\/shop\/wp-json\/wp\/v2\/product"}],"about":[{"href":"https:\/\/gursk.ro\/shop\/wp-json\/wp\/v2\/types\/product"}],"replies":[{"embeddable":true,"href":"https:\/\/gursk.ro\/shop\/wp-json\/wp\/v2\/comments?post=2397"}],"version-history":[{"count":1,"href":"https:\/\/gursk.ro\/shop\/wp-json\/wp\/v2\/product\/2397\/revisions"}],"predecessor-version":[{"id":11616,"href":"https:\/\/gursk.ro\/shop\/wp-json\/wp\/v2\/product\/2397\/revisions\/11616"}],"wp:featuredmedia":[{"embeddable":true,"href":"https:\/\/gursk.ro\/shop\/wp-json\/wp\/v2\/media\/2447"}],"wp:attachment":[{"href":"https:\/\/gursk.ro\/shop\/wp-json\/wp\/v2\/media?parent=2397"}],"wp:term":[{"taxonomy":"product_brand","embeddable":true,"href":"https:\/\/gursk.ro\/shop\/wp-json\/wp\/v2\/product_brand?post=2397"},{"taxonomy":"product_cat","embeddable":true,"href":"https:\/\/gursk.ro\/shop\/wp-json\/wp\/v2\/product_cat?post=2397"},{"taxonomy":"product_tag","embeddable":true,"href":"https:\/\/gursk.ro\/shop\/wp-json\/wp\/v2\/product_tag?post=2397"},{"taxonomy":"product_partner","embeddable":true,"href":"https:\/\/gursk.ro\/shop\/wp-json\/wp\/v2\/product_partner?post=2397"}],"curies":[{"name":"wp","href":"https:\/\/api.w.org\/{rel}","templated":true}]}}