{"id":2388,"date":"2025-09-18T17:43:22","date_gmt":"2025-09-18T14:43:22","guid":{"rendered":"https:\/\/gursk.ro\/shop\/?post_type=product&#038;p=2388"},"modified":"2026-04-30T10:24:30","modified_gmt":"2026-04-30T07:24:30","slug":"instrument-pt-inserarea-mat-compozit-metal-cscom4","status":"publish","type":"product","link":"https:\/\/gursk.ro\/shop\/produs\/instrument-pt-inserarea-mat-compozit-metal-cscom4\/","title":{"rendered":"INSTRUMENT PT. INSERAREA MAT. COMPOZIT  &#8211;  metal, CSCOM4"},"content":{"rendered":"<p>&#8211; Instrument pentru inserarea materialului compozit, cu m\u00e2ner metalic<\/br>&#8211; Sistemul cu cinci componente are o suprafa\u021b\u0103 neted\u0103, lubrifiat\u0103 iar v\u00e2rful este de culoare gri \u00eenchis sau negru \u0219i este u\u0219or de identificat cu materialul<\/p>\n","protected":false},"excerpt":{"rendered":"<p> &nbsp; &nbsp;&nbsp;<\/p>\n","protected":false},"featured_media":2418,"comment_status":"closed","ping_status":"closed","template":"","meta":{"_kad_blocks_custom_css":"","_kad_blocks_head_custom_js":"","_kad_blocks_body_custom_js":"","_kad_blocks_footer_custom_js":"","_kadence_starter_templates_imported_post":false,"_kad_post_transparent":"","_kad_post_title":"","_kad_post_layout":"","_kad_post_sidebar_id":"","_kad_post_content_style":"","_kad_post_vertical_padding":"","_kad_post_feature":"","_kad_post_feature_position":"","_kad_post_header":false,"_kad_post_footer":false,"_kad_post_classname":""},"product_brand":[416],"product_cat":[27,25],"product_tag":[],"product_partner":[],"class_list":{"0":"post-2388","1":"product","2":"type-product","3":"status-publish","4":"has-post-thumbnail","6":"product_brand-osung","7":"product_cat-diverse-instrumente","8":"product_cat-instrumentar-stomatologie","10":"first","11":"outofstock","12":"taxable","13":"shipping-taxable","14":"purchasable","15":"product-type-simple","16":"entry","17":"content-bg","18":"loop-entry"},"taxonomy_info":{"product_brand":[{"value":416,"label":"OSUNG"}],"product_cat":[{"value":27,"label":"Diverse Instrumente"},{"value":25,"label":"Instrumentar stomatologie"}]},"featured_image_src_large":["https:\/\/gursk.ro\/shop\/wp-content\/uploads\/2020\/07\/927668_big-1024x1024.jpg",1024,1024,true],"author_info":[],"comment_info":0,"_links":{"self":[{"href":"https:\/\/gursk.ro\/shop\/wp-json\/wp\/v2\/product\/2388","targetHints":{"allow":["GET"]}}],"collection":[{"href":"https:\/\/gursk.ro\/shop\/wp-json\/wp\/v2\/product"}],"about":[{"href":"https:\/\/gursk.ro\/shop\/wp-json\/wp\/v2\/types\/product"}],"replies":[{"embeddable":true,"href":"https:\/\/gursk.ro\/shop\/wp-json\/wp\/v2\/comments?post=2388"}],"version-history":[{"count":0,"href":"https:\/\/gursk.ro\/shop\/wp-json\/wp\/v2\/product\/2388\/revisions"}],"wp:featuredmedia":[{"embeddable":true,"href":"https:\/\/gursk.ro\/shop\/wp-json\/wp\/v2\/media\/2418"}],"wp:attachment":[{"href":"https:\/\/gursk.ro\/shop\/wp-json\/wp\/v2\/media?parent=2388"}],"wp:term":[{"taxonomy":"product_brand","embeddable":true,"href":"https:\/\/gursk.ro\/shop\/wp-json\/wp\/v2\/product_brand?post=2388"},{"taxonomy":"product_cat","embeddable":true,"href":"https:\/\/gursk.ro\/shop\/wp-json\/wp\/v2\/product_cat?post=2388"},{"taxonomy":"product_tag","embeddable":true,"href":"https:\/\/gursk.ro\/shop\/wp-json\/wp\/v2\/product_tag?post=2388"},{"taxonomy":"product_partner","embeddable":true,"href":"https:\/\/gursk.ro\/shop\/wp-json\/wp\/v2\/product_partner?post=2388"}],"curies":[{"name":"wp","href":"https:\/\/api.w.org\/{rel}","templated":true}]}}