{"id":2354,"date":"2025-09-18T17:43:01","date_gmt":"2025-09-18T14:43:01","guid":{"rendered":"https:\/\/gursk.ro\/shop\/?post_type=product&#038;p=2354"},"modified":"2026-04-30T10:24:52","modified_gmt":"2026-04-30T07:24:52","slug":"indepartator-gingie-metal-gumr2","status":"publish","type":"product","link":"https:\/\/gursk.ro\/shop\/produs\/indepartator-gingie-metal-gumr2\/","title":{"rendered":"INDEPARTATOR GINGIE  &#8211;  metal, GUMR2"},"content":{"rendered":"<p>&#8211; Instrument stomatologic folosit pentru izolarea \u0219i protejarea gingiei \u00een timpul form\u0103rii cavit\u0103\u021bii<\/br>&#8211; Se utilizeaz\u0103 pentru din\u021bii centrali maxilari \u0219i canini<\/p>\n","protected":false},"excerpt":{"rendered":"<p> &nbsp; &nbsp;&nbsp;<\/p>\n","protected":false},"featured_media":2407,"comment_status":"closed","ping_status":"closed","template":"","meta":{"_kad_blocks_custom_css":"","_kad_blocks_head_custom_js":"","_kad_blocks_body_custom_js":"","_kad_blocks_footer_custom_js":"","_kadence_starter_templates_imported_post":false,"_kad_post_transparent":"","_kad_post_title":"","_kad_post_layout":"","_kad_post_sidebar_id":"","_kad_post_content_style":"","_kad_post_vertical_padding":"","_kad_post_feature":"","_kad_post_feature_position":"","_kad_post_header":false,"_kad_post_footer":false,"_kad_post_classname":""},"product_brand":[416],"product_cat":[27,25],"product_tag":[],"product_partner":[],"class_list":{"0":"post-2354","1":"product","2":"type-product","3":"status-publish","4":"has-post-thumbnail","6":"product_brand-osung","7":"product_cat-diverse-instrumente","8":"product_cat-instrumentar-stomatologie","10":"first","11":"instock","12":"taxable","13":"shipping-taxable","14":"purchasable","15":"product-type-simple","16":"entry","17":"content-bg","18":"loop-entry"},"taxonomy_info":{"product_brand":[{"value":416,"label":"OSUNG"}],"product_cat":[{"value":27,"label":"Diverse Instrumente"},{"value":25,"label":"Instrumentar stomatologie"}]},"featured_image_src_large":["https:\/\/gursk.ro\/shop\/wp-content\/uploads\/2020\/07\/926559_big-1024x1024.jpg",1024,1024,true],"author_info":[],"comment_info":0,"_links":{"self":[{"href":"https:\/\/gursk.ro\/shop\/wp-json\/wp\/v2\/product\/2354","targetHints":{"allow":["GET"]}}],"collection":[{"href":"https:\/\/gursk.ro\/shop\/wp-json\/wp\/v2\/product"}],"about":[{"href":"https:\/\/gursk.ro\/shop\/wp-json\/wp\/v2\/types\/product"}],"replies":[{"embeddable":true,"href":"https:\/\/gursk.ro\/shop\/wp-json\/wp\/v2\/comments?post=2354"}],"version-history":[{"count":0,"href":"https:\/\/gursk.ro\/shop\/wp-json\/wp\/v2\/product\/2354\/revisions"}],"wp:featuredmedia":[{"embeddable":true,"href":"https:\/\/gursk.ro\/shop\/wp-json\/wp\/v2\/media\/2407"}],"wp:attachment":[{"href":"https:\/\/gursk.ro\/shop\/wp-json\/wp\/v2\/media?parent=2354"}],"wp:term":[{"taxonomy":"product_brand","embeddable":true,"href":"https:\/\/gursk.ro\/shop\/wp-json\/wp\/v2\/product_brand?post=2354"},{"taxonomy":"product_cat","embeddable":true,"href":"https:\/\/gursk.ro\/shop\/wp-json\/wp\/v2\/product_cat?post=2354"},{"taxonomy":"product_tag","embeddable":true,"href":"https:\/\/gursk.ro\/shop\/wp-json\/wp\/v2\/product_tag?post=2354"},{"taxonomy":"product_partner","embeddable":true,"href":"https:\/\/gursk.ro\/shop\/wp-json\/wp\/v2\/product_partner?post=2354"}],"curies":[{"name":"wp","href":"https:\/\/api.w.org\/{rel}","templated":true}]}}