{"id":2254,"date":"2025-09-18T17:42:12","date_gmt":"2025-09-18T14:42:12","guid":{"rendered":"https:\/\/gursk.ro\/shop\/?post_type=product&#038;p=2254"},"modified":"2026-05-04T10:25:42","modified_gmt":"2026-05-04T07:25:42","slug":"f87545-ansa-piezo-ninja-ii","status":"publish","type":"product","link":"https:\/\/gursk.ro\/shop\/produs\/f87545-ansa-piezo-ninja-ii\/","title":{"rendered":"Ans\u0103 Ninja II Acteon, F87545"},"content":{"rendered":"<p>Ansa Acteon\u00ae Surgical Ninja II este conceput\u0103 special pentru interven\u021bii chirurgicale osoase precise \u0219i minim invazive. Alimentat de tehnologia piezoelectric\u0103 Acteon, acest v\u00e2rf cu ultrasunete ofer\u0103 micro-oscila\u021bii controlate care permit t\u0103ierea osoas\u0103 sigur\u0103 \u0219i eficient\u0103, cu traume minime ale \u021besuturilor \u00eenconjur\u0103toare. Ideal pentru osteotomii, conturare osoas\u0103 \u0219i proceduri de sinus lift, v\u00e2rful Ninja II asigur\u0103 \u00eendep\u0103rtarea osoas\u0103 precis\u0103 \u0219i controlat\u0103, reduc\u00e2nd riscul de complica\u021bii \u0219i \u00eembun\u0103t\u0103\u021bind recuperarea pacientului.<\/p>\n<p>Designul fin \u0219i ascu\u021bit al v\u00e2rfului Ninja II ofer\u0103 un control superior, chiar \u0219i \u00een zone anatomice dificile, ceea ce \u00eel face un instrument esen\u021bial pentru proceduri chirurgicale precise.<\/p>\n<h3>De ce s\u0103 alege\u021bi v\u00e2rful Acteon Surgical Ninja II?<\/h3>\n<ul>\n<li><strong>Extrac\u021bii atraumatice<\/strong> &#8211; Ideal pentru \u00eendep\u0103rtarea din\u021bilor impacta\u021bi sau anchiloza\u021bi, permite t\u0103ierea osoas\u0103 precis\u0103 f\u0103r\u0103 a deteriora din\u021bii adiacen\u021bi sau \u021besuturile moi \u0219i reduce necesitatea unor instrumente puternice, cum ar fi elevatoarele sau frezele.<\/li>\n<li><strong>Amput\u0103ri radiculare \u0219i hemisec\u021bii<\/strong> &#8211; Excelent pentru sec\u021bionarea cu precizie a din\u021bilor multir\u0103d\u0103cina\u021bi, ajut\u0103 la conservarea osului \u00eenconjur\u0103tor \u0219i la evitarea traumelor excesive.<\/li>\n<li><strong>Proceduri de osteotomie<\/strong> &#8211; \u00cendep\u0103rtarea precis\u0103 a osului din jurul implanturilor sau \u00een timpul expansiunii crestei, apiceotomiei, chirurgiei ortognatice, lama cu din\u021bi de fier\u0103str\u0103u de 9 mm asigur\u0103 t\u0103ieturi curate \u0219i controlate, \u00eembun\u0103t\u0103\u021bind rezultatele chirurgicale.<\/li>\n<li><strong>Acces prin ridicarea sinusurilor<\/strong> &#8211; Deschide \u00een siguran\u021b\u0103 pere\u021bii laterali ai sinusurilor cu un risc minim de perforare a membranei Schneideriene.<\/li>\n<li><strong>Traume postoperatorii reduse<\/strong> &#8211; Deoarece utilizeaz\u0103 microvibra\u021bii ultrasonice, exist\u0103 mai pu\u021bin\u0103 c\u0103ldur\u0103, necroz\u0103 osoas\u0103 redus\u0103 \u0219i mai pu\u021bin\u0103 s\u00e2ngerare. Acest lucru promoveaz\u0103 o vindecare mai rapid\u0103 \u0219i un confort mai bun al pacientului postoperator.<\/li>\n<\/ul>\n<p>&nbsp;<\/p>\n<p>V\u00e2rful Acteon Ninja II este o lam\u0103 piezo-ultrasonic extrem de specializat\u0103, conceput\u0103 pentru chirurgie osoas\u0103 precis\u0103.<\/p>\n","protected":false},"excerpt":{"rendered":"<p>Ansa Acteon Ninja 2 (cod F87545) este un accesoriu de \u00eenalt\u0103 performan\u021b\u0103 destinat aparatelor de piezo-chirurgie dentar\u0103 Acteon, conceput special pentru interven\u021bii chirurgicale minim invazive care necesit\u0103 precizie extrem\u0103, control superior \u0219i protec\u021bia maxim\u0103 a \u021besuturilor moi.<br \/>\nRecomandat \u00een implantologie, chirurgie oral\u0103 \u0219i proceduri avansate de osteotomie, Ninja 2 este unul dintre v\u00e2rfurile premium din gama Acteon, apreciat pentru eficien\u021ba sa \u00een manopere delicate \u0219i accesul excelent \u00een zone anatomice dificile.<\/p>\n<div class=\"mt-1 flex gap-3 empty:hidden juice:-ml-3\">\n<div class=\"items-center justify-start rounded-xl p-1 flex\">\n<div class=\"flex items-center\"><\/div>\n<\/div>\n<\/div>\n","protected":false},"featured_media":11087,"comment_status":"closed","ping_status":"closed","template":"","meta":{"_kad_blocks_custom_css":"","_kad_blocks_head_custom_js":"","_kad_blocks_body_custom_js":"","_kad_blocks_footer_custom_js":"","_kadence_starter_templates_imported_post":false,"_kad_post_transparent":"default","_kad_post_title":"","_kad_post_layout":"default","_kad_post_sidebar_id":"","_kad_post_content_style":"default","_kad_post_vertical_padding":"default","_kad_post_feature":"","_kad_post_feature_position":"","_kad_post_header":false,"_kad_post_footer":false,"_kad_post_classname":""},"product_brand":[393],"product_cat":[19,18,54],"product_tag":[469],"product_partner":[],"class_list":{"0":"post-2254","1":"product","2":"type-product","3":"status-publish","4":"has-post-thumbnail","6":"product_brand-acteon","7":"product_cat-aparate-piezochirurgie","8":"product_cat-echipamente-chirurgie-si-accesorii","9":"product_cat-echipamente-stomatologice","10":"product_tag-onlineorder","12":"first","13":"instock","14":"taxable","15":"shipping-taxable","16":"purchasable","17":"product-type-simple","18":"entry","19":"content-bg","20":"loop-entry"},"taxonomy_info":{"product_brand":[{"value":393,"label":"ACTEON"}],"product_cat":[{"value":19,"label":"Aparate Piezochirurgie"},{"value":18,"label":"Echipamente de chirurgie dentar\u0103 \u0219i accesorii"},{"value":54,"label":"Echipamente Stomatologice"}],"product_tag":[{"value":469,"label":"#onlineorder"}]},"featured_image_src_large":["https:\/\/gursk.ro\/shop\/wp-content\/uploads\/2025\/09\/ansa-ninja-2-F87545.jpg",600,600,false],"author_info":[],"comment_info":0,"_links":{"self":[{"href":"https:\/\/gursk.ro\/shop\/wp-json\/wp\/v2\/product\/2254","targetHints":{"allow":["GET"]}}],"collection":[{"href":"https:\/\/gursk.ro\/shop\/wp-json\/wp\/v2\/product"}],"about":[{"href":"https:\/\/gursk.ro\/shop\/wp-json\/wp\/v2\/types\/product"}],"replies":[{"embeddable":true,"href":"https:\/\/gursk.ro\/shop\/wp-json\/wp\/v2\/comments?post=2254"}],"version-history":[{"count":1,"href":"https:\/\/gursk.ro\/shop\/wp-json\/wp\/v2\/product\/2254\/revisions"}],"predecessor-version":[{"id":11086,"href":"https:\/\/gursk.ro\/shop\/wp-json\/wp\/v2\/product\/2254\/revisions\/11086"}],"wp:featuredmedia":[{"embeddable":true,"href":"https:\/\/gursk.ro\/shop\/wp-json\/wp\/v2\/media\/11087"}],"wp:attachment":[{"href":"https:\/\/gursk.ro\/shop\/wp-json\/wp\/v2\/media?parent=2254"}],"wp:term":[{"taxonomy":"product_brand","embeddable":true,"href":"https:\/\/gursk.ro\/shop\/wp-json\/wp\/v2\/product_brand?post=2254"},{"taxonomy":"product_cat","embeddable":true,"href":"https:\/\/gursk.ro\/shop\/wp-json\/wp\/v2\/product_cat?post=2254"},{"taxonomy":"product_tag","embeddable":true,"href":"https:\/\/gursk.ro\/shop\/wp-json\/wp\/v2\/product_tag?post=2254"},{"taxonomy":"product_partner","embeddable":true,"href":"https:\/\/gursk.ro\/shop\/wp-json\/wp\/v2\/product_partner?post=2254"}],"curies":[{"name":"wp","href":"https:\/\/api.w.org\/{rel}","templated":true}]}}