{"id":2110,"date":"2025-09-18T17:40:40","date_gmt":"2025-09-18T14:40:40","guid":{"rendered":"https:\/\/gursk.ro\/shop\/?post_type=product&#038;p=2110"},"modified":"2026-04-30T10:25:19","modified_gmt":"2026-04-30T07:25:19","slug":"insert-ratchet-cheie-dinamometrica-hex-xhd25w","status":"publish","type":"product","link":"https:\/\/gursk.ro\/shop\/produs\/insert-ratchet-cheie-dinamometrica-hex-xhd25w\/","title":{"rendered":"INSERT RATCHET\/CHEIE DINAMOMETRICA  &#8211;  HEX, XHD25W"},"content":{"rendered":"<p>Insertul Ratchet\/Cheie Dinamometric\u0103 Hex XHD25W de la Dentium este un accesoriu de \u00eenalt\u0103 precizie, esen\u021bial pentru procedurile de implantologie dentar\u0103. Conceput pentru a asigura un control excelent al cuplului \u0219i o instalare precis\u0103, acest insert este fabricat din materiale durabile \u0219i biocompatibile, garant\u00e2nd performan\u021b\u0103 \u0219i fiabilitate pe termen lung. Designul hexagonal permite o compatibilitate perfect\u0103 cu o varietate de chei dinamometrice \u0219i ratchet-uri, oferind o versatilitate sporit\u0103 \u00een utilizare. Insertul XHD25W este ideal pentru profesioni\u0219tii care doresc s\u0103 asigure cele mai bune rezultate clinice pentru pacien\u021bii lor.<\/p>\n<p>Caracteristici principale:<\/p>\n<ul>\n<li>Fabricat din materiale durabile \u0219i biocompatibile pentru o longevitate extins\u0103<\/li>\n<li>Design hexagonal pentru compatibilitate perfect\u0103 cu diverse chei dinamometrice \u0219i ratchet-uri<\/li>\n<li>Asigur\u0103 un control precis al cuplului \u0219i o instalare sigur\u0103<\/li>\n<li>Ideal pentru utilizare \u00een procedurile de implantologie dentar\u0103<\/li>\n<li>Performan\u021b\u0103 fiabil\u0103 \u0219i eficient\u0103 \u00een timpul interven\u021biilor<\/li>\n<\/ul>\n<p>Opta\u021bi pentru Insertul Ratchet\/Cheie Dinamometric\u0103 Hex XHD25W de la Dentium pentru a garanta precizia \u0219i siguran\u021ba necesar\u0103 \u00een procedurile de implant dentar, oferind pacien\u021bilor dumneavoastr\u0103 rezultate excelente \u0219i durabile.<\/p>\n","protected":false},"excerpt":{"rendered":"<p>Insertul Hex XHD25W de la Dentium asigur\u0103 un control precis al cuplului \u0219i o instalare sigur\u0103 a implanturilor dentare. Fabricat din materiale durabile \u0219i biocompatibile, acest insert este compatibil cu diverse chei dinamometrice \u0219i ratchet-uri, oferind performan\u021b\u0103 fiabil\u0103 \u0219i rezultate clinice excelente.<\/p>\n<div class=\"mt-1 flex gap-3 empty:hidden juice:-ml-3\">\n<div class=\"items-center justify-start rounded-xl p-1 flex\">\n<div class=\"flex items-center\"><button class=\"rounded-lg text-token-text-secondary hover:bg-token-main-surface-secondary\">\u00a0<\/button><\/div>\n<\/div>\n<\/div>\n","protected":false},"featured_media":2157,"comment_status":"closed","ping_status":"closed","template":"","meta":{"_kad_blocks_custom_css":"","_kad_blocks_head_custom_js":"","_kad_blocks_body_custom_js":"","_kad_blocks_footer_custom_js":"","_kadence_starter_templates_imported_post":false,"_kad_post_transparent":"","_kad_post_title":"","_kad_post_layout":"","_kad_post_sidebar_id":"","_kad_post_content_style":"","_kad_post_vertical_padding":"","_kad_post_feature":"","_kad_post_feature_position":"","_kad_post_header":false,"_kad_post_footer":false,"_kad_post_classname":""},"product_brand":[397],"product_cat":[25,49,147,148,29,48],"product_tag":[],"product_partner":[],"class_list":{"0":"post-2110","1":"product","2":"type-product","3":"status-publish","4":"has-post-thumbnail","6":"product_brand-dentium","7":"product_cat-instrumentar-stomatologie","8":"product_cat-instrumente-dentium","9":"product_cat-instrumente-truse-si-instrumente-dentium-super-line","10":"product_cat-instrumente-truse-si-instrumente","11":"product_cat-sisteme-implanturi-dentare","12":"product_cat-truse-si-instrumente-dentium-super-line","14":"first","15":"instock","16":"taxable","17":"shipping-taxable","18":"purchasable","19":"product-type-simple","20":"entry","21":"content-bg","22":"loop-entry"},"taxonomy_info":{"product_brand":[{"value":397,"label":"DENTIUM"}],"product_cat":[{"value":25,"label":"Instrumentar stomatologie"},{"value":49,"label":"Instrumente"},{"value":147,"label":"Instrumente"},{"value":148,"label":"Instrumente"},{"value":29,"label":"Sisteme implanturi dentare"},{"value":48,"label":"Truse \u0219i instrumente"}]},"featured_image_src_large":["https:\/\/gursk.ro\/shop\/wp-content\/uploads\/2020\/07\/929222_big-1024x1024.jpg",1024,1024,true],"author_info":[],"comment_info":0,"_links":{"self":[{"href":"https:\/\/gursk.ro\/shop\/wp-json\/wp\/v2\/product\/2110","targetHints":{"allow":["GET"]}}],"collection":[{"href":"https:\/\/gursk.ro\/shop\/wp-json\/wp\/v2\/product"}],"about":[{"href":"https:\/\/gursk.ro\/shop\/wp-json\/wp\/v2\/types\/product"}],"replies":[{"embeddable":true,"href":"https:\/\/gursk.ro\/shop\/wp-json\/wp\/v2\/comments?post=2110"}],"version-history":[{"count":0,"href":"https:\/\/gursk.ro\/shop\/wp-json\/wp\/v2\/product\/2110\/revisions"}],"wp:featuredmedia":[{"embeddable":true,"href":"https:\/\/gursk.ro\/shop\/wp-json\/wp\/v2\/media\/2157"}],"wp:attachment":[{"href":"https:\/\/gursk.ro\/shop\/wp-json\/wp\/v2\/media?parent=2110"}],"wp:term":[{"taxonomy":"product_brand","embeddable":true,"href":"https:\/\/gursk.ro\/shop\/wp-json\/wp\/v2\/product_brand?post=2110"},{"taxonomy":"product_cat","embeddable":true,"href":"https:\/\/gursk.ro\/shop\/wp-json\/wp\/v2\/product_cat?post=2110"},{"taxonomy":"product_tag","embeddable":true,"href":"https:\/\/gursk.ro\/shop\/wp-json\/wp\/v2\/product_tag?post=2110"},{"taxonomy":"product_partner","embeddable":true,"href":"https:\/\/gursk.ro\/shop\/wp-json\/wp\/v2\/product_partner?post=2110"}],"curies":[{"name":"wp","href":"https:\/\/api.w.org\/{rel}","templated":true}]}}