{"id":1725,"date":"2025-09-18T17:37:05","date_gmt":"2025-09-18T14:37:05","guid":{"rendered":"https:\/\/gursk.ro\/shop\/?post_type=product&#038;p=1725"},"modified":"2026-05-04T10:26:18","modified_gmt":"2026-05-04T07:26:18","slug":"kit-freze-si-stoppere-xds","status":"publish","type":"product","link":"https:\/\/gursk.ro\/shop\/produs\/kit-freze-si-stoppere-xds\/","title":{"rendered":"KIT FREZE SI STOPPERE, XDS"},"content":{"rendered":"<p><strong>Kit freze si stoppere Dentium,<\/strong>\u00a0livrat \u00eempreun\u0103 cu urm\u0103toarele instrumente:<\/p>\n<p>XLD2235,<\/p>\n<p>XLD2635,<\/p>\n<p>XFD3435,<\/p>\n<p>XFD3835,<\/p>\n<p>XFD4335,<\/p>\n<p>XFD4835,<\/p>\n<p>XLDST06,<\/p>\n<p>XLDST08,<\/p>\n<p>XLDST10,<\/p>\n<p>XLDST12,<\/p>\n<p>XLDST14,<\/p>\n<p>XFDST06,<\/p>\n<p>XFDST08,<\/p>\n<p>XFDST10,<\/p>\n<p>XFDST12,<\/p>\n<p>XFDST14,<\/p>\n<p>XFDST06L,<\/p>\n<p>XFDST08L,<\/p>\n<p>XFDST10L,<\/p>\n<p>XFDST12L,<\/p>\n<p>XFDST14L.<\/p>\n<p>XFD3435 &#8211; Final Drill Stopper &#8211; Lungime 34 mm<\/p>\n<p>XFD3835 &#8211; Final Drill Stopper &#8211; Lungime 38 mm<\/p>\n<p>XFD4335 &#8211; Final Drill Stopper &#8211; L\u0103\u021bime: 5 mm<\/p>\n<p>XFD4835 &#8211; Final Drill Stopper &#8211; L\u0103\u021bime: 7 mm<\/p>\n<p><a href=\"https:\/\/gursk.ro\/shop\/wp-content\/uploads\/2025\/12\/freze-si-stoppere-xds.png\"><img fetchpriority=\"high\" decoding=\"async\" class=\"alignnone wp-image-17276 size-full\" src=\"https:\/\/gursk.ro\/shop\/wp-content\/uploads\/2025\/12\/freze-si-stoppere-xds.png\" alt=\"\" width=\"1092\" height=\"754\" \/><\/a><\/p>\n","protected":false},"excerpt":{"rendered":"<p>Eleva\u021bi standardul procedurilor dvs. dentare cu Kit-ul de Freze \u0219i Stoppere XDS de la Dentium. Proiectat pentru a oferi precizie maxim\u0103 \u0219i eficien\u021b\u0103 \u00een fiecare etap\u0103, acest kit este esen\u021bial pentru orice specialist \u00een implantologie.<\/p>\n<p><strong>Beneficii:<\/strong><\/p>\n<ul>\n<li><strong>Eficien\u021b\u0103 Crescut\u0103:<\/strong> Redu timpul petrecut pe proceduri \u0219i m\u0103re\u0219te satisfac\u021bia pacien\u021bilor.<\/li>\n<li><strong>Durabilitate:<\/strong> Fabricat din materiale de \u00eenalt\u0103 calitate, kitul este construit s\u0103 reziste utiliz\u0103rii intensive.<\/li>\n<li><strong>Compatibilitate:<\/strong> Se potrive\u0219te perfect cu majoritatea echipamentelor dentare moderne.<\/li>\n<\/ul>\n<p>Investe\u0219te \u00een precizie, eficien\u021b\u0103 \u0219i calitate cu Kit-ul de Freze \u0219i Stoppere XDS de la Dentium. Perfect pentru clinici care doresc s\u0103 ofere servicii de top pacien\u021bilor lor.<\/p>\n","protected":false},"featured_media":1754,"comment_status":"closed","ping_status":"closed","template":"","meta":{"_kad_blocks_custom_css":"","_kad_blocks_head_custom_js":"","_kad_blocks_body_custom_js":"","_kad_blocks_footer_custom_js":"","_kadence_starter_templates_imported_post":false,"_kad_post_transparent":"default","_kad_post_title":"","_kad_post_layout":"default","_kad_post_sidebar_id":"","_kad_post_content_style":"default","_kad_post_vertical_padding":"default","_kad_post_feature":"","_kad_post_feature_position":"","_kad_post_header":false,"_kad_post_footer":false,"_kad_post_classname":""},"product_brand":[397],"product_cat":[29],"product_tag":[471],"product_partner":[],"class_list":{"0":"post-1725","1":"product","2":"type-product","3":"status-publish","4":"has-post-thumbnail","6":"product_brand-dentium","7":"product_cat-sisteme-implanturi-dentare","8":"product_tag-onrequest","10":"first","11":"instock","12":"taxable","13":"shipping-taxable","14":"product-type-simple","15":"entry","16":"content-bg","17":"loop-entry"},"taxonomy_info":{"product_brand":[{"value":397,"label":"DENTIUM"}],"product_cat":[{"value":29,"label":"Sisteme implanturi dentare"}],"product_tag":[{"value":471,"label":"#onrequest"}]},"featured_image_src_large":["https:\/\/gursk.ro\/shop\/wp-content\/uploads\/2020\/07\/929196_big-1024x1024.jpg",1024,1024,true],"author_info":[],"comment_info":0,"_links":{"self":[{"href":"https:\/\/gursk.ro\/shop\/wp-json\/wp\/v2\/product\/1725","targetHints":{"allow":["GET"]}}],"collection":[{"href":"https:\/\/gursk.ro\/shop\/wp-json\/wp\/v2\/product"}],"about":[{"href":"https:\/\/gursk.ro\/shop\/wp-json\/wp\/v2\/types\/product"}],"replies":[{"embeddable":true,"href":"https:\/\/gursk.ro\/shop\/wp-json\/wp\/v2\/comments?post=1725"}],"version-history":[{"count":1,"href":"https:\/\/gursk.ro\/shop\/wp-json\/wp\/v2\/product\/1725\/revisions"}],"predecessor-version":[{"id":9510,"href":"https:\/\/gursk.ro\/shop\/wp-json\/wp\/v2\/product\/1725\/revisions\/9510"}],"wp:featuredmedia":[{"embeddable":true,"href":"https:\/\/gursk.ro\/shop\/wp-json\/wp\/v2\/media\/1754"}],"wp:attachment":[{"href":"https:\/\/gursk.ro\/shop\/wp-json\/wp\/v2\/media?parent=1725"}],"wp:term":[{"taxonomy":"product_brand","embeddable":true,"href":"https:\/\/gursk.ro\/shop\/wp-json\/wp\/v2\/product_brand?post=1725"},{"taxonomy":"product_cat","embeddable":true,"href":"https:\/\/gursk.ro\/shop\/wp-json\/wp\/v2\/product_cat?post=1725"},{"taxonomy":"product_tag","embeddable":true,"href":"https:\/\/gursk.ro\/shop\/wp-json\/wp\/v2\/product_tag?post=1725"},{"taxonomy":"product_partner","embeddable":true,"href":"https:\/\/gursk.ro\/shop\/wp-json\/wp\/v2\/product_partner?post=1725"}],"curies":[{"name":"wp","href":"https:\/\/api.w.org\/{rel}","templated":true}]}}