{"id":1654,"date":"2025-09-18T17:36:19","date_gmt":"2025-09-18T14:36:19","guid":{"rendered":"https:\/\/gursk.ro\/shop\/?post_type=product&#038;p=1654"},"modified":"2026-04-30T10:25:19","modified_gmt":"2026-04-30T07:25:19","slug":"insert-ratchet-cheie-dinamometrica-xhd21w","status":"publish","type":"product","link":"https:\/\/gursk.ro\/shop\/produs\/insert-ratchet-cheie-dinamometrica-xhd21w\/","title":{"rendered":"INSERT RATCHET\/CHEIE DINAMOMETRICA, XHD21W"},"content":{"rendered":"<p>Insertul pentru Ratchet\/Cheie Dinamometric\u0103 XHD21W de la Dentium este un accesoriu indispensabil pentru realizarea procedurilor de implantologie dentar\u0103 cu precizie \u0219i control. Proiectat pentru a oferi un cuplu precis \u0219i sigur, acest insert este realizat din materiale de \u00eenalt\u0103 calitate, asigur\u00e2nd durabilitate \u0219i performan\u021b\u0103 pe termen lung. Designul s\u0103u ergonomic faciliteaz\u0103 o manipulare confortabil\u0103 \u0219i reduce riscul de supra- sau sub-\u00een\u0219urubare. Compatibil cu o gam\u0103 variat\u0103 de chei dinamometrice \u0219i ratchet-uri, XHD21W este ideal pentru utilizarea \u00een diverse tehnici \u0219i proceduri stomatologice, asigur\u00e2nd rezultate optime pentru pacien\u021bi.<\/p>\n<p>Caracteristici principale:<\/p>\n<ul>\n<li>Fabricat din materiale durabile \u0219i de \u00eenalt\u0103 calitate<\/li>\n<li>Design ergonomic pentru manipulare confortabil\u0103 \u0219i control precis al cuplului<\/li>\n<li>Previne supra- sau sub-\u00een\u0219urubarea implanturilor<\/li>\n<li>Compatibil cu diverse chei dinamometrice \u0219i ratchet-uri<\/li>\n<li>Ideal pentru proceduri variate de implantologie dentar\u0103<\/li>\n<\/ul>\n<p>Alege\u021bi Insertul pentru Ratchet\/Cheie Dinamometric\u0103 XHD21W de la Dentium pentru a asigura precizia \u0219i siguran\u021ba necesar\u0103 \u00een procedurile dentare, oferind pacien\u021bilor dumneavoastr\u0103 cele mai bune rezultate posibile.<\/p>\n","protected":false},"excerpt":{"rendered":"<p>Insertul XHD21W de la Dentium ofer\u0103 control precis al cuplului \u0219i siguran\u021b\u0103 \u00een procedurile de implantologie dentar\u0103. Fabricat din materiale durabile, acest insert ergonomic este compatibil cu diverse chei dinamometrice \u0219i ratchet-uri, asigur\u00e2nd performan\u021b\u0103 fiabil\u0103 \u0219i rezultate clinice optime.<\/p>\n<div class=\"mt-1 flex gap-3 empty:hidden juice:-ml-3\">\n<div class=\"items-center justify-start rounded-xl p-1 flex\">\n<div class=\"flex items-center\"><button class=\"rounded-lg text-token-text-secondary hover:bg-token-main-surface-secondary\">\u00a0<\/button><\/div>\n<\/div>\n<\/div>\n","protected":false},"featured_media":1705,"comment_status":"closed","ping_status":"closed","template":"","meta":{"_kad_blocks_custom_css":"","_kad_blocks_head_custom_js":"","_kad_blocks_body_custom_js":"","_kad_blocks_footer_custom_js":"","_kadence_starter_templates_imported_post":false,"_kad_post_transparent":"","_kad_post_title":"","_kad_post_layout":"","_kad_post_sidebar_id":"","_kad_post_content_style":"","_kad_post_vertical_padding":"","_kad_post_feature":"","_kad_post_feature_position":"","_kad_post_header":false,"_kad_post_footer":false,"_kad_post_classname":""},"product_brand":[397],"product_cat":[25,49,147,148,29,48],"product_tag":[],"product_partner":[],"class_list":{"0":"post-1654","1":"product","2":"type-product","3":"status-publish","4":"has-post-thumbnail","6":"product_brand-dentium","7":"product_cat-instrumentar-stomatologie","8":"product_cat-instrumente-dentium","9":"product_cat-instrumente-truse-si-instrumente-dentium-super-line","10":"product_cat-instrumente-truse-si-instrumente","11":"product_cat-sisteme-implanturi-dentare","12":"product_cat-truse-si-instrumente-dentium-super-line","14":"first","15":"instock","16":"taxable","17":"shipping-taxable","18":"purchasable","19":"product-type-simple","20":"entry","21":"content-bg","22":"loop-entry"},"taxonomy_info":{"product_brand":[{"value":397,"label":"DENTIUM"}],"product_cat":[{"value":25,"label":"Instrumentar stomatologie"},{"value":49,"label":"Instrumente"},{"value":147,"label":"Instrumente"},{"value":148,"label":"Instrumente"},{"value":29,"label":"Sisteme implanturi dentare"},{"value":48,"label":"Truse \u0219i instrumente"}]},"featured_image_src_large":["https:\/\/gursk.ro\/shop\/wp-content\/uploads\/2020\/07\/929220_big-1024x1024.jpg",1024,1024,true],"author_info":[],"comment_info":0,"_links":{"self":[{"href":"https:\/\/gursk.ro\/shop\/wp-json\/wp\/v2\/product\/1654","targetHints":{"allow":["GET"]}}],"collection":[{"href":"https:\/\/gursk.ro\/shop\/wp-json\/wp\/v2\/product"}],"about":[{"href":"https:\/\/gursk.ro\/shop\/wp-json\/wp\/v2\/types\/product"}],"replies":[{"embeddable":true,"href":"https:\/\/gursk.ro\/shop\/wp-json\/wp\/v2\/comments?post=1654"}],"version-history":[{"count":0,"href":"https:\/\/gursk.ro\/shop\/wp-json\/wp\/v2\/product\/1654\/revisions"}],"wp:featuredmedia":[{"embeddable":true,"href":"https:\/\/gursk.ro\/shop\/wp-json\/wp\/v2\/media\/1705"}],"wp:attachment":[{"href":"https:\/\/gursk.ro\/shop\/wp-json\/wp\/v2\/media?parent=1654"}],"wp:term":[{"taxonomy":"product_brand","embeddable":true,"href":"https:\/\/gursk.ro\/shop\/wp-json\/wp\/v2\/product_brand?post=1654"},{"taxonomy":"product_cat","embeddable":true,"href":"https:\/\/gursk.ro\/shop\/wp-json\/wp\/v2\/product_cat?post=1654"},{"taxonomy":"product_tag","embeddable":true,"href":"https:\/\/gursk.ro\/shop\/wp-json\/wp\/v2\/product_tag?post=1654"},{"taxonomy":"product_partner","embeddable":true,"href":"https:\/\/gursk.ro\/shop\/wp-json\/wp\/v2\/product_partner?post=1654"}],"curies":[{"name":"wp","href":"https:\/\/api.w.org\/{rel}","templated":true}]}}