{"id":1495,"date":"2025-09-18T17:34:47","date_gmt":"2025-09-18T14:34:47","guid":{"rendered":"https:\/\/gursk.ro\/shop\/?post_type=product&#038;p=1495"},"modified":"2026-04-30T10:25:21","modified_gmt":"2026-04-30T07:25:21","slug":"ratchet-xrca1","status":"publish","type":"product","link":"https:\/\/gursk.ro\/shop\/produs\/ratchet-xrca1\/","title":{"rendered":"RATCHET, XRCA1"},"content":{"rendered":"<p>Ratchet XRCA1 de la Dentium este un instrument medical de \u00eenalt\u0103 calitate, esen\u021bial pentru procedurile de implantologie dentar\u0103. Proiectat pentru a oferi un control precis \u0219i o manipulare sigur\u0103, acest ratchet asigur\u0103 aplicarea corect\u0103 a cuplului necesar \u00een timpul inser\u021biei implanturilor. Fabricat din materiale medicale durabile, XRCA1 garanteaz\u0103 o performan\u021b\u0103 fiabil\u0103 \u0219i o longevitate extins\u0103. Designul s\u0103u ergonomic permite o utilizare confortabil\u0103 \u0219i eficient\u0103, reduc\u00e2nd riscul de alunecare \u0219i minimiz\u00e2nd erorile. Compatibil cu diverse sisteme de implanturi, acest ratchet este un instrument indispensabil pentru orice practic\u0103 stomatologic\u0103 modern\u0103.<\/p>\n<p>Caracteristici principale:<\/p>\n<ul>\n<li>Fabricat din materiale medicale durabile pentru performan\u021b\u0103 pe termen lung<\/li>\n<li>Design ergonomic pentru manipulare confortabil\u0103 \u0219i control superior<\/li>\n<li>Asigur\u0103 aplicarea precis\u0103 a cuplului necesar \u00een timpul inser\u021biei implanturilor<\/li>\n<li>Compatibil cu diverse sisteme de implanturi Dentium<\/li>\n<li>Ideal pentru utilizare \u00een procedurile de implantologie dentar\u0103<\/li>\n<\/ul>\n<p>Opta\u021bi pentru Ratchet XRCA1 de la Dentium pentru a garanta precizia \u0219i siguran\u021ba necesar\u0103 \u00een procedurile de implant dentar, oferind pacien\u021bilor rezultate clinice excelente \u0219i sigure.<\/p>\n","protected":false},"excerpt":{"rendered":"<p>Ratchet XRCA1 de la Dentium ofer\u0103 control precis \u0219i aplicarea corect\u0103 a cuplului \u00een timpul inser\u021biei implanturilor dentare. Fabricat din materiale medicale durabile \u0219i proiectat ergonomic, acest instrument asigur\u0103 performan\u021b\u0103 fiabil\u0103 \u0219i este compatibil cu diverse sisteme de implanturi, fiind ideal pentru procedurile de implantologie dentar\u0103.<\/p>\n","protected":false},"featured_media":1545,"comment_status":"closed","ping_status":"closed","template":"","meta":{"_kad_blocks_custom_css":"","_kad_blocks_head_custom_js":"","_kad_blocks_body_custom_js":"","_kad_blocks_footer_custom_js":"","_kadence_starter_templates_imported_post":false,"_kad_post_transparent":"","_kad_post_title":"","_kad_post_layout":"","_kad_post_sidebar_id":"","_kad_post_content_style":"","_kad_post_vertical_padding":"","_kad_post_feature":"","_kad_post_feature_position":"","_kad_post_header":false,"_kad_post_footer":false,"_kad_post_classname":""},"product_brand":[397],"product_cat":[25,148,49,147,29,48],"product_tag":[],"product_partner":[],"class_list":{"0":"post-1495","1":"product","2":"type-product","3":"status-publish","4":"has-post-thumbnail","6":"product_brand-dentium","7":"product_cat-instrumentar-stomatologie","8":"product_cat-instrumente-truse-si-instrumente","9":"product_cat-instrumente-dentium","10":"product_cat-instrumente-truse-si-instrumente-dentium-super-line","11":"product_cat-sisteme-implanturi-dentare","12":"product_cat-truse-si-instrumente-dentium-super-line","14":"first","15":"outofstock","16":"taxable","17":"shipping-taxable","18":"purchasable","19":"product-type-simple","20":"entry","21":"content-bg","22":"loop-entry"},"taxonomy_info":{"product_brand":[{"value":397,"label":"DENTIUM"}],"product_cat":[{"value":25,"label":"Instrumentar stomatologie"},{"value":148,"label":"Instrumente"},{"value":49,"label":"Instrumente"},{"value":147,"label":"Instrumente"},{"value":29,"label":"Sisteme implanturi dentare"},{"value":48,"label":"Truse \u0219i instrumente"}]},"featured_image_src_large":["https:\/\/gursk.ro\/shop\/wp-content\/uploads\/2020\/07\/929257_big-1024x1024.jpg",1024,1024,true],"author_info":[],"comment_info":0,"_links":{"self":[{"href":"https:\/\/gursk.ro\/shop\/wp-json\/wp\/v2\/product\/1495","targetHints":{"allow":["GET"]}}],"collection":[{"href":"https:\/\/gursk.ro\/shop\/wp-json\/wp\/v2\/product"}],"about":[{"href":"https:\/\/gursk.ro\/shop\/wp-json\/wp\/v2\/types\/product"}],"replies":[{"embeddable":true,"href":"https:\/\/gursk.ro\/shop\/wp-json\/wp\/v2\/comments?post=1495"}],"version-history":[{"count":0,"href":"https:\/\/gursk.ro\/shop\/wp-json\/wp\/v2\/product\/1495\/revisions"}],"wp:featuredmedia":[{"embeddable":true,"href":"https:\/\/gursk.ro\/shop\/wp-json\/wp\/v2\/media\/1545"}],"wp:attachment":[{"href":"https:\/\/gursk.ro\/shop\/wp-json\/wp\/v2\/media?parent=1495"}],"wp:term":[{"taxonomy":"product_brand","embeddable":true,"href":"https:\/\/gursk.ro\/shop\/wp-json\/wp\/v2\/product_brand?post=1495"},{"taxonomy":"product_cat","embeddable":true,"href":"https:\/\/gursk.ro\/shop\/wp-json\/wp\/v2\/product_cat?post=1495"},{"taxonomy":"product_tag","embeddable":true,"href":"https:\/\/gursk.ro\/shop\/wp-json\/wp\/v2\/product_tag?post=1495"},{"taxonomy":"product_partner","embeddable":true,"href":"https:\/\/gursk.ro\/shop\/wp-json\/wp\/v2\/product_partner?post=1495"}],"curies":[{"name":"wp","href":"https:\/\/api.w.org\/{rel}","templated":true}]}}