{"id":1396,"date":"2025-09-18T17:33:57","date_gmt":"2025-09-18T14:33:57","guid":{"rendered":"https:\/\/gursk.ro\/shop\/?post_type=product&#038;p=1396"},"modified":"2026-05-04T10:25:43","modified_gmt":"2026-05-04T07:25:43","slug":"cap3-tip-ansa-piezo-f88183","status":"publish","type":"product","link":"https:\/\/gursk.ro\/shop\/produs\/cap3-tip-ansa-piezo-f88183\/","title":{"rendered":"Ans\u0103 Acteon CAP3 F88183"},"content":{"rendered":"<p>Ansa CAP3 F88183 de la Acteon este un v\u00e2rf ultrasonic de \u00eenalt\u0103 precizie, destinat procedurilor endodontice avansate. Acest v\u00e2rf este special conceput pentru deschiderea canalelor, \u00eendep\u0103rtarea calcific\u0103rilor \u0219i a dentinei, contribuind astfel la succesul tratamentelor de canal. Cu un design striat \u0219i un v\u00e2rf ascu\u021bit, CAP3 asigur\u0103 o utilizare precis\u0103 \u0219i eficient\u0103, dar necesit\u0103 pruden\u021b\u0103 pentru a evita perforarea podelei camerei pulpare.<\/p>\n<p>&nbsp;<\/p>\n<p>Fabricat din materiale de \u00eenalt\u0103 calitate, acest v\u00e2rf ofer\u0103 durabilitate \u0219i performan\u021b\u0103 optim\u0103. Fiecare v\u00e2rf este sterilizat \u0219i ambalat individual, respect\u00e2nd cele mai \u00eenalte standarde de igien\u0103 \u0219i siguran\u021b\u0103 pentru pacien\u021bi. Compatibilitatea cu diverse aparate piezoelectrice \u00eel face un instrument versatil \u0219i indispensabil \u00een orice cabinet stomatologic modern.<\/p>\n<h3><strong>Caracteristici cheie:<\/strong><\/h3>\n<ul>\n<li>Proiectat pentru deschiderea canalelor \u0219i \u00eendep\u0103rtarea calcific\u0103rilor<\/li>\n<li>Fabricat din materiale de \u00eenalt\u0103 calitate pentru durabilitate \u0219i performan\u021b\u0103<\/li>\n<li>Design striat cu v\u00e2rf ascu\u021bit pentru precizie maxim\u0103<\/li>\n<li>Compatibil cu diverse aparate piezoelectrice<\/li>\n<li>Sterilizat \u0219i ambalat individual pentru igien\u0103 \u0219i siguran\u021b\u0103 maxim\u0103<\/li>\n<\/ul>\n<p>V\u00e2rful CAP3 dispune de o extremitate extrem de ascu\u0163it\u0103 recomandat\u0103 pentru:<\/p>\n<ul>\n<li>Localizarea \u0219i deschiderea canalelor calcifiate.<\/li>\n<li>Fragmentarea calcific\u0103rilor sau a pietrelor pulpare \u00een camera pulpar\u0103<\/li>\n<li>Detensionarea pivotului din fibr\u0103<\/li>\n<li>Localizarea canalelor accesorii<\/li>\n<\/ul>\n<p>Datorit\u0103 extrenit\u0103\u0163ii foarte ascu\u021bite, v\u00e2rful CAP3 v\u00e2rful trebuie manipulat cu grij\u0103 (recomand\u0103m utilizarea unor lupe).<\/p>\n<p>Alege ansa CAP3 F88183 de la Acteon pentru a \u00eembun\u0103t\u0103\u021bi calitatea \u0219i eficien\u021ba tratamentelor endodontice din cabinetul t\u0103u.<\/p>\n","protected":false},"excerpt":{"rendered":"<p>Ansa CAP3 F88183 de la Acteon este un v\u00e2rf ultrasonic de \u00eenalt\u0103 precizie, destinat procedurilor endodontice avansate. Acest v\u00e2rf este special conceput pentru deschiderea canalelor, \u00eendep\u0103rtarea calcific\u0103rilor \u0219i a dentinei, contribuind astfel la succesul tratamentelor de canal.<\/p>\n","protected":false},"featured_media":1427,"comment_status":"closed","ping_status":"closed","template":"","meta":{"_kad_blocks_custom_css":"","_kad_blocks_head_custom_js":"","_kad_blocks_body_custom_js":"","_kad_blocks_footer_custom_js":"","_kadence_starter_templates_imported_post":false,"_kad_post_transparent":"default","_kad_post_title":"","_kad_post_layout":"default","_kad_post_sidebar_id":"","_kad_post_content_style":"default","_kad_post_vertical_padding":"default","_kad_post_feature":"","_kad_post_feature_position":"","_kad_post_header":false,"_kad_post_footer":false,"_kad_post_classname":""},"product_brand":[393],"product_cat":[19,18,54],"product_tag":[469],"product_partner":[],"class_list":{"0":"post-1396","1":"product","2":"type-product","3":"status-publish","4":"has-post-thumbnail","6":"product_brand-acteon","7":"product_cat-aparate-piezochirurgie","8":"product_cat-echipamente-chirurgie-si-accesorii","9":"product_cat-echipamente-stomatologice","10":"product_tag-onlineorder","12":"first","13":"outofstock","14":"taxable","15":"shipping-taxable","16":"purchasable","17":"product-type-simple","18":"entry","19":"content-bg","20":"loop-entry"},"taxonomy_info":{"product_brand":[{"value":393,"label":"ACTEON"}],"product_cat":[{"value":19,"label":"Aparate Piezochirurgie"},{"value":18,"label":"Echipamente de chirurgie dentar\u0103 \u0219i accesorii"},{"value":54,"label":"Echipamente Stomatologice"}],"product_tag":[{"value":469,"label":"#onlineorder"}]},"featured_image_src_large":["https:\/\/gursk.ro\/shop\/wp-content\/uploads\/2020\/07\/1000157_big-1024x1024.jpg",1024,1024,true],"author_info":[],"comment_info":0,"_links":{"self":[{"href":"https:\/\/gursk.ro\/shop\/wp-json\/wp\/v2\/product\/1396","targetHints":{"allow":["GET"]}}],"collection":[{"href":"https:\/\/gursk.ro\/shop\/wp-json\/wp\/v2\/product"}],"about":[{"href":"https:\/\/gursk.ro\/shop\/wp-json\/wp\/v2\/types\/product"}],"replies":[{"embeddable":true,"href":"https:\/\/gursk.ro\/shop\/wp-json\/wp\/v2\/comments?post=1396"}],"version-history":[{"count":1,"href":"https:\/\/gursk.ro\/shop\/wp-json\/wp\/v2\/product\/1396\/revisions"}],"predecessor-version":[{"id":10840,"href":"https:\/\/gursk.ro\/shop\/wp-json\/wp\/v2\/product\/1396\/revisions\/10840"}],"wp:featuredmedia":[{"embeddable":true,"href":"https:\/\/gursk.ro\/shop\/wp-json\/wp\/v2\/media\/1427"}],"wp:attachment":[{"href":"https:\/\/gursk.ro\/shop\/wp-json\/wp\/v2\/media?parent=1396"}],"wp:term":[{"taxonomy":"product_brand","embeddable":true,"href":"https:\/\/gursk.ro\/shop\/wp-json\/wp\/v2\/product_brand?post=1396"},{"taxonomy":"product_cat","embeddable":true,"href":"https:\/\/gursk.ro\/shop\/wp-json\/wp\/v2\/product_cat?post=1396"},{"taxonomy":"product_tag","embeddable":true,"href":"https:\/\/gursk.ro\/shop\/wp-json\/wp\/v2\/product_tag?post=1396"},{"taxonomy":"product_partner","embeddable":true,"href":"https:\/\/gursk.ro\/shop\/wp-json\/wp\/v2\/product_partner?post=1396"}],"curies":[{"name":"wp","href":"https:\/\/api.w.org\/{rel}","templated":true}]}}