{"id":1394,"date":"2025-09-18T17:33:57","date_gmt":"2025-09-18T14:33:57","guid":{"rendered":"https:\/\/gursk.ro\/shop\/?post_type=product&#038;p=1394"},"modified":"2026-05-06T10:24:43","modified_gmt":"2026-05-06T07:24:43","slug":"varf-fibra-r14-cd-conic-16-1-3-0-6-mm-85830","status":"publish","type":"product","link":"https:\/\/gursk.ro\/shop\/produs\/varf-fibra-r14-cd-conic-16-1-3-0-6-mm-85830\/","title":{"rendered":"V\u00e2rf fibr\u0103 Fotona R14 CD, CONIC, 16\/1.3-0.6 mm, 85830"},"content":{"rendered":"<p>Acest tip de v\u00e2rf este utilizat pentru:<br \/>\n&#8211; Toate procedurile pentru \u021besuturile dure, \u00een cazul \u00een care necesit\u0103 un v\u00e2rf de fibr\u0103 mai sub\u021bire necesar pentru o ad\u00e2ncime mai mare (carii meziale \u0219i distale, captarea pulpei)<br \/>\n&#8211; Toate chirurgiile precise ale \u021besuturilor moi<\/p>\n<p>&nbsp;<\/p>\n","protected":false},"excerpt":{"rendered":"<p>Acest tip de v\u00e2rf este utilizat pentru:<\/p>\n<ul>\n<li>Toate procedurile pentru \u021besuturile dure, \u00een cazul \u00een care necesit\u0103 un v\u00e2rf de fibr\u0103 mai sub\u021bire necesar pentru o ad\u00e2ncime mai mare (carii meziale \u0219i distale, captarea pulpei)<\/li>\n<li>Toate chirurgiile precise ale \u021besuturilor moi<\/li>\n<\/ul>\n","protected":false},"featured_media":1425,"comment_status":"closed","ping_status":"closed","template":"","meta":{"_kad_blocks_custom_css":"","_kad_blocks_head_custom_js":"","_kad_blocks_body_custom_js":"","_kad_blocks_footer_custom_js":"","_kadence_starter_templates_imported_post":false,"_kad_post_transparent":"default","_kad_post_title":"","_kad_post_layout":"default","_kad_post_sidebar_id":"","_kad_post_content_style":"default","_kad_post_vertical_padding":"default","_kad_post_feature":"","_kad_post_feature_position":"","_kad_post_header":false,"_kad_post_footer":false,"_kad_post_classname":""},"product_brand":[404],"product_cat":[54,55],"product_tag":[470],"product_partner":[],"class_list":{"0":"post-1394","1":"product","2":"type-product","3":"status-publish","4":"has-post-thumbnail","6":"product_brand-fotona","7":"product_cat-echipamente-stomatologice","8":"product_cat-lasere-dentare","9":"product_tag-preorder","11":"first","12":"instock","13":"taxable","14":"shipping-taxable","15":"purchasable","16":"product-type-simple","17":"entry","18":"content-bg","19":"loop-entry"},"taxonomy_info":{"product_brand":[{"value":404,"label":"FOTONA"}],"product_cat":[{"value":54,"label":"Echipamente Stomatologice"},{"value":55,"label":"Lasere dentare"}],"product_tag":[{"value":470,"label":"#preorder"}]},"featured_image_src_large":["https:\/\/gursk.ro\/shop\/wp-content\/uploads\/2020\/07\/1000121_big-1024x1024.jpg",1024,1024,true],"author_info":[],"comment_info":0,"_links":{"self":[{"href":"https:\/\/gursk.ro\/shop\/wp-json\/wp\/v2\/product\/1394","targetHints":{"allow":["GET"]}}],"collection":[{"href":"https:\/\/gursk.ro\/shop\/wp-json\/wp\/v2\/product"}],"about":[{"href":"https:\/\/gursk.ro\/shop\/wp-json\/wp\/v2\/types\/product"}],"replies":[{"embeddable":true,"href":"https:\/\/gursk.ro\/shop\/wp-json\/wp\/v2\/comments?post=1394"}],"version-history":[{"count":1,"href":"https:\/\/gursk.ro\/shop\/wp-json\/wp\/v2\/product\/1394\/revisions"}],"predecessor-version":[{"id":10755,"href":"https:\/\/gursk.ro\/shop\/wp-json\/wp\/v2\/product\/1394\/revisions\/10755"}],"wp:featuredmedia":[{"embeddable":true,"href":"https:\/\/gursk.ro\/shop\/wp-json\/wp\/v2\/media\/1425"}],"wp:attachment":[{"href":"https:\/\/gursk.ro\/shop\/wp-json\/wp\/v2\/media?parent=1394"}],"wp:term":[{"taxonomy":"product_brand","embeddable":true,"href":"https:\/\/gursk.ro\/shop\/wp-json\/wp\/v2\/product_brand?post=1394"},{"taxonomy":"product_cat","embeddable":true,"href":"https:\/\/gursk.ro\/shop\/wp-json\/wp\/v2\/product_cat?post=1394"},{"taxonomy":"product_tag","embeddable":true,"href":"https:\/\/gursk.ro\/shop\/wp-json\/wp\/v2\/product_tag?post=1394"},{"taxonomy":"product_partner","embeddable":true,"href":"https:\/\/gursk.ro\/shop\/wp-json\/wp\/v2\/product_partner?post=1394"}],"curies":[{"name":"wp","href":"https:\/\/api.w.org\/{rel}","templated":true}]}}