{"id":1341,"date":"2025-09-18T17:33:00","date_gmt":"2025-09-18T14:33:00","guid":{"rendered":"https:\/\/gursk.ro\/shop\/?post_type=product&#038;p=1341"},"modified":"2026-05-06T10:24:43","modified_gmt":"2026-05-06T07:24:43","slug":"90664-piesa-hp-hc02-n-ce","status":"publish","type":"product","link":"https:\/\/gursk.ro\/shop\/produs\/90664-piesa-hp-hc02-n-ce\/","title":{"rendered":"Pies\u0103 de m\u00e2n\u0103 Fotona HP HC02-N CE, 90664"},"content":{"rendered":"","protected":false},"excerpt":{"rendered":"<p>Pies\u0103 de m\u00e2n\u0103 dentar\u0103, f\u0103r\u0103 contact, unghiular\u0103 la 90\u00b0, pentru sisteme laser Er:YAG, dimensiunea spotului de 0,9 mm \u00een punctul focal, cu duz\u0103 de pulverizare aer\/ap\u0103 integrat\u0103<\/p>\n","protected":false},"featured_media":10749,"comment_status":"closed","ping_status":"closed","template":"","meta":{"_kad_blocks_custom_css":"","_kad_blocks_head_custom_js":"","_kad_blocks_body_custom_js":"","_kad_blocks_footer_custom_js":"","_kadence_starter_templates_imported_post":false,"_kad_post_transparent":"default","_kad_post_title":"","_kad_post_layout":"default","_kad_post_sidebar_id":"","_kad_post_content_style":"default","_kad_post_vertical_padding":"default","_kad_post_feature":"","_kad_post_feature_position":"","_kad_post_header":false,"_kad_post_footer":false,"_kad_post_classname":""},"product_brand":[404],"product_cat":[54,55],"product_tag":[470],"product_partner":[],"class_list":{"0":"post-1341","1":"product","2":"type-product","3":"status-publish","4":"has-post-thumbnail","6":"product_brand-fotona","7":"product_cat-echipamente-stomatologice","8":"product_cat-lasere-dentare","9":"product_tag-preorder","11":"first","12":"outofstock","13":"taxable","14":"shipping-taxable","15":"purchasable","16":"product-type-simple","17":"entry","18":"content-bg","19":"loop-entry"},"taxonomy_info":{"product_brand":[{"value":404,"label":"FOTONA"}],"product_cat":[{"value":54,"label":"Echipamente Stomatologice"},{"value":55,"label":"Lasere dentare"}],"product_tag":[{"value":470,"label":"#preorder"}]},"featured_image_src_large":["https:\/\/gursk.ro\/shop\/wp-content\/uploads\/2025\/09\/Piesa-HP-HC02-N-CE-90664.jpg",720,720,false],"author_info":[],"comment_info":0,"_links":{"self":[{"href":"https:\/\/gursk.ro\/shop\/wp-json\/wp\/v2\/product\/1341","targetHints":{"allow":["GET"]}}],"collection":[{"href":"https:\/\/gursk.ro\/shop\/wp-json\/wp\/v2\/product"}],"about":[{"href":"https:\/\/gursk.ro\/shop\/wp-json\/wp\/v2\/types\/product"}],"replies":[{"embeddable":true,"href":"https:\/\/gursk.ro\/shop\/wp-json\/wp\/v2\/comments?post=1341"}],"version-history":[{"count":1,"href":"https:\/\/gursk.ro\/shop\/wp-json\/wp\/v2\/product\/1341\/revisions"}],"predecessor-version":[{"id":10748,"href":"https:\/\/gursk.ro\/shop\/wp-json\/wp\/v2\/product\/1341\/revisions\/10748"}],"wp:featuredmedia":[{"embeddable":true,"href":"https:\/\/gursk.ro\/shop\/wp-json\/wp\/v2\/media\/10749"}],"wp:attachment":[{"href":"https:\/\/gursk.ro\/shop\/wp-json\/wp\/v2\/media?parent=1341"}],"wp:term":[{"taxonomy":"product_brand","embeddable":true,"href":"https:\/\/gursk.ro\/shop\/wp-json\/wp\/v2\/product_brand?post=1341"},{"taxonomy":"product_cat","embeddable":true,"href":"https:\/\/gursk.ro\/shop\/wp-json\/wp\/v2\/product_cat?post=1341"},{"taxonomy":"product_tag","embeddable":true,"href":"https:\/\/gursk.ro\/shop\/wp-json\/wp\/v2\/product_tag?post=1341"},{"taxonomy":"product_partner","embeddable":true,"href":"https:\/\/gursk.ro\/shop\/wp-json\/wp\/v2\/product_partner?post=1341"}],"curies":[{"name":"wp","href":"https:\/\/api.w.org\/{rel}","templated":true}]}}