{"id":120,"date":"2025-09-18T17:21:25","date_gmt":"2025-09-18T14:21:25","guid":{"rendered":"https:\/\/gursk.ro\/shop\/?post_type=product&#038;p=120"},"modified":"2026-04-08T10:27:28","modified_gmt":"2026-04-08T07:27:28","slug":"membrana-ptfe-opentex","status":"publish","type":"product","link":"https:\/\/gursk.ro\/shop\/produs\/membrana-ptfe-opentex\/","title":{"rendered":"Membran\u0103 neresorbabil\u0103 PTFE OpenTex\u00ae, neranforsat\u0103"},"content":{"rendered":"<p>Membran\u0103 neresorbabil\u0103 PTFE OpenTex\u00ae a fost creat\u0103 pentru a sprijini procedurile de regenerare tisular\u0103 ghidat\u0103 (GTR) \u0219i regenerare osoas\u0103 ghidat\u0103 (GBR) ce necesit\u0103 barier\u0103 stabil\u0103 \u0219i control predictibil al vindec\u0103rii. <strong>Membran\u0103 OpenTex\u00ae<\/strong> este compus\u0103 dintr-o foaie de politetrafluoretilen\u0103 (PTFE) 100%. Membrana din PTFE este biologic inert\u0103, chimic nereactiv\u0103, cu suprafa\u021b\u0103 neted\u0103 \u0219i micro\/ultra-microporoas\u0103, ceea ce limiteaz\u0103 infiltrarea bacterian\u0103 \u0219i u\u0219ureaz\u0103 \u00eendep\u0103rtarea la reinterven\u021bie. \u00cen multe cazuri, designul OpenTex\u00ae permite o abordare minim invaziv\u0103 (\u00eenchidere primar\u0103 mai pu\u021bin strict\u0103).<\/p>\n<p>&nbsp;<\/p>\n<div class=\"entry-content-asset videofit\"><iframe title=\"OpenTex\u00ae &amp; OpenTex\u00ae-TR: Smart Choice for Non-resorbable Membrane\" width=\"720\" height=\"405\" src=\"https:\/\/www.youtube.com\/embed\/pyId5TktYXU?feature=oembed\" frameborder=\"0\" allow=\"accelerometer; autoplay; clipboard-write; encrypted-media; gyroscope; picture-in-picture; web-share\" referrerpolicy=\"strict-origin-when-cross-origin\" allowfullscreen><\/iframe><\/div>\n<h3 class=\"clearAndWidth\"><strong>De ce s\u0103 o alege\u021bi membrana neresorbabil\u0103 PTFE OpenTex\u00ae:<\/strong><\/h3>\n<ul>\n<li><strong>Barier\u0103 previzibil\u0103, neresorbabil\u0103 <\/strong>\u2013 nu este influen\u021bat\u0103 de procese de resorb\u021bie; protejeaz\u0103 grefa pe durata vindec\u0103rii.<\/li>\n<li><strong>Siguran\u021b\u0103 biologic\u0103 ridicat\u0103<\/strong> \u2013 PTFE medical-grade, material inert \u0219i biocompatibil.<\/li>\n<li><strong>Control al contamin\u0103rii<\/strong> \u2013 suprafa\u021b\u0103 neted\u0103 + pori foarte mici \u2192 rezisten\u021b\u0103 la colonizare \u0219i \u00eendep\u0103rtare facil\u0103 a membranei.<\/li>\n<li><strong>Abordare minim invaziv\u0103<\/strong> <span class=\"cf4\">\u2013 <span class=\"cf4\">faciliteaz\u0103 gestionarea \u021besuturilor moi; \u00eenchidere primar\u0103 nu este \u00eentotdeauna necesar\u0103.<\/span><\/span><\/li>\n<\/ul>\n<p><img fetchpriority=\"high\" decoding=\"async\" class=\"alignnone wp-image-11938 size-full\" src=\"https:\/\/gursk.ro\/shop\/wp-content\/uploads\/2025\/09\/Opentex_closure.png\" alt=\"Opentex Closure\" width=\"943\" height=\"360\" srcset=\"https:\/\/gursk.ro\/shop\/wp-content\/uploads\/2025\/09\/Opentex_closure.png 943w, https:\/\/gursk.ro\/shop\/wp-content\/uploads\/2025\/09\/Opentex_closure-300x115.png 300w, https:\/\/gursk.ro\/shop\/wp-content\/uploads\/2025\/09\/Opentex_closure-768x293.png 768w\" sizes=\"(max-width: 943px) 100vw, 943px\" \/><\/p>\n<p>&nbsp;<\/p>\n<h3><strong>Caracteristici principale:<\/strong><\/h3>\n<ul>\n<li><strong>Material PTFE de \u00eenalt<\/strong><strong>\u0103 calitate:<\/strong> Fabricat\u0103 din PTFE non-resorbabil, membrana ofer\u0103 o barier\u0103 robust\u0103 \u0219i biocompatibil\u0103, garant\u00e2nd durabilitate \u0219i siguran\u021b\u0103.<\/li>\n<li><strong>Barier\u0103 eficient\u0103:<\/strong> Previne migrarea celulelor epiteliale \u0219i fibroblastelor, favoriz\u00e2nd regenerarea osoas\u0103 \u0219i tisular\u0103 adecvat\u0103.<\/li>\n<li><strong>Flexibilitate \u0219i manipulare u\u0219oar\u0103:<\/strong> Membrana este u\u0219or de t\u0103iat \u0219i modelat pentru a se potrivi perfect conturului defectului, asigur\u00e2nd o aplicare precis\u0103 \u0219i sigur\u0103.<\/li>\n<li><strong>Permeabilitate selectiv\u0103:<\/strong> Permite trecerea fluidelor esen\u021biale pentru vindecare, \u00een timp ce blocheaz\u0103 celulele nedorite, facilit\u00e2nd o regenerare eficient\u0103.<\/li>\n<li><strong>Versatilitate:<\/strong> Ideal\u0103 pentru diverse proceduri de regenerare, inclusiv augmentarea crestei alveolare \u0219i repararea defectelor osoase periimplantare.<\/li>\n<\/ul>\n<p><img decoding=\"async\" class=\"size-medium wp-image-11939 alignnone\" src=\"https:\/\/gursk.ro\/shop\/wp-content\/uploads\/2025\/09\/OpenTexVISU2-300x171.png\" alt=\"OpenTexVISU2\" width=\"300\" height=\"171\" srcset=\"https:\/\/gursk.ro\/shop\/wp-content\/uploads\/2025\/09\/OpenTexVISU2-300x171.png 300w, https:\/\/gursk.ro\/shop\/wp-content\/uploads\/2025\/09\/OpenTexVISU2.png 500w\" sizes=\"(max-width: 300px) 100vw, 300px\" \/><\/p>\n<h3><strong>Neresorbabil<\/strong><\/h3>\n<p>\u2022 Membran\u0103 100% PTFE de calitate medical\u0103.<br \/>\n\u2022 Biologic inert\u0103 \u0219i chimic nereactiv\u0103.<br \/>\n\u2022 Procedura de vindecare nu interfereaz\u0103 cu absorb\u021bia membranei.<\/p>\n<h3><strong>Microporoas\u0103<\/strong><\/h3>\n<p>\u2022 Promoveaz\u0103 ata\u0219area \u021besutului gingival.<br \/>\n\u2022 \u00cembun\u0103t\u0103\u021be\u0219te circula\u021bia fluidului intersti\u021bial.<\/p>\n<h3><strong>Minim invaziv<\/strong><\/h3>\n<p>\u2022 Recuperarea rapid\u0103 a \u021besutului moale.<br \/>\n\u2022 \u00cenchiderea primar\u0103 nu este necesar\u0103.<br \/>\n\u2022 Reflexie sau disec\u021bie minim\u0103 a lamboului.<\/p>\n<h3><strong>Rezist\u0103 la expunere<\/strong><\/h3>\n<p>\u2022 Protejeaz\u0103 locul de regenerare osoas\u0103.<br \/>\n\u2022 \u021aesutul subiacent regenerat poate fi evaluat.<br \/>\n\u2022 Ofer\u0103 un mediu adecvat pentru cre\u0219terea vaselor de s\u00e2nge \u0219i a celulelor osteogene.<\/p>\n","protected":false},"excerpt":{"rendered":"<p><span class=\"cf0\">OpenTex<\/span><span class=\"cf1\">\u00ae<\/span>\u00a0de la Purgo este o membran\u0103 din PTFE non-resorbabil\u0103, utilizat\u0103 pentru regenerare tisular\u0103 \u0219i osoas\u0103 ghidat\u0103. Ofer\u0103 o barier\u0103 eficient\u0103 \u00eempotriva migra\u021biei celulare nedorite, asigur\u00e2nd flexibilitate, durabilitate \u0219i biocompatibilitate excelent\u0103 pentru diverse proceduri clinice.<\/p>\n","protected":false},"featured_media":8507,"comment_status":"closed","ping_status":"closed","template":"","meta":{"_kad_blocks_custom_css":"","_kad_blocks_head_custom_js":"","_kad_blocks_body_custom_js":"","_kad_blocks_footer_custom_js":"","_kadence_starter_templates_imported_post":false,"_kad_post_transparent":"default","_kad_post_title":"","_kad_post_layout":"default","_kad_post_sidebar_id":"","_kad_post_content_style":"default","_kad_post_vertical_padding":"default","_kad_post_feature":"","_kad_post_feature_position":"","_kad_post_header":false,"_kad_post_footer":false,"_kad_post_classname":""},"product_brand":[420],"product_cat":[50,52],"product_tag":[469],"product_partner":[],"class_list":{"0":"post-120","1":"product","2":"type-product","3":"status-publish","4":"has-post-thumbnail","6":"product_brand-purgo","7":"product_cat-biomateriale-si-materiale-de-sutura","8":"product_cat-membrane","9":"product_tag-onlineorder","11":"first","12":"instock","13":"taxable","14":"shipping-taxable","15":"purchasable","16":"product-type-variable","17":"entry","18":"content-bg","19":"loop-entry"},"taxonomy_info":{"product_brand":[{"value":420,"label":"PURGO"}],"product_cat":[{"value":50,"label":"Biomateriale \u0219i materiale de sutur\u0103"},{"value":52,"label":"Membrane \u0219i Conuri"}],"product_tag":[{"value":469,"label":"#onlineorder"}]},"featured_image_src_large":["https:\/\/gursk.ro\/shop\/wp-content\/uploads\/2020\/07\/openTex-11.png",511,512,false],"author_info":[],"comment_info":0,"_links":{"self":[{"href":"https:\/\/gursk.ro\/shop\/wp-json\/wp\/v2\/product\/120","targetHints":{"allow":["GET"]}}],"collection":[{"href":"https:\/\/gursk.ro\/shop\/wp-json\/wp\/v2\/product"}],"about":[{"href":"https:\/\/gursk.ro\/shop\/wp-json\/wp\/v2\/types\/product"}],"replies":[{"embeddable":true,"href":"https:\/\/gursk.ro\/shop\/wp-json\/wp\/v2\/comments?post=120"}],"wp:featuredmedia":[{"embeddable":true,"href":"https:\/\/gursk.ro\/shop\/wp-json\/wp\/v2\/media\/8507"}],"wp:attachment":[{"href":"https:\/\/gursk.ro\/shop\/wp-json\/wp\/v2\/media?parent=120"}],"wp:term":[{"taxonomy":"product_brand","embeddable":true,"href":"https:\/\/gursk.ro\/shop\/wp-json\/wp\/v2\/product_brand?post=120"},{"taxonomy":"product_cat","embeddable":true,"href":"https:\/\/gursk.ro\/shop\/wp-json\/wp\/v2\/product_cat?post=120"},{"taxonomy":"product_tag","embeddable":true,"href":"https:\/\/gursk.ro\/shop\/wp-json\/wp\/v2\/product_tag?post=120"},{"taxonomy":"product_partner","embeddable":true,"href":"https:\/\/gursk.ro\/shop\/wp-json\/wp\/v2\/product_partner?post=120"}],"curies":[{"name":"wp","href":"https:\/\/api.w.org\/{rel}","templated":true}]}}