{"id":10867,"date":"2026-01-27T20:53:33","date_gmt":"2026-01-27T17:53:33","guid":{"rendered":"https:\/\/gursk.ro\/shop\/?post_type=product&#038;p=10867"},"modified":"2026-04-03T15:04:49","modified_gmt":"2026-04-03T12:04:49","slug":"sinus-lift-timisoara","status":"publish","type":"product","link":"https:\/\/gursk.ro\/shop\/produs\/sinus-lift-timisoara\/","title":{"rendered":"Sinus lifting. Totul, de la anatomia detaliat\u0103, la cazuri clinice foarte complexe"},"content":{"rendered":"<p>Acest curs Hands-on este o <strong>sintez\u0103 actualizat\u0103 bazat\u0103 pe bibliografia interna\u021bional\u0103<\/strong> \u0219i experien\u021ba vast\u0103 a echipei chirurgicale Dental Progress, de<strong> peste 15 ani \u00een chirurgia sinusului maxilar.<\/strong> Partea teoretic\u0103 va acoperi anatomia sinusului maxilar, patologia acestuia \u0219i criteriile de tratament, \u00een timp ce partea practic\u0103 va oferi participan\u021bilor posibilitatea de a exersa interven\u021bii de sinus lift \u0219i de inserare a implanturilor pe modele speciale de capete de oaie \u0219i ou\u0103. Cursan\u021bii vor \u00eenv\u0103\u021ba \u0219i s\u0103 finalizeze opera\u021biile cu rezultate sigure \u0219i predictibile, chiar \u00een cazurile clinice dificile.<\/p>\n<h3>De ce sa participi la acest curs?<\/h3>\n<ul>\n<li><strong>Sintez\u0103 actualizat\u0103<\/strong>: Acest curs este o sintez\u0103 actualizat\u0103 bazat\u0103 pe bibliografia interna\u021bional\u0103 \u0219i experien\u021ba vast\u0103 a echipei chirurgicale Dental Progress, de peste 15 ani \u00een chirurgia sinusului maxilar.<\/li>\n<li><strong>\u00cenv\u0103\u021bare teoretic\u0103 \u0219i practic\u0103:<\/strong> Cursul acoper\u0103 at\u00e2t partea teoretic\u0103, c\u00e2t \u0219i cea practic\u0103, oferind participan\u021bilor posibilitatea de a \u00eenv\u0103\u021ba \u0219i de a exersa interven\u021bii de sinus lift \u0219i de inserare a implanturilor pe modele speciale de capete de oaie \u0219i ou\u0103.<\/li>\n<li><strong>Cazuri clinice reale:<\/strong> Cursul va include cazuri clinice reale care vor demonstra procedura standard de elevare a sinusurilor maxilare, p\u00e2n\u0103 la proceduri foarte complexe \u00een cazurile unor sinusuri cu patologie sau sinusuri ce prezint\u0103 diferite tipuri de septuri.<\/li>\n<li><strong>Sfaturi \u0219i trucuri:<\/strong> Participan\u021bii vor \u00eenv\u0103\u021ba o mul\u021bime de &#8222;sfaturi \u0219i trucuri&#8221; care le vor permite s\u0103 abordeze cazurile dificile \u0219i s\u0103 transforme un caz dificil \u00eentr-un succes.<br \/>\n\u00cencredere \u00een opera\u021biile dificile: Cursan\u021bii vor \u00eenv\u0103\u021ba cum s\u0103 finalizeze opera\u021biile cu rezultate sigure \u0219i predictibile, chiar \u00een cazurile clinice dificile.<\/li>\n<\/ul>\n<h3><strong>Ce vei \u00eenv\u0103\u021ba?<\/strong><\/h3>\n<p><strong>Anatomia detaliat\u0103 a sinusului maxilar:<\/strong><\/p>\n<ul>\n<li>Limitele cavit\u0103\u021bii antrale.<\/li>\n<li>Vasculariza\u021bia \u0219i inerva\u021bia.<\/li>\n<li>Microscopia membranei schneideriene pentru prevenirea complica\u021biilor.<\/li>\n<\/ul>\n<p><strong>Patologia sinusului maxilar:<\/strong><\/p>\n<ul>\n<li>Identificarea \u0219i tratarea patologiilor.<\/li>\n<li>Colaborarea interdisciplinar\u0103 cu chirurgii ORL.<\/li>\n<\/ul>\n<p><strong>Tehnici chirurgicale avansate:<\/strong><\/p>\n<ul>\n<li>De la proceduri standard p\u00e2n\u0103 la abord\u0103ri pentru sinusuri cu septuri sau patologie.<\/li>\n<li>\u201eSfaturi \u0219i trucuri\u201d pentru transformarea cazurilor dificile \u00een succese.<\/li>\n<\/ul>\n<p><strong>Abordarea practic\u0103:<\/strong><\/p>\n<ul>\n<li>Exerci\u021bii hands-on pe modele (modele\/capete de oaie).<\/li>\n<li>Inser\u021bia implanturilor \u00een cadrul aceleia\u0219i interven\u021bii de sinus lifting, chiar \u0219i \u00een cazuri de atrofii severe.<\/li>\n<\/ul>\n<p><strong>Finalizarea cu succes a opera\u021biilor:<\/strong><\/p>\n<ul>\n<li>Ob\u021binerea unor rezultate sigure \u0219i predictibile \u00een cele mai dificile situa\u021bii clinice.<\/li>\n<\/ul>\n<h3><strong>Program detaliat:<\/strong><\/h3>\n<p><strong>09:15 \u2013 09:30:<\/strong>\u00a0\u00cenregistrarea participan\u021bilor.<\/p>\n<p><strong>09:30 \u2013 12:30:<\/strong>\u00a0Partea teoretic\u0103 (cu pauz\u0103 de cafea).<\/p>\n<p><strong>12:30 \u2013 13:30:<\/strong>\u00a0Pauza de pr\u00e2nz.<\/p>\n<p><strong>13:30 \u2013 16:00:<\/strong>\u00a0Partea practic\u0103 intens\u0103.<\/p>\n<p><strong>16:00:<\/strong>\u00a0Q&amp;A<\/p>\n<h3><strong>TARIFE (one-full-day):<\/strong><\/h3>\n<p><strong>EarlyDays:<\/strong> 350 EUR + TVA (primele 10 locuri).<\/p>\n<p><strong>SmartDays:<\/strong>\u00a0390 EUR + TVA<\/p>\n<h3><strong>Pentru informa\u021bii \u0219i \u00eenregistrare:<\/strong><\/h3>\n<p><strong>Email:<\/strong>\u00a0<a href=\"mailto:events@gurskmedica.ro\" rel=\"noopener\">events@gurskmedica.ro<\/a><\/p>\n<p><strong>Telefon:<\/strong>\u00a0Adriana Steriopol \u2013 0730 532 463<\/p>\n","protected":false},"excerpt":{"rendered":"<p>Descoper\u0103 tehnici avansate de sinus lifting \u00eentr-un curs intensiv, care \u00eembin\u0103 teoria detaliat\u0103 cu exerci\u021bii practice hands-on. Sub \u00eendrumarea Dr. Cosmin Dima, medic recunoscut interna\u021bional, vei \u00eenv\u0103\u021ba s\u0103 abordezi cazuri complexe \u0219i s\u0103 ob\u021bii rezultate predictibile chiar \u0219i \u00een cele mai dificile situa\u021bii clinice. Ideal pentru profesioni\u0219tii care doresc s\u0103 \u00ee\u0219i perfec\u021bioneze abilit\u0103\u021bile \u00een chirurgia maxilar\u0103.<\/p>\n<p><strong>Timi\u0219oara, 17 octombrie 2026<\/strong><br \/>\n<strong>Tarif preferen\u021bial EarlyDays \u2013 valabil pentru primele 10 locuri<\/strong><br \/>\n<a href=\"https:\/\/gursk.ro\/shop\/wp-content\/uploads\/2026\/01\/Sinus-lifting.-Timisoara.pdf\"><strong>Descarc\u0103 bro\u0219ura cursului<\/strong><\/a><\/p>\n","protected":false},"featured_media":11931,"comment_status":"open","ping_status":"closed","template":"","meta":{"_kad_blocks_custom_css":"","_kad_blocks_head_custom_js":"","_kad_blocks_body_custom_js":"","_kad_blocks_footer_custom_js":"","_kadence_starter_templates_imported_post":false,"_kad_post_transparent":"default","_kad_post_title":"","_kad_post_layout":"default","_kad_post_sidebar_id":"","_kad_post_content_style":"default","_kad_post_vertical_padding":"default","_kad_post_feature":"","_kad_post_feature_position":"","_kad_post_header":false,"_kad_post_footer":false,"_kad_post_classname":""},"product_brand":[393],"product_cat":[377],"product_tag":[468,809],"product_partner":[472],"class_list":{"0":"post-10867","1":"product","2":"type-product","3":"status-publish","4":"has-post-thumbnail","6":"product_brand-acteon","7":"product_cat-cursuri-stomatologie","8":"product_tag-gurskevents","9":"product_tag-curs-sinus-lifting","10":"product_partner-acteon","12":"first","13":"instock","14":"sale","15":"virtual","16":"taxable","17":"purchasable","18":"product-type-simple","19":"entry","20":"content-bg","21":"loop-entry"},"taxonomy_info":{"product_brand":[{"value":393,"label":"ACTEON"}],"product_cat":[{"value":377,"label":"Cursuri stomatologie"}],"product_tag":[{"value":468,"label":"#gurskevents"},{"value":809,"label":"curs sinus lifting"}],"product_partner":[{"value":472,"label":"Acteon"}]},"featured_image_src_large":["https:\/\/gursk.ro\/shop\/wp-content\/uploads\/2026\/01\/ws-dima-sinus-lifting-tm-17-OCT-1080x1080-site-copy-2-80-1024x1024.jpg",1024,1024,true],"author_info":[],"comment_info":0,"_links":{"self":[{"href":"https:\/\/gursk.ro\/shop\/wp-json\/wp\/v2\/product\/10867","targetHints":{"allow":["GET"]}}],"collection":[{"href":"https:\/\/gursk.ro\/shop\/wp-json\/wp\/v2\/product"}],"about":[{"href":"https:\/\/gursk.ro\/shop\/wp-json\/wp\/v2\/types\/product"}],"replies":[{"embeddable":true,"href":"https:\/\/gursk.ro\/shop\/wp-json\/wp\/v2\/comments?post=10867"}],"version-history":[{"count":2,"href":"https:\/\/gursk.ro\/shop\/wp-json\/wp\/v2\/product\/10867\/revisions"}],"predecessor-version":[{"id":33721,"href":"https:\/\/gursk.ro\/shop\/wp-json\/wp\/v2\/product\/10867\/revisions\/33721"}],"wp:featuredmedia":[{"embeddable":true,"href":"https:\/\/gursk.ro\/shop\/wp-json\/wp\/v2\/media\/11931"}],"wp:attachment":[{"href":"https:\/\/gursk.ro\/shop\/wp-json\/wp\/v2\/media?parent=10867"}],"wp:term":[{"taxonomy":"product_brand","embeddable":true,"href":"https:\/\/gursk.ro\/shop\/wp-json\/wp\/v2\/product_brand?post=10867"},{"taxonomy":"product_cat","embeddable":true,"href":"https:\/\/gursk.ro\/shop\/wp-json\/wp\/v2\/product_cat?post=10867"},{"taxonomy":"product_tag","embeddable":true,"href":"https:\/\/gursk.ro\/shop\/wp-json\/wp\/v2\/product_tag?post=10867"},{"taxonomy":"product_partner","embeddable":true,"href":"https:\/\/gursk.ro\/shop\/wp-json\/wp\/v2\/product_partner?post=10867"}],"curies":[{"name":"wp","href":"https:\/\/api.w.org\/{rel}","templated":true}]}}