{"id":10863,"date":"2026-01-27T20:46:50","date_gmt":"2026-01-27T17:46:50","guid":{"rendered":"https:\/\/gursk.ro\/shop\/?post_type=product&#038;p=10863"},"modified":"2026-04-20T16:51:16","modified_gmt":"2026-04-20T13:51:16","slug":"soft-tissue-management-cluj","status":"publish","type":"product","link":"https:\/\/gursk.ro\/shop\/produs\/soft-tissue-management-cluj\/","title":{"rendered":"Soft Tissue Management"},"content":{"rendered":"<div class=\"markdown prose w-full break-words dark:prose-invert dark\">\n<p data-start=\"132\" data-end=\"491\">Acest curs este conceput pentru medicii care vor s\u0103 duc\u0103 la urm\u0103torul nivel managementul \u021besuturilor moi \u0219i s\u0103 ob\u021bin\u0103 rezultate estetice \u0219i func\u021bionale durabile. \u021aesuturile moi sunt esen\u021biale pentru succesul implanturilor \u0219i al restaur\u0103rilor dentare, iar \u00een cadrul acestui curs vei descoperi tehnici minim invazive care \u00ee\u021bi vor transforma abordarea clinic\u0103.<\/p>\n<h3 data-start=\"493\" data-end=\"522\"><strong data-start=\"497\" data-end=\"520\">De ce s\u0103 participi?<\/strong><\/h3>\n<p data-start=\"523\" data-end=\"844\">Dac\u0103 vrei s\u0103 \u00een\u021belegi \u00een detaliu modul \u00een care inciziile, suturile \u0219i grefele gingivale influen\u021beaz\u0103 vindecarea \u0219i estetica, acest curs este pentru tine. Vom parcurge toate etapele esen\u021biale, de la selec\u021bia tehnicii potrivite p\u00e2n\u0103 la aplicarea corect\u0103, pentru a asigura un rezultat predictibil \u0219i stabil pe termen lung.<\/p>\n<h3 data-start=\"846\" data-end=\"870\"><strong data-start=\"850\" data-end=\"868\">Ce vei \u00eenv\u0103\u021ba?<\/strong><\/h3>\n<ul>\n<li><strong data-start=\"874\" data-end=\"907\">Tipuri de incizii \u0219i lambouri<\/strong> \u2013 cum s\u0103 alegi \u0219i s\u0103 execu\u021bi inciziile pentru a optimiza vindecarea \u0219i aspectul gingival<\/li>\n<li><strong data-start=\"1002\" data-end=\"1023\">Tehnici de sutur\u0103<\/strong> \u2013 stabilizarea \u021besuturilor pentru o vindecare f\u0103r\u0103 complica\u021bii<\/li>\n<li><strong data-start=\"1092\" data-end=\"1128\">Gestionarea recesiilor gingivale<\/strong> \u2013 metode eficiente pentru corectarea acestora, at\u00e2t pe din\u021bi, c\u00e2t \u0219i pe implanturi<\/li>\n<li><strong data-start=\"1217\" data-end=\"1236\">Grefe gingivale<\/strong> \u2013 recoltare \u0219i aplicare \u00een siguran\u021b\u0103 pentru cre\u0219terea volumului \u021besuturilor moi<\/li>\n<li><strong data-start=\"1322\" data-end=\"1347\">Augmentarea gingival\u0103<\/strong>\u00a0\u2013 metode clasice \u0219i tehnici inovatoare dezvoltate de Dr. Dima<\/li>\n<\/ul>\n<\/div>\n<p data-start=\"477\" data-end=\"846\">\u00cen implantologie, detaliile fac diferen\u021ba. \u021aesuturile moi sunt la fel de importante ca \u021besuturile dure pentru rezultate sigure \u0219i predictibile, iar fiecare etap\u0103 chirurgical\u0103 va fi abordat\u0103 \u00een profunzime. Cursul acoper\u0103 toate aspectele esen\u021biale, de la planificarea interven\u021biilor \u0219i alegerea tehnicii potrivite, p\u00e2n\u0103 la execu\u021bia corect\u0103 \u0219i managementul postoperator.<\/p>\n<h3 data-start=\"848\" data-end=\"904\"><strong data-start=\"852\" data-end=\"902\">Aspecte esen\u021biale abordate \u00een partea teoretic\u0103:<\/strong><\/h3>\n<ul data-start=\"905\" data-end=\"1742\">\n<li data-start=\"905\" data-end=\"1052\"><strong data-start=\"907\" data-end=\"952\">Tipuri de incizii \u0219i designul lambourilor<\/strong>\u00a0\u2013 cum s\u0103 alegi \u0219i s\u0103 execu\u021bi corect inciziile pentru a optimiza vindecarea \u0219i rezultatul estetic.<\/li>\n<li data-start=\"1053\" data-end=\"1196\"><strong data-start=\"1055\" data-end=\"1076\">Tehnici de sutur\u0103<\/strong>\u00a0\u2013 alegerea firului de sutur\u0103 \u0219i a tehnicii optime pentru stabilizarea lamboului \u0219i prevenirea recesiunilor gingivale.<\/li>\n<li data-start=\"1197\" data-end=\"1307\"><strong data-start=\"1199\" data-end=\"1228\">Tipuri de grefe gingivale<\/strong>\u00a0\u2013 indica\u021bii \u0219i tehnici pentru recoltarea \u0219i aplicarea acestora \u00een siguran\u021b\u0103.<\/li>\n<li data-start=\"1308\" data-end=\"1486\"><strong data-start=\"1310\" data-end=\"1345\">Corectarea recesiilor gingivale<\/strong>\u00a0\u2013 at\u00e2t pe din\u021bi naturali, c\u00e2t \u0219i la nivelul implanturilor, utiliz\u00e2nd lambouri specifice sau tehnici avansate de tunelizare minim invaziv\u0103.<\/li>\n<li data-start=\"1487\" data-end=\"1591\"><strong data-start=\"1489\" data-end=\"1514\">Augmentarea gingival\u0103<\/strong>\u00a0\u2013 metode clasice \u0219i inovative pentru ob\u021binerea unui contur gingival optim.<\/li>\n<li data-start=\"1592\" data-end=\"1742\"><strong data-start=\"1594\" data-end=\"1647\">Factori de succes \u00een managementul \u021besuturilor moi<\/strong>\u00a0\u2013 integrarea biologic\u0103 \u0219i func\u021bional\u0103 a grefelor \u0219i a tehnicilor de reconstruc\u021bie gingival\u0103.<\/li>\n<\/ul>\n<p data-start=\"1782\" data-end=\"1935\">\u00cen cadrul acestui curs, participan\u021bii vor avea ocazia s\u0103 \u00eenve\u021be \u0219i s\u0103 aprofundeze tehnici inovatoare dezvoltate chiar de Dr. Dima Cosmin, printre care:<\/p>\n<ul data-start=\"1937\" data-end=\"2557\">\n<li data-start=\"1937\" data-end=\"2365\"><strong data-start=\"1939\" data-end=\"1958\">Snake Technique<\/strong>\u00a0\u2013 o metod\u0103 avansat\u0103 de gestionare a \u021besuturilor moi, dezvoltat\u0103 de Dr. Dima, care permite corectarea recesiilor gingivale f\u0103r\u0103 lambou, reduc\u00e2nd semnificativ disconfortul pacientului \u0219i optimiz\u00e2nd rezultatele estetice \u0219i func\u021bionale. Aceast\u0103 tehnic\u0103 este recunoscut\u0103 pentru capacitatea sa de a \u00eembun\u0103t\u0103\u021bi vasculariza\u021bia \u0219i stabilitatea \u021besuturilor moi, elimin\u00e2nd necesitatea unei a doua zone de recoltare.<\/li>\n<li data-start=\"2366\" data-end=\"2557\"><strong data-start=\"2368\" data-end=\"2407\">PMT (Periosteal Modified Technique)<\/strong>\u00a0\u2013 o alt\u0103 tehnic\u0103 inovativ\u0103 conceput\u0103 de Dr. Dima, care maximizeaz\u0103 stabilitatea lamboului \u0219i promoveaz\u0103 regenerarea predictibil\u0103 a \u021besuturilor moi.<\/li>\n<\/ul>\n<h3 data-start=\"848\" data-end=\"904\"><strong data-start=\"852\" data-end=\"902\">Aspecte esen\u021biale abordate \u00een p<\/strong><strong data-start=\"2563\" data-end=\"2582\">artea practic\u0103:<\/strong><\/h3>\n<p data-start=\"2585\" data-end=\"2750\">Sec\u021biunea hands-on se va desf\u0103\u0219ura pe mandibule \u0219i maxilare de porc, asigur\u00e2nd o experien\u021b\u0103 aplicat\u0103 pentru fiecare participant. Se vor exersa urm\u0103toarele tehnici:<\/p>\n<ul data-start=\"2751\" data-end=\"3511\">\n<li data-start=\"2751\" data-end=\"2845\"><strong data-start=\"2753\" data-end=\"2780\">Lambou total \u0219i par\u021bial<\/strong>\u00a0\u2013 tehnici de mobilizare a lamboului pentru o vindecare optim\u0103.<\/li>\n<li data-start=\"2846\" data-end=\"2931\"><strong data-start=\"2848\" data-end=\"2880\">PPF (Periosteal Pocket Flap)<\/strong>\u00a0\u2013 asociat cu augmentare osoas\u0103 lateral\u0103 extins\u0103.<\/li>\n<li data-start=\"2932\" data-end=\"3019\"><strong data-start=\"2934\" data-end=\"2956\">Mucosal Detachment<\/strong>\u00a0\u2013 tehnic\u0103 avansat\u0103 pentru cre\u0219terea elasticit\u0103\u021bii lamboului.<\/li>\n<li data-start=\"3020\" data-end=\"3162\"><strong data-start=\"3022\" data-end=\"3078\">Stabilizarea membranei de colagen \u0219i a grefei osoase<\/strong>\u00a0\u2013 sutur\u0103 la periost f\u0103r\u0103 pini sau \u0219uruburi, elimin\u00e2nd necesitatea reinterven\u021biei.<\/li>\n<li data-start=\"3163\" data-end=\"3245\"><strong data-start=\"3165\" data-end=\"3204\">Recoltare FGG (Free Gingival Graft)<\/strong>\u00a0\u2013 pentru cre\u0219terea volumului gingival.<\/li>\n<li data-start=\"3246\" data-end=\"3351\"><strong data-start=\"3248\" data-end=\"3291\">Recoltare CTG (Connective Tissue Graft)<\/strong>\u00a0\u2013 tehnic\u0103 avansat\u0103 de \u00eembun\u0103t\u0103\u021bire a biotipului gingival.<\/li>\n<li data-start=\"3352\" data-end=\"3441\"><strong data-start=\"3354\" data-end=\"3389\">Acoperirea recesiilor gingivale<\/strong>\u00a0\u2013 metode personalizate pentru fiecare caz clinic.<\/li>\n<li data-start=\"3442\" data-end=\"3511\"><strong data-start=\"3444\" data-end=\"3473\">Aplicarea Snake Technique<\/strong>\u00a0\u2013 demonstra\u021bie \u0219i practic\u0103 ghidat\u0103.<\/li>\n<\/ul>\n<h3 data-start=\"3513\" data-end=\"3541\"><strong data-start=\"3517\" data-end=\"3539\">Programul cursului<\/strong><\/h3>\n<p><strong data-start=\"3544\" data-end=\"3561\">09:00 \u2013 09:30<\/strong>\u00a0\u2013 \u00cenregistrare<\/p>\n<p><strong data-start=\"3581\" data-end=\"3598\">09:30 \u2013 11:00<\/strong>\u00a0\u2013 Parte teoretic\u0103<\/p>\n<p><strong data-start=\"3621\" data-end=\"3638\">11:00 \u2013 11:30<\/strong>\u00a0\u2013 Pauz\u0103 de cafea<\/p>\n<p><strong data-start=\"3660\" data-end=\"3677\">11:30 \u2013 13:00<\/strong>\u00a0\u2013 Parte teoretic\u0103<\/p>\n<p><strong data-start=\"3700\" data-end=\"3717\">13:00 \u2013 14:00<\/strong>\u00a0\u2013 Pauz\u0103 de pr\u00e2nz<\/p>\n<p><strong data-start=\"3739\" data-end=\"3756\">14:00 \u2013 16:30<\/strong>\u00a0\u2013 Parte practic\u0103<\/p>\n<div class=\"markdown prose w-full break-words dark:prose-invert dark\">\n<h3><strong>TARIFE (one-full-day):<\/strong><\/h3>\n<p><strong>EarlyDays:<\/strong> 350 EUR + TVA (primele 10 locuri).<\/p>\n<p><strong>SmartDays:<\/strong>\u00a0390 EUR + TVA<\/p>\n<h3><strong>Pentru informa\u021bii \u0219i \u00eenregistrare:<\/strong><\/h3>\n<p><strong>Email:<\/strong>\u00a0<a href=\"mailto:events@gurskmedica.ro\" rel=\"noopener\">events@gurskmedica.ro<\/a><\/p>\n<p><strong>Telefon:<\/strong>\u00a0Adriana Steriopol \u2013 0730 532 463<\/p>\n<\/div>\n<p>&nbsp;<\/p>\n","protected":false},"excerpt":{"rendered":"<p data-start=\"132\" data-end=\"491\">Acest curs este conceput pentru medicii care vor s\u0103 duc\u0103 la urm\u0103torul nivel managementul \u021besuturilor moi \u0219i s\u0103 ob\u021bin\u0103 rezultate estetice \u0219i func\u021bionale durabile. \u021aesuturile moi sunt esen\u021biale pentru succesul implanturilor \u0219i al restaur\u0103rilor dentare, iar \u00een cadrul acestui curs vei descoperi tehnici minim invazive care \u00ee\u021bi vor transforma abordarea clinic\u0103.<\/p>\n<p data-start=\"132\" data-end=\"491\"><strong>Cluj Napoca, 18 aprilie 2026<\/strong><br \/>\n<strong>Tarif preferen\u021bial EarlyDays \u2013 valabil pentru primele 10 locuri<\/strong><br \/>\n<a href=\"https:\/\/gursk.ro\/shop\/wp-content\/uploads\/2026\/01\/Soft-Tissue-Management.ClujNapoca-1.pdf\"><strong>Descarc\u0103 bro\u0219ura cursului<\/strong><\/a><\/p>\n","protected":false},"featured_media":10860,"comment_status":"open","ping_status":"closed","template":"","meta":{"_kad_blocks_custom_css":"","_kad_blocks_head_custom_js":"","_kad_blocks_body_custom_js":"","_kad_blocks_footer_custom_js":"","_kadence_starter_templates_imported_post":false,"_kad_post_transparent":"default","_kad_post_title":"","_kad_post_layout":"default","_kad_post_sidebar_id":"","_kad_post_content_style":"default","_kad_post_vertical_padding":"default","_kad_post_feature":"","_kad_post_feature_position":"","_kad_post_header":false,"_kad_post_footer":false,"_kad_post_classname":""},"product_brand":[393],"product_cat":[377],"product_tag":[468,538],"product_partner":[473,472],"class_list":{"0":"post-10863","1":"product","2":"type-product","3":"status-publish","4":"has-post-thumbnail","6":"product_brand-acteon","7":"product_cat-cursuri-stomatologie","8":"product_tag-gurskevents","9":"product_tag-curs-regenerare-osoasa","10":"product_partner-purgo","11":"product_partner-acteon","13":"first","14":"outofstock","15":"virtual","16":"taxable","17":"purchasable","18":"product-type-simple","19":"entry","20":"content-bg","21":"loop-entry"},"taxonomy_info":{"product_brand":[{"value":393,"label":"ACTEON"}],"product_cat":[{"value":377,"label":"Cursuri stomatologie"}],"product_tag":[{"value":468,"label":"#gurskevents"},{"value":538,"label":"curs regenerare osoas\u0103"}],"product_partner":[{"value":473,"label":"Purgo"},{"value":472,"label":"Acteon"}]},"featured_image_src_large":["https:\/\/gursk.ro\/shop\/wp-content\/uploads\/2026\/01\/ws-dima-soft-tissue-cluj-18-apr-1080x1080-site-copy-80-1024x1024.jpg",1024,1024,true],"author_info":[],"comment_info":0,"_links":{"self":[{"href":"https:\/\/gursk.ro\/shop\/wp-json\/wp\/v2\/product\/10863","targetHints":{"allow":["GET"]}}],"collection":[{"href":"https:\/\/gursk.ro\/shop\/wp-json\/wp\/v2\/product"}],"about":[{"href":"https:\/\/gursk.ro\/shop\/wp-json\/wp\/v2\/types\/product"}],"replies":[{"embeddable":true,"href":"https:\/\/gursk.ro\/shop\/wp-json\/wp\/v2\/comments?post=10863"}],"version-history":[{"count":1,"href":"https:\/\/gursk.ro\/shop\/wp-json\/wp\/v2\/product\/10863\/revisions"}],"predecessor-version":[{"id":11044,"href":"https:\/\/gursk.ro\/shop\/wp-json\/wp\/v2\/product\/10863\/revisions\/11044"}],"wp:featuredmedia":[{"embeddable":true,"href":"https:\/\/gursk.ro\/shop\/wp-json\/wp\/v2\/media\/10860"}],"wp:attachment":[{"href":"https:\/\/gursk.ro\/shop\/wp-json\/wp\/v2\/media?parent=10863"}],"wp:term":[{"taxonomy":"product_brand","embeddable":true,"href":"https:\/\/gursk.ro\/shop\/wp-json\/wp\/v2\/product_brand?post=10863"},{"taxonomy":"product_cat","embeddable":true,"href":"https:\/\/gursk.ro\/shop\/wp-json\/wp\/v2\/product_cat?post=10863"},{"taxonomy":"product_tag","embeddable":true,"href":"https:\/\/gursk.ro\/shop\/wp-json\/wp\/v2\/product_tag?post=10863"},{"taxonomy":"product_partner","embeddable":true,"href":"https:\/\/gursk.ro\/shop\/wp-json\/wp\/v2\/product_partner?post=10863"}],"curies":[{"name":"wp","href":"https:\/\/api.w.org\/{rel}","templated":true}]}}