{"id":10735,"date":"2026-01-26T17:52:16","date_gmt":"2026-01-26T14:52:16","guid":{"rendered":"https:\/\/gursk.ro\/shop\/?post_type=product&#038;p=10735"},"modified":"2026-01-26T17:53:15","modified_gmt":"2026-01-26T14:53:15","slug":"lupe-chirurgicale-swarovski-optik-imag-xs-sydney-model-a","status":"publish","type":"product","link":"https:\/\/gursk.ro\/shop\/produs\/lupe-chirurgicale-swarovski-optik-imag-xs-sydney-model-a\/","title":{"rendered":"Lupe chirurgicale Swarovski Optik iMag XS &#8211; Sydney &#8211; Model A"},"content":{"rendered":"<p style=\"font-weight: 400;\">Lupe chirurgicale Swarovski Optik iMag XS reprezint\u0103 un <strong>sistem de lupe medicale de \u00eenalt\u0103 performan\u0163\u0103, personalizat \u00een func\u021bie de nevoile fiec\u0103rui medic<\/strong><em> (configurat \u00een func\u021bie de distan\u021ba de lucru, nivelul de protec\u021bie, prescrip\u021bia optic\u0103, confort \u00een utilizare) <\/em>este destinat profesioni\u015ftilor din domeniul stomatologic \u0219i chirurgical care solicit\u0103 un nivel optic premium.<\/p>\n<p style=\"font-weight: 400;\"><strong>Lupele chirurgicale Swarovski Optik iMag XS ofer\u0103\u00a0o magnifica\u021bie de p\u00e2n\u0103 la 2,7x.<\/strong><\/p>\n<p style=\"font-weight: 400;\"><strong><br \/>\n<\/strong>Modelul Sydney este disponibil \u00een 2 variante de rame:<\/p>\n<ul>\n<li style=\"font-weight: 400;\"><strong>Modelul A <\/strong>&#8211; cu rame cu design geometric, cu linii drepte \u0219i col\u021buri accentuate \u0219i<\/li>\n<li style=\"font-weight: 400;\"><strong>Modelul T<\/strong> &#8211; cu rame rotunde.<\/li>\n<\/ul>\n<p style=\"font-weight: 400;\"><strong>Produsul final este un sistem personalizat, compus din:<\/strong><\/p>\n<ul style=\"font-weight: 400;\">\n<li>un sistem optic (lupe) bazat pe tehnologie TTL (Through The Lens) integrat \u00een rame special concepute;<\/li>\n<li>o ram\u0103 de ochelari \u2013 model \u201eSydney \u2013 A\u201d;<\/li>\n<li>ecrane de protec\u0163ie integrate \u00een construc\u0163ie (prin designul ramei cu lup\u0103) \u015fi posibil, accesorii op\u0163ionale precum iluminare sau adaptoare;<\/li>\n<li>op\u0163iunea de includere a unui clip-on sau a unor corec\u0163ii optice integrate (realizate pe baza prescrip\u0163iei oftalmologice a utilizatorului) pentru optimizarea ergonomiei \u015fi confortului \u00een utilizare\u2060 \u2014 astfel \u00eenc\u00e2t utilizatorii cu dioptrii s\u0103 beneficieze de imagine clar\u0103, f\u0103r\u0103 compromisuri.<\/li>\n<\/ul>\n<h3 style=\"font-weight: 400;\"><strong>\u00a0<\/strong><strong>Diferen\u0163iatori cheie pentru lupe chirurgicale Swarovski Optik iMag XS &#8211; Sydney &#8211; Model A:<\/strong><\/h3>\n<ul style=\"font-weight: 400;\">\n<li>Optic\u0103 premium realizat\u0103 de Swarovski Optik, recunoscut\u0103 la nivel mondial pentru precizia dispozitivelor optice.<\/li>\n<li>Sistem TTL integrat care permite alinierea exact\u0103 a axului optic, important pentru ergonomie \u015fi imagine clar\u0103 \u00een contexte medicale.<\/li>\n<li>Op\u0163iunea de personalizare cu corec\u0163ii integrate sau clip-on, adaptabilitate \u00een func\u0163ie de prescrip\u0163ia oftalmologic\u0103 a utilizatorului \u2013 ceea ce permite medicului s\u0103 lucreze sub lup\u0103 f\u0103r\u0103 a purta ochelari separa\u0163i sau compromisuri de claritate.<\/li>\n<li>Ram\u0103 modern\u0103, u\u015foar\u0103, adaptabil\u0103 (m\u0103rimi, culori), cu accent pe confort \u015fi ergonomie \u2013 important pentru medici care petrec ore lungi \u00een pozi\u0163ie fix\u0103.<\/li>\n<li>Compatibilitate cu accesorii premium (iluminare, adaptoare) ce transform\u0103 sistemul \u00eentr-o solu\u0163ie complet\u0103 pentru cabinetul stomatologic sau interven\u0163ii chirurgicale.<\/li>\n<\/ul>\n<p style=\"font-weight: 400;\"><a href=\"https:\/\/www.starmed-technik.de\/en\/products\/loupe-glasses\/swarovski\/imag-xs-made-with-swarovski-optik\/imag-xs-sydney-model-a\/\" target=\"_blank\" rel=\"noopener\">Lupele chirurgicale Swarovski Optik iMag XS <\/a>asigur\u0103 vizibilitate\u00a0m\u0103rit\u0103, de \u00eenalt\u0103 claritate, \u00eentr-o ram\u0103 u\u015foar\u0103 \u015fi confortabil\u0103, ideal\u0103 pentru interven\u0163ii ce necesit\u0103 vizualizare detaliat\u0103 \u015fi durat\u0103 de utilizare \u00eendelungat\u0103.<\/p>\n<h3 style=\"font-weight: 400;\"><strong>Beneficii pentru medici:\u00a0<\/strong><\/h3>\n<ul style=\"font-weight: 400;\">\n<li>Magnifica\u021bie p\u00e2n\u0103 la 2,7\u00d7, ceea ce \u00eembun\u0103t\u0103\u0163e\u015fte detalierea vizual\u0103 \u00een proceduri precise (ex: endodon\u0163ie, implantologie, microchirurgie).<\/li>\n<li>Distan\u0163\u0103 de lucru variabil\u0103 (350-500 mm) permite adaptarea la diferite posturi de lucru, dimensiuni ale pacientului sau tipuri de interven\u0163ii.<\/li>\n<li>Ergonomie \u00eembun\u0103t\u0103\u0163it\u0103: rama u\u015foar\u0103 \u015fi designul adaptabil contribuie la reducerea oboselii g\u00e2tului, umerilor \u015fi spatelui, prin men\u0163inerea unei pozi\u0163ii de lucru mai naturale.<\/li>\n<li>Personalizare posibil\u0103 \u00een func\u0163ie de prescrip\u0163ia oftalmologic\u0103, ceea ce elimin\u0103 nevoia de ochelari suprapu\u015fi sau compromisuri vizuale.<\/li>\n<li>Compatibilitate cu accesorii de iluminare \u015fi protec\u0163ie \u2013 oferind o solu\u0163ie integrat\u0103 (optic\u0103 + ram\u0103 + iluminare) pentru cabinet.<\/li>\n<\/ul>\n<h3 style=\"font-weight: 400;\"><strong>Beneficii pentru pacien\u021bi:<\/strong><\/h3>\n<ul style=\"font-weight: 400;\">\n<li>Interven\u0163ii mai precise \u015fi mai sigure gra\u0163ie magnifica\u021biei lupelor\u00a0\u2013 contururi mai clare, detalii vizibile mai bine.<\/li>\n<li>Timp redus de interven\u0163ie, datorit\u0103 eficien\u0163ei superioare a sistemului optic.<\/li>\n<\/ul>\n<p style=\"font-weight: 400;\">\n","protected":false},"excerpt":{"rendered":"<p style=\"font-weight: 400;\">Lupele chirurgicale Swarovski Optik iMag XS ofer\u0103 o magnifica\u021bie de p\u00e2n\u0103 la 2,7x\u00a0 \u0219i asigur\u0103 vizualizare detaliat\u0103 \u00een proceduri de mare precizie (endodon\u021bie, implantologie, microchirurgie etc.). Concepute cu optic\u0103 premium Swarovski Optik\u00a0 &#8211; recunoscut\u0103 la nivel mondial pentru precizia dispozitivelor &#8211;\u00a0\u0219i personalizate \u00een func\u021bie de nevoile fiec\u0103rui medic, aceste lupe TTL u\u0219oare \u0219i ergonomice ofer\u0103 confort, aliniere perfect\u0103 \u0219i stabilitate chiar \u0219i \u00een utilizare \u00eendelungat\u0103.<\/p>\n","protected":false},"featured_media":10736,"comment_status":"open","ping_status":"closed","template":"","meta":{"_kad_blocks_custom_css":"","_kad_blocks_head_custom_js":"","_kad_blocks_body_custom_js":"","_kad_blocks_footer_custom_js":"","_kadence_starter_templates_imported_post":false,"_kad_post_transparent":"default","_kad_post_title":"","_kad_post_layout":"default","_kad_post_sidebar_id":"","_kad_post_content_style":"default","_kad_post_vertical_padding":"default","_kad_post_feature":"","_kad_post_feature_position":"","_kad_post_header":false,"_kad_post_footer":false,"_kad_post_classname":""},"product_brand":[430],"product_cat":[54,368],"product_tag":[470],"product_partner":[],"class_list":{"0":"post-10735","1":"product","2":"type-product","3":"status-publish","4":"has-post-thumbnail","6":"product_brand-starmed","7":"product_cat-echipamente-stomatologice","8":"product_cat-lupe-stomatologice","9":"product_tag-preorder","11":"first","12":"instock","13":"taxable","14":"shipping-taxable","15":"product-type-simple","16":"entry","17":"content-bg","18":"loop-entry"},"taxonomy_info":{"product_brand":[{"value":430,"label":"Starmed"}],"product_cat":[{"value":54,"label":"Echipamente Stomatologice"},{"value":368,"label":"Lupe Stomatologice"}],"product_tag":[{"value":470,"label":"#preorder"}]},"featured_image_src_large":["https:\/\/gursk.ro\/shop\/wp-content\/uploads\/2026\/01\/Lupe-chirurgicale-Swarovski-Optik-iMag-XS-Sydney-Model-A.jpg",720,720,false],"author_info":[],"comment_info":0,"_links":{"self":[{"href":"https:\/\/gursk.ro\/shop\/wp-json\/wp\/v2\/product\/10735","targetHints":{"allow":["GET"]}}],"collection":[{"href":"https:\/\/gursk.ro\/shop\/wp-json\/wp\/v2\/product"}],"about":[{"href":"https:\/\/gursk.ro\/shop\/wp-json\/wp\/v2\/types\/product"}],"replies":[{"embeddable":true,"href":"https:\/\/gursk.ro\/shop\/wp-json\/wp\/v2\/comments?post=10735"}],"version-history":[{"count":0,"href":"https:\/\/gursk.ro\/shop\/wp-json\/wp\/v2\/product\/10735\/revisions"}],"wp:featuredmedia":[{"embeddable":true,"href":"https:\/\/gursk.ro\/shop\/wp-json\/wp\/v2\/media\/10736"}],"wp:attachment":[{"href":"https:\/\/gursk.ro\/shop\/wp-json\/wp\/v2\/media?parent=10735"}],"wp:term":[{"taxonomy":"product_brand","embeddable":true,"href":"https:\/\/gursk.ro\/shop\/wp-json\/wp\/v2\/product_brand?post=10735"},{"taxonomy":"product_cat","embeddable":true,"href":"https:\/\/gursk.ro\/shop\/wp-json\/wp\/v2\/product_cat?post=10735"},{"taxonomy":"product_tag","embeddable":true,"href":"https:\/\/gursk.ro\/shop\/wp-json\/wp\/v2\/product_tag?post=10735"},{"taxonomy":"product_partner","embeddable":true,"href":"https:\/\/gursk.ro\/shop\/wp-json\/wp\/v2\/product_partner?post=10735"}],"curies":[{"name":"wp","href":"https:\/\/api.w.org\/{rel}","templated":true}]}}