{"id":10731,"date":"2026-01-26T17:36:47","date_gmt":"2026-01-26T14:36:47","guid":{"rendered":"https:\/\/gursk.ro\/shop\/?post_type=product&#038;p=10731"},"modified":"2026-01-26T17:38:48","modified_gmt":"2026-01-26T14:38:48","slug":"lupe-chirurgicale-swarovski-optik-imag-xs-titan","status":"publish","type":"product","link":"https:\/\/gursk.ro\/shop\/produs\/lupe-chirurgicale-swarovski-optik-imag-xs-titan\/","title":{"rendered":"Lupe chirurgicale Swarovski Optik iMag XS &#8211; Titan"},"content":{"rendered":"<p style=\"font-weight: 400;\">Sistemul de lupe chirurgicale Swarovski Optik iMag XS &#8211; Titan \u00eembin\u0103 tehnologia TTL (Through The Lens) cu optica premium Swarovski Optik \u0219i ofer\u0103 o imagine de o claritate, luminozitate \u0219i fidelitate superioar\u0103, la un <strong>nivel de magnifica\u021bie de p\u00e2n\u0103 la 2.7x.<\/strong> Aceste lupe chirurgicale sunt extrem de u\u0219oare \u0219i stabile, fiind ideale pentru utilizare zilnic\u0103, inclusiv \u00een proceduri complexe de endodon\u021bie, implantologie, parodontologie sau microchirurgie.<\/p>\n<p>&nbsp;<\/p>\n<p style=\"font-weight: 400;\"><strong>Rama Titan Munich, realizat\u0103 100% din titan<\/strong>, ofer\u0103 o rezisten\u021b\u0103 ridicat\u0103 \u0219i un confort remarcabil, datorit\u0103 greut\u0103\u021bii reduse \u0219i adaptabilit\u0103\u021bii ergonomice.<\/p>\n<p style=\"font-weight: 400;\">Toat\u0103 gama iMag XS este \u201etailor-made\u201d, iar produsul final este un sistem personalizat, configurat \u00een func\u021bie de nevoile fiec\u0103rui medic.<\/p>\n<p>&nbsp;<\/p>\n<p style=\"font-weight: 400;\"><strong>Produsul final este un sistem personalizat, compus din:<\/strong><\/p>\n<ul style=\"font-weight: 400;\">\n<li>sistem optic TTL integrat \u00een rama Titan Munich;<\/li>\n<li>rama din titan cu op\u0163iuni de m\u0103rime \u015fi culoare;<\/li>\n<li>accesorii op\u0163ionale (iluminare starLight etc.<\/li>\n<\/ul>\n<h3 style=\"font-weight: 400;\"><strong>Diferen\u021biatori cheie pentru Lupe chirurgicale Swarovski Optik iMag XS &#8211; Titan:<\/strong><\/h3>\n<ul style=\"font-weight: 400;\">\n<li>Optic\u0103 premium Swarovski Optik, pentru imagine clar\u0103, luminoas\u0103 \u0219i detaliat\u0103, chiar \u0219i la magnifica\u021bie mare.<\/li>\n<li>Construc\u021bie din titan ultrau\u0219or \u00a0\u2013 stabilitate, confort \u0219i durabilitate superioar\u0103 pentru utilizare zilnic\u0103.<\/li>\n<li>Sistem TTL integrat, care asigur\u0103 alinierea perfect\u0103 a axului optic \u0219i o pozi\u021bie de lucru ergonomic\u0103.<\/li>\n<li>Design elegant \u0219i profesional, \u00een trei culori rafinate, adaptat pentru medici ce pun accent pe performan\u021b\u0103 \u0219i estetic\u0103.<\/li>\n<li>Compatibilitate cu iluminare starLight, pentru o vizibilitate optim\u0103 \u00een zone cu lumin\u0103 redus\u0103.<\/li>\n<\/ul>\n<h3 style=\"font-weight: 400;\"><strong>Beneficii pentru medici:<\/strong><\/h3>\n<ul style=\"font-weight: 400;\">\n<li><strong>Claritate optic\u0103 excep\u021bional\u0103 <\/strong>\u2013 sistemul Swarovski Optik ofer\u0103 imagine de o calitate superioar\u0103, f\u0103r\u0103 distorsiuni, permi\u021b\u00e2nd observarea celor mai fine detalii anatomice.<\/li>\n<li><strong>Magnifica\u021bie precis\u0103 (p\u00e2n\u0103 la 2.7\u00d7) <\/strong>\u2013 cre\u0219te semnificativ acurate\u021bea interven\u021biilor \u0219i reduce riscul de eroare \u00een proceduri delicate (endodon\u021bie, implantologie, microchirurgie).<\/li>\n<li><strong>Postur\u0103 ergonomic\u0103<\/strong> \u2013 tehnologia TTL (Through The Lens) alinieaz\u0103 perfect axul optic, reduc\u00e2nd tensiunea cervical\u0103 \u0219i oboseala ocular\u0103 \u00een timpul utiliz\u0103rii prelungite.<\/li>\n<li><strong>Personalizare complet\u0103<\/strong> \u2013 posibilitatea de configurare \u00een func\u021bie de distan\u021ba de lucru, dioptrii, preferin\u021be de design \u0219i accesorii (ex. iluminare starLight).<\/li>\n<li><strong>Estetic\u0103 profesional\u0103 \u0219i durabilitate<\/strong> \u2013 finisajele premium \u0219i rezisten\u021ba titanului men\u021bin aspectul \u0219i performan\u021ba dispozitivului \u00een timp.<\/li>\n<\/ul>\n<h3 style=\"font-weight: 400;\"><strong>Beneficii pentru pacien\u021bi:<\/strong><\/h3>\n<ul style=\"font-weight: 400;\">\n<li><strong>Tratament mai precis \u0219i mai sigur<\/strong> \u2013 medicul lucreaz\u0103 cu o vizibilitate excelent\u0103, reduc\u00e2nd riscul de leziuni accidentale sau manevre repetate.<\/li>\n<li><strong>Timp mai scurt al interven\u021biei <\/strong>\u2013 claritatea vizual\u0103 \u0219i ergonomia permit medicului s\u0103 lucreze eficient, cu mi\u0219c\u0103ri mai rapide \u0219i mai controlate.<\/li>\n<\/ul>\n<p style=\"font-weight: 400;\">\n","protected":false},"excerpt":{"rendered":"<p style=\"font-weight: 400;\">Sistemul de lupe chirurgicale Swarovski Optik iMag XS &#8211; Titan ofer\u0103 o magnifica\u021bie de p\u00e2n\u0103 la 2,7x\u00a0 \u0219i asigur\u0103 vizualizare detaliat\u0103 \u00een proceduri de mare precizie (endodon\u021bie, implantologie, microchirurgie etc.).\u00a0Concepute cu optic\u0103 premium Swarovski Optik\u00a0 &#8211; recunoscut\u0103 la nivel mondial pentru precizia dispozitivelor &#8211;\u00a0\u0219i personalizate \u00een func\u021bie de nevoile fiec\u0103rui medic, aceste lupe TTL u\u0219oare \u0219i ergonomice ofer\u0103 confort, aliniere perfect\u0103 \u0219i stabilitate \u00een utilizarea \u00eendelungat\u0103.<\/p>\n","protected":false},"featured_media":10732,"comment_status":"open","ping_status":"closed","template":"","meta":{"_kad_blocks_custom_css":"","_kad_blocks_head_custom_js":"","_kad_blocks_body_custom_js":"","_kad_blocks_footer_custom_js":"","_kadence_starter_templates_imported_post":false,"_kad_post_transparent":"default","_kad_post_title":"","_kad_post_layout":"default","_kad_post_sidebar_id":"","_kad_post_content_style":"default","_kad_post_vertical_padding":"default","_kad_post_feature":"","_kad_post_feature_position":"","_kad_post_header":false,"_kad_post_footer":false,"_kad_post_classname":""},"product_brand":[430],"product_cat":[54,368],"product_tag":[470],"product_partner":[],"class_list":{"0":"post-10731","1":"product","2":"type-product","3":"status-publish","4":"has-post-thumbnail","6":"product_brand-starmed","7":"product_cat-echipamente-stomatologice","8":"product_cat-lupe-stomatologice","9":"product_tag-preorder","11":"first","12":"instock","13":"taxable","14":"shipping-taxable","15":"product-type-simple","16":"entry","17":"content-bg","18":"loop-entry"},"taxonomy_info":{"product_brand":[{"value":430,"label":"Starmed"}],"product_cat":[{"value":54,"label":"Echipamente Stomatologice"},{"value":368,"label":"Lupe Stomatologice"}],"product_tag":[{"value":470,"label":"#preorder"}]},"featured_image_src_large":["https:\/\/gursk.ro\/shop\/wp-content\/uploads\/2026\/01\/Lupe-chirurgicale-Swarovski-Optik-iMag-XS-Titan.jpg",720,720,false],"author_info":[],"comment_info":0,"_links":{"self":[{"href":"https:\/\/gursk.ro\/shop\/wp-json\/wp\/v2\/product\/10731","targetHints":{"allow":["GET"]}}],"collection":[{"href":"https:\/\/gursk.ro\/shop\/wp-json\/wp\/v2\/product"}],"about":[{"href":"https:\/\/gursk.ro\/shop\/wp-json\/wp\/v2\/types\/product"}],"replies":[{"embeddable":true,"href":"https:\/\/gursk.ro\/shop\/wp-json\/wp\/v2\/comments?post=10731"}],"version-history":[{"count":0,"href":"https:\/\/gursk.ro\/shop\/wp-json\/wp\/v2\/product\/10731\/revisions"}],"wp:featuredmedia":[{"embeddable":true,"href":"https:\/\/gursk.ro\/shop\/wp-json\/wp\/v2\/media\/10732"}],"wp:attachment":[{"href":"https:\/\/gursk.ro\/shop\/wp-json\/wp\/v2\/media?parent=10731"}],"wp:term":[{"taxonomy":"product_brand","embeddable":true,"href":"https:\/\/gursk.ro\/shop\/wp-json\/wp\/v2\/product_brand?post=10731"},{"taxonomy":"product_cat","embeddable":true,"href":"https:\/\/gursk.ro\/shop\/wp-json\/wp\/v2\/product_cat?post=10731"},{"taxonomy":"product_tag","embeddable":true,"href":"https:\/\/gursk.ro\/shop\/wp-json\/wp\/v2\/product_tag?post=10731"},{"taxonomy":"product_partner","embeddable":true,"href":"https:\/\/gursk.ro\/shop\/wp-json\/wp\/v2\/product_partner?post=10731"}],"curies":[{"name":"wp","href":"https:\/\/api.w.org\/{rel}","templated":true}]}}