{"id":10728,"date":"2026-01-26T17:22:35","date_gmt":"2026-01-26T14:22:35","guid":{"rendered":"https:\/\/gursk.ro\/shop\/?post_type=product&#038;p=10728"},"modified":"2026-01-26T17:22:35","modified_gmt":"2026-01-26T14:22:35","slug":"lupe-chirurgicale-swarovski-optik-imag-xr-sydney-model-a","status":"publish","type":"product","link":"https:\/\/gursk.ro\/shop\/produs\/lupe-chirurgicale-swarovski-optik-imag-xr-sydney-model-a\/","title":{"rendered":"Lupe chirurgicale Swarovski Optik iMag XR &#8211; Sydney &#8211; Model A"},"content":{"rendered":"<p style=\"font-weight: 400;\">Modelul de lupe chirurgicale Swarovski Optik iMag XR &#8211; Sydney este un sistem de lupe chirurgicale de \u00eenalt\u0103 performan\u021b\u0103, <strong>cu magnifica\u021bie \u2265 3,0\u00d7<\/strong>, <strong>o greutate ultra-u\u0219oar\u0103 de doar 38 g<\/strong> \u0219i tehnologie optic\u0103 TTL, care\u00a0asigur\u0103 alinierea precis\u0103 a axului optic \u0219i o imagine extrem de clar\u0103 \u0219i luminoas\u0103 \u2014 potrivit\u0103 pentru interven\u021bii de precizie precum endodon\u021bie, implantologie, microchirurgie. Acest model\u00a0combin\u0103 <strong>tehnologia avansat\u0103 a lentilelor premium Swarovski Optik<\/strong> cu designul ergonomic modern al ramei \u201e<a href=\"https:\/\/www.starmed-technik.de\/en\/products\/loupe-glasses\/swarovski\/imag-xr-made-with-swarovski-optik\/imag-xr-sydney-model-a\/\" target=\"_blank\" rel=\"noopener\">Sydney \u2013 Model A\u201d<\/a>. \u00a0Recomandat profesioni\u0219tilor care doresc performan\u0163\u0103 optic\u0103 mai ridicat\u0103, magnifica\u0163ie mai mare, claritate superioar\u0103.<\/p>\n<p style=\"font-weight: 400;\">Modelul iMag XR dep\u0103\u0219e\u0219te toate sistemele optice de 3,0\u20133,2x disponibile pe pia\u021b\u0103, oferind o claritate a imaginii, luminozitate \u0219i magnifica\u021bie superioare. \u00centreaga gam\u0103 iMag XR este \u201etailor-made\u201d, fiecare sistem fiind configurat individual \u00een func\u021bie de nevoile \u0219i preferin\u021bele medicului.<\/p>\n<p>&nbsp;<\/p>\n<p style=\"font-weight: 400;\"><strong>Produsul final este un sistem personalizat, compus din:<\/strong><\/p>\n<ul style=\"font-weight: 400;\">\n<li>un sistem optic TTL (Through The Lens) integrat direct \u00een ram\u0103, pentru aliniere perfect\u0103 \u0219i claritate maxim\u0103;<\/li>\n<li>o ram\u0103 ergonomic\u0103 (disponibil\u0103 \u00een mai multe m\u0103rimi \u0219i culori, \u00een func\u021bie de model);<\/li>\n<li>accesorii op\u021bionale, precum sistemul de iluminare starLight sau adaptoare dedicate, pentru o vizibilitate optim\u0103 \u00een timpul interven\u021biilor.<\/li>\n<\/ul>\n<p style=\"font-weight: 400;\">Dac\u0103 medicul lucreaz\u0103 \u00een zone foarte fine, cu nevoie de detalii maxime, interven\u0163ii complexe (ex: microchirurgie, implantologie extins\u0103) \u015fi dore\u015fte vizibilitate superioar\u0103, atunci iMag XR devine op\u0163iunea recomandat\u0103.<\/p>\n<h3 style=\"font-weight: 400;\"><strong>Diferen\u021biatori cheie pentru lupele chirurgicale Swarovski Optik iMag XR &#8211; Sydney &#8211; Model A:<\/strong><\/h3>\n<ul style=\"font-weight: 400;\">\n<li>Magnifica\u0163ie superioar\u0103 (&gt; 3,0\u00d7) \u2013 dep\u0103\u0219e\u0219te multe sisteme optice concurente 3,0-3,2\u00d7<\/li>\n<li>Tehnologie TTL \u2013 asigur\u0103 o imagine clar\u0103, cu aliniere optim\u0103 \u0219i minimalizare a distorsiunilor<\/li>\n<li>Rama modern\u0103, sportiv\u0103 \u015fi u\u0219oar\u0103 \u2013 design \u201eSydney \u2013 Model A\u201d, culori variate, adaptabil\u0103 pentru utilizare lung\u0103 (Modelul Sydney este disponibil \u00een 2 variante de rame:\u00a0<strong>Modelul A\u00a0<\/strong>\u2013 cu rame cu\u00a0design geometric, cu linii drepte \u0219i col\u021buri accentuate \u0219i\u00a0<strong>Modelul T<\/strong> \u2013 cu rame rotunde)<\/li>\n<li>Greutate redus\u0103 \u2013 38 g asigur\u0103 confort chiar \u0219i \u00een proceduri lungi<\/li>\n<li>Flexibilitate \u00een distan\u021bele de lucru \u2013 adaptare la diferite pozi\u021bii de interven\u021bie \u0219i tipuri de tratament<\/li>\n<li>Compatibilitate cu accesorii premium \u2013 iluminare, adaptoare, personalizare.<\/li>\n<\/ul>\n<h3 style=\"font-weight: 400;\"><strong>\u00a0<\/strong><strong>Beneficii pentru medici:<\/strong><\/h3>\n<ul style=\"font-weight: 400;\">\n<li><strong>Vizibilitate excep\u021bional\u0103 <\/strong>\u2013 permite identificarea fin\u0103 a detaliilor anatomice, \u00eembun\u0103t\u0103\u021bind acurate\u021bea interven\u021biilor.<\/li>\n<li><strong>Ergonomie \u00eembun\u0103t\u0103\u021bit\u0103<\/strong> \u2013 greutatea redus\u0103 \u0219i alinierea optim\u0103 a axului optic reduc tensiunea cervical\u0103 \u0219i oboseala ocular\u0103.<\/li>\n<li><strong>Versatilitate<\/strong> \u2013 gama de distan\u0163e de lucru \u0219i op\u0163iunile de ram\u0103 permit adaptarea individual\u0103 la stilul clinic \u0219i preferin\u0163ele profesionale.<\/li>\n<li><strong>Branding pentru cabinetele moderne<\/strong> \u2013 aparatul premium transmite profesionalism \u0219i investi\u021bie \u00een calitate.<\/li>\n<li><strong>Mai pu\u021bine \u00eentreruperi<\/strong> \u2013 claritatea vizual\u0103 \u0219i confortul cresc eficien\u021ba \u0219i reduc timpul necesar pentru repeti\u021bii sau ajust\u0103ri.<\/li>\n<\/ul>\n<h3 style=\"font-weight: 400;\"><strong>Beneficii pentru pacien\u021bi:<\/strong><\/h3>\n<ul style=\"font-weight: 400;\">\n<li><strong>Tratament mai sigur \u0219i mai precis <\/strong>\u2013 avantajul vizual al medicului conduce la o interven\u0163ie controlat\u0103 \u0219i optim\u0103.<\/li>\n<li><strong>Timp redus \u00een scaun<\/strong> \u2013 utilizarea eficient\u0103 \u0219i ergonomic\u0103 a lupelor poate reduce durat\u0103 interven\u021biei \u015fi disconfortul pacientului.<\/li>\n<\/ul>\n<p style=\"font-weight: 400;\">\n","protected":false},"excerpt":{"rendered":"<p><span class=\"entity-underline hover:entity-accent inline cursor-pointer align-baseline\"><span class=\"whitespace-normal\">Swarovski\u202fOptik\u202fiMag\u202fXR \u2013 Sydney \u2013 Model\u202fA<\/span><\/span> este un sistem premium de lupe chirurgicale de \u00eenalt\u0103 performan\u021b\u0103, cu magnifica\u021bie \u2265 3,0<strong data-start=\"127\" data-end=\"150\">\u00d7<\/strong>, o greutate ultra-u\u0219oar\u0103 de doar 38 g \u0219i tehnologie optic\u0103 TTL. <span class=\"entity-underline hover:entity-accent inline cursor-pointer align-baseline\"><span class=\"whitespace-normal\">Swarovski\u202fOptik\u202fiMag\u202fXR este op\u021biunea recomandat\u0103 pentru medicii care <\/span><\/span><span class=\"cf0\">lucreaz<\/span><span class=\"cf0\">\u0103 <\/span><span class=\"cf1\">\u00een<\/span><span class=\"cf1\"> zone <\/span><span class=\"cf1\">foarte<\/span><span class=\"cf1\"> fine, cu <\/span><span class=\"cf1\">nevoie<\/span><span class=\"cf1\"> de vizibilitate superioar\u0103<\/span>\u00a0\u00een <span class=\"cf1\">interven<\/span><span class=\"cf2\">\u0163ii<\/span><span class=\"cf2\">complexe<\/span><span class=\"cf2\"> (ex: <\/span><span class=\"cf2\">microchirurgie<\/span><span class=\"cf2\">, <\/span><span class=\"cf2\">implantologie<\/span> <span class=\"cf2\">extins\u0103).\u00a0<\/span><\/p>\n","protected":false},"featured_media":10729,"comment_status":"open","ping_status":"closed","template":"","meta":{"_kad_blocks_custom_css":"","_kad_blocks_head_custom_js":"","_kad_blocks_body_custom_js":"","_kad_blocks_footer_custom_js":"","_kadence_starter_templates_imported_post":false,"_kad_post_transparent":"default","_kad_post_title":"","_kad_post_layout":"default","_kad_post_sidebar_id":"","_kad_post_content_style":"default","_kad_post_vertical_padding":"default","_kad_post_feature":"","_kad_post_feature_position":"","_kad_post_header":false,"_kad_post_footer":false,"_kad_post_classname":""},"product_brand":[430],"product_cat":[54,368],"product_tag":[470],"product_partner":[],"class_list":{"0":"post-10728","1":"product","2":"type-product","3":"status-publish","4":"has-post-thumbnail","6":"product_brand-starmed","7":"product_cat-echipamente-stomatologice","8":"product_cat-lupe-stomatologice","9":"product_tag-preorder","11":"first","12":"instock","13":"purchasable","14":"product-type-simple","15":"entry","16":"content-bg","17":"loop-entry"},"taxonomy_info":{"product_brand":[{"value":430,"label":"Starmed"}],"product_cat":[{"value":54,"label":"Echipamente Stomatologice"},{"value":368,"label":"Lupe Stomatologice"}],"product_tag":[{"value":470,"label":"#preorder"}]},"featured_image_src_large":["https:\/\/gursk.ro\/shop\/wp-content\/uploads\/2026\/01\/Lupe-chirurgicale-Swarovski-Optik-iMag-XR-Sydney-Model-A.jpg",720,720,false],"author_info":[],"comment_info":0,"_links":{"self":[{"href":"https:\/\/gursk.ro\/shop\/wp-json\/wp\/v2\/product\/10728","targetHints":{"allow":["GET"]}}],"collection":[{"href":"https:\/\/gursk.ro\/shop\/wp-json\/wp\/v2\/product"}],"about":[{"href":"https:\/\/gursk.ro\/shop\/wp-json\/wp\/v2\/types\/product"}],"replies":[{"embeddable":true,"href":"https:\/\/gursk.ro\/shop\/wp-json\/wp\/v2\/comments?post=10728"}],"version-history":[{"count":0,"href":"https:\/\/gursk.ro\/shop\/wp-json\/wp\/v2\/product\/10728\/revisions"}],"wp:featuredmedia":[{"embeddable":true,"href":"https:\/\/gursk.ro\/shop\/wp-json\/wp\/v2\/media\/10729"}],"wp:attachment":[{"href":"https:\/\/gursk.ro\/shop\/wp-json\/wp\/v2\/media?parent=10728"}],"wp:term":[{"taxonomy":"product_brand","embeddable":true,"href":"https:\/\/gursk.ro\/shop\/wp-json\/wp\/v2\/product_brand?post=10728"},{"taxonomy":"product_cat","embeddable":true,"href":"https:\/\/gursk.ro\/shop\/wp-json\/wp\/v2\/product_cat?post=10728"},{"taxonomy":"product_tag","embeddable":true,"href":"https:\/\/gursk.ro\/shop\/wp-json\/wp\/v2\/product_tag?post=10728"},{"taxonomy":"product_partner","embeddable":true,"href":"https:\/\/gursk.ro\/shop\/wp-json\/wp\/v2\/product_partner?post=10728"}],"curies":[{"name":"wp","href":"https:\/\/api.w.org\/{rel}","templated":true}]}}