{"id":10696,"date":"2026-01-26T15:32:47","date_gmt":"2026-01-26T12:32:47","guid":{"rendered":"https:\/\/gursk.ro\/shop\/?post_type=product&#038;p=10696"},"modified":"2026-01-26T15:36:48","modified_gmt":"2026-01-26T12:36:48","slug":"lupe-chirurgicale-starvision-st-2-5-sydney-model-a","status":"publish","type":"product","link":"https:\/\/gursk.ro\/shop\/produs\/lupe-chirurgicale-starvision-st-2-5-sydney-model-a\/","title":{"rendered":"Lupe chirurgicale StarVision ST 2.5 \u2013 Sydney \u2013 Model A"},"content":{"rendered":"<p style=\"font-weight: 400;\">Modelul de lupe chirurgicale StarVision ST 2.5 \u2013 Sydney deschide gama de <strong>lupe chirurgicale StarMed<\/strong>, recunoscute pentru <strong>raportul excelent calitate &#8211; pre\u021b<\/strong> \u0219i pentru materialele de \u00eenalt\u0103 calitate, durabile, flexibile, u\u0219oare \u0219i antialergice din care sunt fabricate.<\/p>\n<p>&nbsp;<\/p>\n<p style=\"font-weight: 400;\"><strong>Designul sportiv <\/strong>al ramei Sydney \u2013 Model A ofer\u0103 o fixare stabil\u0103, f\u0103r\u0103 presiune \u0219i confort maxim chiar \u0219i \u00een timpul utiliz\u0103rii prelungite. Cu o <strong>magnifica\u021bie de 2.5x<\/strong>, aceste lupe ofer\u0103 un c\u00e2mp vizual generos \u0219i o imagine clar\u0103. <strong>Sistemul TTL (Through The Lens)<\/strong> integreaz\u0103 lentilele direct \u00een ram\u0103, asigur\u00e2nd alinierea perfect\u0103 a axului optic \u0219i o pozi\u021bionare ergonomic\u0103 ce previne oboseala ocular\u0103 \u0219i cervical\u0103.<\/p>\n<p>&nbsp;<\/p>\n<p style=\"font-weight: 400;\"><strong>\u00centreaga gam\u0103 StarVision este \u201etailor-made\u201d<\/strong>, fiecare sistem fiind configurat individual, \u00een func\u021bie de nevoile \u0219i preferin\u021bele medicului.<\/p>\n<p>&nbsp;<\/p>\n<p style=\"font-weight: 400;\">Produsul final este compus din:<\/p>\n<ul style=\"font-weight: 400;\">\n<li>un sistem optic TTL (Through The Lens) integrat direct \u00een ram\u0103, care garanteaz\u0103 alinierea exact\u0103 a axului optic \u0219i claritate optim\u0103 \u00een timpul lucrului;<\/li>\n<li>o ram\u0103 ergonomic\u0103 Sydney \u2013 Model A, realizat\u0103 din materiale u\u0219oare, flexibile \u0219i antialergice, disponibil\u0103 \u00een mai multe m\u0103rimi \u0219i culori;<\/li>\n<li>accesorii op\u021bionale, precum sistemul de iluminare starLight cu adaptor, pentru vizibilitate \u00een orice condi\u021bii de lumin\u0103\u00a0\u00een timpul interven\u021biilor;<\/li>\n<li>pentru utilizatorii cu dioptrii, se recomand\u0103 lentile ZEISS, ce pot fi integrate pentru corec\u021bii optice personalizate.<\/li>\n<\/ul>\n<h3 style=\"font-weight: 400;\"><strong>Diferen\u021biatori cheie pentru lupele chirurgicale StarVision ST 2.5 \u2013 Sydney \u2013 Model A<\/strong><\/h3>\n<ul style=\"font-weight: 400;\">\n<li><strong>Magnifica\u021bie de 2,5x <\/strong>\u2013 echilibrul perfect \u00eentre detaliu vizual \u0219i c\u00e2mp de lucru generos.<\/li>\n<li><strong>Tehnologie TTL<\/strong> \u2013 imagine clar\u0103 \u0219i aliniere exact\u0103, f\u0103r\u0103 distorsiuni.<\/li>\n<li><strong>Materiale ultrau\u0219oare \u0219i antialergice<\/strong> \u2013 confort ridicat \u0219i rezisten\u021b\u0103 \u00een timp.<\/li>\n<li><strong>Design sportiv \u0219i modern<\/strong> \u2013 fixare stabil\u0103, f\u0103r\u0103 presiune, ideal\u0103 pentru utilizare \u00eendelungat\u0103.<\/li>\n<li><strong>Posibilitate de corec\u021bie optic\u0103 personalizat\u0103 <\/strong>\u2013 compatibilitate cu lentile ZEISS.<\/li>\n<li><strong>Accesorii premium<\/strong> \u2013 compatibilitate cu iluminare starLight pentru un c\u00e2mp de lucru perfect iluminat.<\/li>\n<\/ul>\n<h3 style=\"font-weight: 400;\"><strong>Beneficii pentru medici:<\/strong><\/h3>\n<ul style=\"font-weight: 400;\">\n<li><strong>Vizibilitate \u00eembun\u0103t\u0103\u021bit\u0103<\/strong> \u2013 c\u00e2mp vizual larg \u0219i claritate superioar\u0103 pentru o precizie mai mare \u00een diagnostic \u0219i tratament.<\/li>\n<li><strong>Postur\u0103 ergonomic\u0103<\/strong> \u2013 reduce tensiunea cervical\u0103 \u0219i oboseala ocular\u0103 \u00een timpul lucrului.<\/li>\n<li><strong>Greutate redus\u0103 \u0219i confort sporit<\/strong> \u2013 ideale pentru utilizare zilnic\u0103.<\/li>\n<li><strong>Eficien\u021b\u0103 crescut\u0103 <\/strong>\u2013 vizualizarea detaliilor fine minimizeaz\u0103 riscul de erori \u0219i accelereaz\u0103 procedurile.<\/li>\n<li><strong>Accesibilitate <\/strong>\u2013 o alegere excelent\u0103 pentru medicii care doresc s\u0103 experimenteze avantajele opticii profesionale la un raport calitate-pre\u021b excelent.<\/li>\n<\/ul>\n<h3 style=\"font-weight: 400;\"><strong>Beneficii pentru pacien\u021bi<\/strong><\/h3>\n<ul style=\"font-weight: 400;\">\n<li><strong>Tratament mai precis \u0219i mai sigur<\/strong> \u2013 medicul lucreaz\u0103 cu vizibilitate sporit\u0103 \u0219i control total asupra detaliilor.<\/li>\n<li><strong>Timp mai scurt \u00een scaunul de tratament, <\/strong>datorit\u0103 eficien\u021bei crescute.<\/li>\n<li><strong>\u00cencredere mai mare \u00een actul medical, <\/strong>datorit\u0103 utiliz\u0103rii unui echipament modern \u0219i profesional.<\/li>\n<\/ul>\n<p style=\"font-weight: 400;\">\n","protected":false},"excerpt":{"rendered":"<p style=\"font-weight: 400;\">Cu o zoom de 2.5x, lupele chirurgicale StarVision ST 2.5 ofer\u0103 un c\u00e2mp vizual generos \u0219i o imagine clar\u0103, luminoas\u0103 \u0219i nedistorsionat\u0103, permi\u021b\u00e2nd medicului s\u0103 observe detalii care fac diferen\u021ba \u00een protocoalele de diagnosticare \u0219i tratament. U\u0219oare, confortabile, ergonomice \u0219i accesibile, aceste lupe sunt concepute pentru a \u00eembun\u0103t\u0103\u021bi vizibilitatea \u0219i precizia \u00een activitatea medical\u0103 de zi cu zi. StarVision este gama <em>entry level <\/em>de la StarMed care pune accent pe accesibilitate, confort \u0219i durabilitate, oferind fiabilitate\u00a0la un raport calitate\u2013pre\u021b excelent. Reprezint\u0103 o op\u021biune pentru medicii care fac primii pa\u0219i \u00een lumea opticii profesionale.<\/p>\n","protected":false},"featured_media":10697,"comment_status":"open","ping_status":"closed","template":"","meta":{"_kad_blocks_custom_css":"","_kad_blocks_head_custom_js":"","_kad_blocks_body_custom_js":"","_kad_blocks_footer_custom_js":"","_kadence_starter_templates_imported_post":false,"_kad_post_transparent":"default","_kad_post_title":"","_kad_post_layout":"default","_kad_post_sidebar_id":"","_kad_post_content_style":"default","_kad_post_vertical_padding":"default","_kad_post_feature":"","_kad_post_feature_position":"","_kad_post_header":false,"_kad_post_footer":false,"_kad_post_classname":""},"product_brand":[430],"product_cat":[54,368],"product_tag":[470],"product_partner":[],"class_list":{"0":"post-10696","1":"product","2":"type-product","3":"status-publish","4":"has-post-thumbnail","6":"product_brand-starmed","7":"product_cat-echipamente-stomatologice","8":"product_cat-lupe-stomatologice","9":"product_tag-preorder","11":"first","12":"instock","13":"taxable","14":"shipping-taxable","15":"purchasable","16":"product-type-simple","17":"entry","18":"content-bg","19":"loop-entry"},"taxonomy_info":{"product_brand":[{"value":430,"label":"Starmed"}],"product_cat":[{"value":54,"label":"Echipamente Stomatologice"},{"value":368,"label":"Lupe Stomatologice"}],"product_tag":[{"value":470,"label":"#preorder"}]},"featured_image_src_large":["https:\/\/gursk.ro\/shop\/wp-content\/uploads\/2026\/01\/Lupe-chirurgicale-StarVision-ST-2.5\u2013Sydney\u2013Model-A.jpg",720,720,false],"author_info":[],"comment_info":0,"_links":{"self":[{"href":"https:\/\/gursk.ro\/shop\/wp-json\/wp\/v2\/product\/10696","targetHints":{"allow":["GET"]}}],"collection":[{"href":"https:\/\/gursk.ro\/shop\/wp-json\/wp\/v2\/product"}],"about":[{"href":"https:\/\/gursk.ro\/shop\/wp-json\/wp\/v2\/types\/product"}],"replies":[{"embeddable":true,"href":"https:\/\/gursk.ro\/shop\/wp-json\/wp\/v2\/comments?post=10696"}],"version-history":[{"count":1,"href":"https:\/\/gursk.ro\/shop\/wp-json\/wp\/v2\/product\/10696\/revisions"}],"predecessor-version":[{"id":10698,"href":"https:\/\/gursk.ro\/shop\/wp-json\/wp\/v2\/product\/10696\/revisions\/10698"}],"wp:featuredmedia":[{"embeddable":true,"href":"https:\/\/gursk.ro\/shop\/wp-json\/wp\/v2\/media\/10697"}],"wp:attachment":[{"href":"https:\/\/gursk.ro\/shop\/wp-json\/wp\/v2\/media?parent=10696"}],"wp:term":[{"taxonomy":"product_brand","embeddable":true,"href":"https:\/\/gursk.ro\/shop\/wp-json\/wp\/v2\/product_brand?post=10696"},{"taxonomy":"product_cat","embeddable":true,"href":"https:\/\/gursk.ro\/shop\/wp-json\/wp\/v2\/product_cat?post=10696"},{"taxonomy":"product_tag","embeddable":true,"href":"https:\/\/gursk.ro\/shop\/wp-json\/wp\/v2\/product_tag?post=10696"},{"taxonomy":"product_partner","embeddable":true,"href":"https:\/\/gursk.ro\/shop\/wp-json\/wp\/v2\/product_partner?post=10696"}],"curies":[{"name":"wp","href":"https:\/\/api.w.org\/{rel}","templated":true}]}}