{"id":10670,"date":"2026-01-26T13:49:22","date_gmt":"2026-01-26T10:49:22","guid":{"rendered":"https:\/\/gursk.ro\/shop\/?post_type=product&#038;p=10670"},"modified":"2026-01-26T13:52:24","modified_gmt":"2026-01-26T10:52:24","slug":"lupe-chirurgicale-zeiss-eyemag-pro-f-3-2-5-0","status":"publish","type":"product","link":"https:\/\/gursk.ro\/shop\/produs\/lupe-chirurgicale-zeiss-eyemag-pro-f-3-2-5-0\/","title":{"rendered":"Lupe chirurgicale ZEISS EyeMag Pro F 3.2-5.0"},"content":{"rendered":"<p style=\"font-weight: 400;\">Gama <strong>EyeMag Pro<\/strong> de la <strong>ZEISS<\/strong> reprezint\u0103 standardul de excelen\u021b\u0103 \u00een optica medical\u0103, fiind conceput\u0103 pentru a oferi <strong>imagine clar\u0103, tridimensional\u0103 (stereoscopic\u0103)<\/strong> \u0219i <strong>vizualizarea celor mai fine structuri<\/strong> \u00een timpul interven\u021biilor de precizie. Modelul <strong>EyeMag Pro F 3.2\u20135.0<\/strong> permite <strong>alegerea individual\u0103 a nivelului de magnifica\u021bie \u0219i a distan\u021bei de lucru<\/strong>, oferind medicului un instrument perfect adaptat cerin\u021belor proprii.<\/p>\n<p>&nbsp;<\/p>\n<p style=\"font-weight: 400;\">Sistemul optic <strong>flip-up<\/strong> ofer\u0103 <strong>flexibilitate total\u0103<\/strong> \u2013 medicul poate ridica rapid lup\u0103 atunci c\u00e2nd nu este necesar\u0103, f\u0103r\u0103 a o scoate, men\u021bin\u00e2nd astfel fluxul natural al muncii.<br \/>\nRama <strong>ZEISS Titanium<\/strong>, disponibil\u0103 \u00een m\u0103rimi multiple (50-18, 53-20, 56-18), combin\u0103 <strong>rezisten\u021ba, flexibilitatea \u0219i greutatea redus\u0103<\/strong> specifice titanului, garant\u00e2nd <strong>stabilitate \u0219i confort<\/strong> \u00een timpul utiliz\u0103rii prelungite.<\/p>\n<p>&nbsp;<\/p>\n<p style=\"font-weight: 400;\">Optica ZEISS ofer\u0103 o <strong>imagine luminoas\u0103, detaliat\u0103 \u0219i f\u0103r\u0103 distorsiuni<\/strong>, cu o <strong>ad\u00e2ncime de c\u00e2mp impresionant\u0103<\/strong>, care faciliteaz\u0103 lucrul de fine\u021be \u00een stomatologie, chirurgie sau microchirurgie.<br \/>\nLentilele de protec\u021bie pot fi \u00eenlocuite, iar pentru utilizatorii cu dioptrii se pot integra <strong>lentile de corec\u021bie ZEISS<\/strong>, personalizate.<br \/>\nOp\u021bional, sistemul poate fi echipat cu <strong>iluminare starLight cu adaptor<\/strong>, pentru o lumin\u0103 focalizat\u0103 \u0219i uniform\u0103 \u00een zona de lucru.<\/p>\n<p>&nbsp;<\/p>\n<p style=\"font-weight: 400;\">Fiecare sistem <strong>ZEISS EyeMag Pro F<\/strong> este <strong>configurat individual<\/strong>, \u00een func\u021bie de <strong>nevoile, distan\u021ba de lucru \u0219i preferin\u021bele medicului<\/strong>. Produsul final este compus din:<\/p>\n<ul style=\"font-weight: 400;\">\n<li>un <strong>sistem optic flip-up<\/strong> reglabil, pentru <strong>claritate tridimensional\u0103 \u0219i flexibilitate \u00een utilizare<\/strong>;<\/li>\n<li>o <strong>ram\u0103 din titan ZEISS<\/strong>, disponibil\u0103 \u00een mai multe m\u0103rimi, ce ofer\u0103 <strong>stabilitate \u0219i confort ergonomic<\/strong>;<\/li>\n<li><strong>lentile de protec\u021bie sau corec\u021bie ZEISS<\/strong>, personalizabile \u00een func\u021bie de prescrip\u021bia optic\u0103 a utilizatorului;<\/li>\n<li><strong>accesorii op\u021bionale<\/strong>, precum sistemul de <strong>iluminare starLight<\/strong> cu adaptor, pentru <strong>vizibilitate perfect\u0103 \u00een orice condi\u021bii de lumin\u0103<\/strong>.<\/li>\n<\/ul>\n<h3 style=\"font-weight: 400;\"><strong>Diferen\u021biatori cheie pentru lupele chirurgicale ZEISS EyeMag Pro F 3.2-5.0:<\/strong><\/h3>\n<ul style=\"font-weight: 400;\">\n<li><strong>Sistem flip-up profesional<\/strong>, care permite comutarea rapid\u0103 \u00eentre modurile de vizualizare.<\/li>\n<li><strong>Magnifica\u021bie reglabil\u0103 \u00eentre 3.2\u00d7 \u0219i 5.0\u00d7<\/strong>, adaptabil\u0103 tipului de interven\u021bie.<\/li>\n<li><strong>Optic\u0103 stereoscopic\u0103 ZEISS<\/strong> \u2013 imagine tridimensional\u0103, clar\u0103 \u0219i luminoas\u0103.<\/li>\n<li><strong>Rama din titan de \u00eenalt\u0103 calitate<\/strong>, ultrau\u0219oar\u0103, flexibil\u0103 \u0219i durabil\u0103.<\/li>\n<li><strong>14 combina\u021bii optice disponibile<\/strong>, pentru personalizare complet\u0103 a c\u00e2mpului vizual.<\/li>\n<li><strong>Compatibilitate cu lentile ZEISS de corec\u021bie<\/strong> \u2013 pentru medici cu prescrip\u021bii optice.<\/li>\n<li><strong>Accesorii premium<\/strong> \u2013 iluminare <em>starLight<\/em> pentru vizibilitate optim\u0103.<\/li>\n<\/ul>\n<h3 style=\"font-weight: 400;\"><strong>Beneficii pentru medici:<\/strong><\/h3>\n<ul style=\"font-weight: 400;\">\n<li><strong>Precizie maxim\u0103 \u0219i detaliu vizual superior<\/strong>, datorit\u0103 opticii stereoscopice ZEISS.<\/li>\n<li><strong>Postur\u0103 ergonomic\u0103 natural\u0103<\/strong>, ce reduce oboseala ocular\u0103 \u0219i tensiunea cervical\u0103.<\/li>\n<li><strong>Flexibilitate total\u0103<\/strong> \u2013 sistemul flip-up permite ajustare rapid\u0103 \u00eentre modurile de lucru.<\/li>\n<li><strong>Performan\u021b\u0103 adaptat\u0103 nevoilor individuale<\/strong>, prin magnifica\u021bie \u0219i distan\u021b\u0103 de lucru personalizabile.<\/li>\n<li><strong>Confort sporit<\/strong>, oferit de rama din titan, u\u0219oar\u0103 \u0219i rezistent\u0103.<\/li>\n<li><strong>Durabilitate excelent\u0103<\/strong>, datorit\u0103 materialelor premium \u0219i finisajelor de \u00eenalt\u0103 precizie.<\/li>\n<\/ul>\n<h3 style=\"font-weight: 400;\"><strong>\u00a0<\/strong><strong>Beneficii pentru pacien\u021bi:<\/strong><\/h3>\n<ul style=\"font-weight: 400;\">\n<li><strong>Tratament mai sigur \u0219i mai precis<\/strong>, datorit\u0103 vizualiz\u0103rii detaliilor fine de c\u0103tre medic.<\/li>\n<li><strong>Reducerea timpului de interven\u021bie<\/strong> \u0219i <strong>cre\u0219terea eficien\u021bei<\/strong> procedurilor.<\/li>\n<li><strong>Rezultate estetice \u0219i func\u021bionale superioare<\/strong>, ob\u021binute prin control vizual total.<\/li>\n<li><strong>\u00cencredere sporit\u0103<\/strong>, asociat\u0103 utiliz\u0103rii echipamentelor ZEISS \u2013 un standard global \u00een optic\u0103 medical\u0103.<\/li>\n<\/ul>\n<p style=\"font-weight: 400;\">\n","protected":false},"excerpt":{"rendered":"<p>Lupele chirurgicale ZEISS EyeMag Pro F 3.2\u20135.0 ofer\u0103 claritate stereoscopic\u0103 excep\u021bional\u0103 \u0219i precizie \u00een redarea celor mai fine detalii anatomice, permi\u021b\u00e2nd medicului s\u0103 lucreze cu o acurate\u021be superioar\u0103. Cu o magnifica\u021bie variabil\u0103 \u00eentre 3.2\u00d7 \u0219i 5.0\u00d7 \u0219i un sistem optic flip-up montat pe o ram\u0103 din titan de \u00eenalt\u0103 calitate, aceste lupe sunt create pentru profesioni\u0219tii care cer performan\u021b\u0103 maxim\u0103, flexibilitate \u0219i confort ergonomic.<\/p>\n","protected":false},"featured_media":10677,"comment_status":"open","ping_status":"closed","template":"","meta":{"_kad_blocks_custom_css":"","_kad_blocks_head_custom_js":"","_kad_blocks_body_custom_js":"","_kad_blocks_footer_custom_js":"","_kadence_starter_templates_imported_post":false,"_kad_post_transparent":"default","_kad_post_title":"","_kad_post_layout":"default","_kad_post_sidebar_id":"","_kad_post_content_style":"default","_kad_post_vertical_padding":"default","_kad_post_feature":"","_kad_post_feature_position":"","_kad_post_header":false,"_kad_post_footer":false,"_kad_post_classname":""},"product_brand":[430],"product_cat":[54,368],"product_tag":[470],"product_partner":[],"class_list":{"0":"post-10670","1":"product","2":"type-product","3":"status-publish","4":"has-post-thumbnail","6":"product_brand-starmed","7":"product_cat-echipamente-stomatologice","8":"product_cat-lupe-stomatologice","9":"product_tag-preorder","11":"first","12":"instock","13":"taxable","14":"shipping-taxable","15":"purchasable","16":"product-type-simple","17":"entry","18":"content-bg","19":"loop-entry"},"taxonomy_info":{"product_brand":[{"value":430,"label":"Starmed"}],"product_cat":[{"value":54,"label":"Echipamente Stomatologice"},{"value":368,"label":"Lupe Stomatologice"}],"product_tag":[{"value":470,"label":"#preorder"}]},"featured_image_src_large":["https:\/\/gursk.ro\/shop\/wp-content\/uploads\/2026\/01\/Lupe-chirurgicale-ZEISS-EyeMag-Pro-F-3.2-5.0.jpg",720,720,false],"author_info":[],"comment_info":0,"_links":{"self":[{"href":"https:\/\/gursk.ro\/shop\/wp-json\/wp\/v2\/product\/10670","targetHints":{"allow":["GET"]}}],"collection":[{"href":"https:\/\/gursk.ro\/shop\/wp-json\/wp\/v2\/product"}],"about":[{"href":"https:\/\/gursk.ro\/shop\/wp-json\/wp\/v2\/types\/product"}],"replies":[{"embeddable":true,"href":"https:\/\/gursk.ro\/shop\/wp-json\/wp\/v2\/comments?post=10670"}],"version-history":[{"count":0,"href":"https:\/\/gursk.ro\/shop\/wp-json\/wp\/v2\/product\/10670\/revisions"}],"wp:featuredmedia":[{"embeddable":true,"href":"https:\/\/gursk.ro\/shop\/wp-json\/wp\/v2\/media\/10677"}],"wp:attachment":[{"href":"https:\/\/gursk.ro\/shop\/wp-json\/wp\/v2\/media?parent=10670"}],"wp:term":[{"taxonomy":"product_brand","embeddable":true,"href":"https:\/\/gursk.ro\/shop\/wp-json\/wp\/v2\/product_brand?post=10670"},{"taxonomy":"product_cat","embeddable":true,"href":"https:\/\/gursk.ro\/shop\/wp-json\/wp\/v2\/product_cat?post=10670"},{"taxonomy":"product_tag","embeddable":true,"href":"https:\/\/gursk.ro\/shop\/wp-json\/wp\/v2\/product_tag?post=10670"},{"taxonomy":"product_partner","embeddable":true,"href":"https:\/\/gursk.ro\/shop\/wp-json\/wp\/v2\/product_partner?post=10670"}],"curies":[{"name":"wp","href":"https:\/\/api.w.org\/{rel}","templated":true}]}}