{"id":10464,"date":"2026-01-23T12:16:59","date_gmt":"2026-01-23T09:16:59","guid":{"rendered":"https:\/\/gursk.ro\/shop\/?page_id=10464"},"modified":"2026-03-04T12:23:18","modified_gmt":"2026-03-04T09:23:18","slug":"politica-de-administrare-a-modulelor-cookie-in-cadrul-paginii-web","status":"publish","type":"page","link":"https:\/\/gursk.ro\/shop\/politica-de-administrare-a-modulelor-cookie-in-cadrul-paginii-web\/","title":{"rendered":"Politica de administrare a modulelor cookie \u00een cadrul paginii web"},"content":{"rendered":"\n<p>\u00cen vederea functionalit\u0103\u021bii optime a prezentului site este necesar\u0103 utilizarea tehnologiei de tip \u201ccookie\u201d. Aceast\u0103 tehnologie permite stocarea unor date \u00een dispozitivul dumneavoastr\u0103 \u00een momentul \u00een care este accesat un site web printr-o conexiune la internet. Acest tip de informa\u021bie cookie poate fi considerat un \u201cstegule\u021b\u201d aflat local \u00een dispozitivul dvs. pe care pagina web \u00eel recunoa\u0219te \u0219i poate optimiza afi\u0219area \u0219i func\u021bionalitatea \u00een mod personalizat. Este foarte important de \u0219tiut ca un cookie este un tip de data digital\u0103 complet pasiv \u0219i care nu execut\u0103 sau ruleaz\u0103 nici un fel de program software (nu este un virus sau orice alt tip de soft r\u0103u inten\u021bionat \u0219i nu poate accesa informa\u021biile pe care dumneavostr\u0103 le stoca\u021bi \u00een calculator).<\/p>\n\n\n\n<p>Pagina web pe care o de\u021binem va prelucra cookie doar cu acordul dumneavoastr\u0103 expres. \u00cen cazul \u00een care dori\u021bi s\u0103 v\u0103 retrage\u021bi acordul de a folosi cookie v\u0103 rug\u0103m s\u0103 efectua\u021bi set\u0103rile necesare \u00een cadrul browserului dumneavostr\u0103; totu\u0219i \u00een acest caz v\u0103 inform\u0103m ca unele caracteristici prezente \u00een cadrul paginii web nu vor putea func\u021biona corespunzator.<\/p>\n\n\n\n<p>Acest tip de fi\u0219ier descris mai sus recunoa\u0219te terminalul utilizatorului prezentului site, ajut\u00e2nd ca informa\u021bia con\u021binut\u0103 la nivel de pagina web s\u0103 fie prezentat\u0103 \u00eentr-un mod c\u00e2t mai relevant \u0219i cel mai important, adaptat la preferin\u021bele utilizatorului. Cookie-urile sunt necesare \u00een vederea asigur\u0103rii utilizatorilor un serviciu confortabil \u0219i o experien\u021b\u0103 de navigare placut\u0103.<br>Aceasta politic\u0103 de utilizare a modulelor cookie este \u00een acord cu Regulamentul UE 2016\/679 privind protec\u021bia datelor cu caracter personal. Pentru mai multe detalii privind drepturile dumneavostra accesati&nbsp;<a href=\"https:\/\/gurskmedica.ro\/infocenter\/confidentialitate\" target=\"_blank\" rel=\"noreferrer noopener\">politica de confiden\u021bialitate<\/a><\/p>\n\n\n\n<p>C\u00e2teva exemple relevante \u00een vederea folosirii de cookie:<\/p>\n\n\n\n<ul class=\"wp-block-list\">\n<li>Prezentarea de con\u021binut \u0219i servicii relevante utilizatorului<\/li>\n\n\n\n<li>Colectarea de informa\u021bii anonime (cum ar fi c\u00e2\u021bi utilizatori au vizitat site-ul \u0219i care sunt paginile de interes) \u00een vederea gener\u0103rii de rapoarte necesare \u00eembun\u0103t\u0103\u021birii paginii web<\/li>\n\n\n\n<li>Sunt foarte practice \u00een a re\u021bine set\u0103rile dumneavoastr\u0103 la nivel de site (cum ar fi limba site-ului, sau alte personaliz\u0103ri unice)<\/li>\n\n\n\n<li>Poate controla manipularea resurselor \u00een vederea optimiz\u0103rii vitezei de \u00eenc\u0103rcare a paginii web<\/li>\n\n\n\n<li>Re\u021binerea datelor de \u00eenregistrare pe o pagina web se face tot datorit\u0103 set\u0103rilor de tip cookie<\/li>\n\n\n\n<li>Datele de tip cookie se \u00eempart \u00een mai multe categorii, dup\u0103 cum urmeaz\u0103:<\/li>\n\n\n\n<li>Dup\u0103 perioada de via\u021b\u0103: cookie de sesiune \u0219i cookie fix<\/li>\n\n\n\n<li>Dup\u0103 scopul folosirii: cookie esen\u021bial sau strict necesar, cookie de performan\u021b\u0103, cookie de functionalitate, cookie de targetare<\/li>\n\n\n\n<li>\u00cen cadrul acestui site sunt folosite mai multe categorii din cele enumerate mai sus. Pentru o \u00een\u021belegere mai bun\u0103 a acestor tipuri de date consulta\u021bi urm\u0103toarele explica\u021bii:<\/li>\n\n\n\n<li>Cookie de sesiune reprezint\u0103 acele tipuri de date digitale care este activ doar at\u00e2ta timp c\u00e2t dumneavoastr\u0103 folosi\u021bi pagina web<\/li>\n\n\n\n<li>Cookie permanent reprezint\u0103 acele tipuri de date digitale care este stocat \u00een dispozitivul dumneavoastr\u0103 p\u00e2n\u0103 \u00een momentul \u0219tergerii manuale din set\u0103rile browserului<\/li>\n\n\n\n<li>Cookie esen\u021bial reprezint\u0103 acele tipuri de date digitale care garanteaz\u0103 func\u021bionarea siteului<\/li>\n\n\n\n<li>Cookie de performan\u021b\u0103 reprezint\u0103 acele tipuri de date digitale care furnizeaz\u0103 informa\u021bii \u0219i statistici despre performan\u021ba site-ului, ca de exemplu: num\u0103rul vizitelor zilnice sau unice, sursele de trafic, \u0219amd<\/li>\n\n\n\n<li>Cookie de func\u021bionalitate reprezint\u0103 acele tipuri de date digitale care memoreaz\u0103 set\u0103rile utilizatorului pe care acesta le face \u00een ceea ce prive\u0219te pagina web (de exemplu limba de afi\u0219are sau dimensiunea fontului) \u0219i au ca scop oferirea de experien\u021be c\u00e2t mai personalizate<\/li>\n\n\n\n<li>Cookie de targetare reprezint\u0103 acele tipuri de date digitale care sunt folosite in vederea oferirii de publicitate preferen\u021bial\u0103 sau \u00een cazul leg\u0103turilor cu anumite platforme de tip social. Este bine de \u0219tiut c\u0103, \u00een cazul dezactiv\u0103rii sau a refuz\u0103rii acestui tip de cookie nu bloca\u021bi publicitatea la nivelul site-ului ci doar bloca\u021bi furnizarea de publicitate care \u021bine cont de preferin\u021bele \u0219i interesele dumneavoastr\u0103.<\/li>\n<\/ul>\n\n\n\n<p>Pentru o mai bun\u0103 \u00een\u021belegere a a modulelor cookie folosite de acest site pute\u021bi consulta tabelul de module cookie active \u00een cadrul acestei pagini web.<br>Toate tipurile de cookie prezentate anterior por fi completate de a\u0219a zisele \u201cthird- part cookies\u201d sau cookie ce apar\u021bin companiilor partenere ter\u021be.<br>Datele de tip personal care sunt preluate \u00een momentul folosirii tehnologiei de tip cookie sunt criptate \u00een vederea bloc\u0103rii accesului neautorizat la ele; cu toate acestea men\u021bion\u0103m c\u0103 datele cu caracter personal cum ar fi numele sau detaliile bancare nu au scopul folosirii modulelor cookie.<\/p>\n\n\n\n<p>\u00cen cazul in care ave\u021bi orice fel de \u00eentreb\u0103ri referitoare la protec\u021bia datelor cu caracter personal, politica de cookie sau orice informa\u021bie de pe pagina noastr\u0103 web nu ezita\u021bi s\u0103 ne contacta\u021bi.<\/p>\n","protected":false},"excerpt":{"rendered":"<p>\u00cen vederea functionalit\u0103\u021bii optime a prezentului site este necesar\u0103 utilizarea tehnologiei de tip \u201ccookie\u201d. Aceast\u0103 tehnologie permite stocarea unor date \u00een dispozitivul dumneavoastr\u0103 \u00een momentul \u00een care este accesat un site web printr-o conexiune la internet. Acest tip de informa\u021bie cookie poate fi considerat un \u201cstegule\u021b\u201d aflat local \u00een dispozitivul dvs. pe care pagina web&#8230;<\/p>\n","protected":false},"author":2,"featured_media":0,"parent":0,"menu_order":0,"comment_status":"closed","ping_status":"closed","template":"","meta":{"_kad_blocks_custom_css":"","_kad_blocks_head_custom_js":"","_kad_blocks_body_custom_js":"","_kad_blocks_footer_custom_js":"","_kadence_starter_templates_imported_post":false,"_kad_post_transparent":"","_kad_post_title":"show","_kad_post_layout":"normal","_kad_post_sidebar_id":"","_kad_post_content_style":"","_kad_post_vertical_padding":"","_kad_post_feature":"","_kad_post_feature_position":"","_kad_post_header":false,"_kad_post_footer":false,"_kad_post_classname":"","footnotes":""},"class_list":["post-10464","page","type-page","status-publish","hentry"],"taxonomy_info":[],"featured_image_src_large":false,"author_info":{"display_name":"gursk","author_link":"https:\/\/gursk.ro\/shop\/author\/gursk\/"},"comment_info":0,"_links":{"self":[{"href":"https:\/\/gursk.ro\/shop\/wp-json\/wp\/v2\/pages\/10464","targetHints":{"allow":["GET"]}}],"collection":[{"href":"https:\/\/gursk.ro\/shop\/wp-json\/wp\/v2\/pages"}],"about":[{"href":"https:\/\/gursk.ro\/shop\/wp-json\/wp\/v2\/types\/page"}],"author":[{"embeddable":true,"href":"https:\/\/gursk.ro\/shop\/wp-json\/wp\/v2\/users\/2"}],"replies":[{"embeddable":true,"href":"https:\/\/gursk.ro\/shop\/wp-json\/wp\/v2\/comments?post=10464"}],"version-history":[{"count":1,"href":"https:\/\/gursk.ro\/shop\/wp-json\/wp\/v2\/pages\/10464\/revisions"}],"predecessor-version":[{"id":10465,"href":"https:\/\/gursk.ro\/shop\/wp-json\/wp\/v2\/pages\/10464\/revisions\/10465"}],"wp:attachment":[{"href":"https:\/\/gursk.ro\/shop\/wp-json\/wp\/v2\/media?parent=10464"}],"curies":[{"name":"wp","href":"https:\/\/api.w.org\/{rel}","templated":true}]}}